{"id":3292,"date":"2025-04-22T11:58:01","date_gmt":"2025-04-22T09:58:01","guid":{"rendered":"https:\/\/aaxetitresservices.kinsta.cloud\/empleado\/"},"modified":"2025-08-19T16:08:07","modified_gmt":"2025-08-19T14:08:07","slug":"empleado","status":"publish","type":"page","link":"https:\/\/www.aaxe.be\/es\/empleado\/","title":{"rendered":"Empleado"},"content":{"rendered":"<section class=\"l-section wpb_row height_auto\"><div class=\"l-section-h i-cf\"><div class=\"g-cols vc_row via_flex valign_top type_default stacking_default\"><div class=\"vc_col-sm-12 wpb_column vc_column_container\"><div class=\"vc_column-inner\"><div class=\"wpb_wrapper\"><\/div><\/div><\/div><\/div><\/div><\/section><section class=\"l-section wpb_row height_auto\"><div class=\"l-section-h i-cf\"><div class=\"g-cols vc_row via_flex valign_top type_default stacking_default\"><div class=\"vc_col-sm-12 wpb_column vc_column_container\"><div class=\"vc_column-inner\"><div class=\"wpb_wrapper\"><\/div><\/div><\/div><\/div><\/div><\/section><section class=\"l-section wpb_row height_large\"><div class=\"l-section-h i-cf\"><div class=\"g-cols vc_row via_flex valign_top type_default stacking_default\"><div class=\"vc_col-sm-12 wpb_column vc_column_container\"><div class=\"vc_column-inner\"><div class=\"wpb_wrapper\"><div class=\"wpb_text_column tagtext left\"><div class=\"wpb_wrapper\"><p style=\"text-align: left;\">TRABAJAR EN AAXE TITRES-SERVICES<\/p>\n<\/div><\/div><div class=\"w-separator size_small\"><\/div><div class=\"wpb_text_column us_custom_9eee4631\"><div class=\"wpb_wrapper\"><h2 style=\"text-align: left;\">\u00bfTe gustar\u00eda unirte a un equipo<strong>din\u00e1mico y multiling\u00fce<\/strong><br \/><strong>?<\/strong><\/h2>\n<\/div><\/div><div class=\"w-separator size_small\"><\/div><div class=\"g-cols wpb_row via_flex valign_top type_default stacking_default\"><div class=\"vc_col-sm-6 wpb_column vc_column_container\"><div class=\"vc_column-inner\"><div class=\"wpb_wrapper\"><div class=\"wpb_text_column us_custom_f2746f9a has_text_color\"><div class=\"wpb_wrapper\"><h3>Empleado en Aaxe<\/h3>\n<\/div><\/div><div class=\"w-separator size_small\"><\/div><div class=\"wpb_text_column\"><div class=\"wpb_wrapper\"><p>\u00danete a nuestro equipo multiling\u00fce, ofrecemos un entorno de trabajo estable, oportunidades de desarrollo y un ambiente din\u00e1mico.<\/p>\n<ul>\n<li><span> <\/span>Un trabajo estable y estructurado.<\/li>\n<li><span> <\/span>Apoyo y formaci\u00f3n.<\/li>\n<li><span> <\/span>Un equipo profesional y comprometido.<\/li>\n<\/ul>\n<\/div><\/div><div class=\"w-separator size_small\"><\/div><div class=\"w-btn-wrapper align_none\"><a class=\"w-btn us-btn-style_1\" href=\"https:\/\/www.aaxe.be\/emploi\/employe\/\"><span class=\"w-btn-label\">M\u00e1s informaci\u00f3n<\/span><\/a><\/div><\/div><\/div><\/div><div class=\"vc_col-sm-6 wpb_column vc_column_container\"><div class=\"vc_column-inner\"><div class=\"wpb_wrapper\"><div class=\"wpb_text_column us_custom_f2746f9a has_text_color\"><div class=\"wpb_wrapper\"><h3>Empleada del hogar en Aaxe<\/h3>\n<\/div><\/div><div class=\"w-separator size_small\"><\/div><div class=\"wpb_text_column\"><div class=\"wpb_wrapper\"><p>\u00danete a un equipo que valora tu trabajo. Te garantizamos un trabajo seguro, apoyo personalizado y condiciones adaptadas a tu ritmo. <\/p>\n<ul>\n<li><span> <\/span>Planificaci\u00f3n organizada y flexible.<\/li>\n<li><span> <\/span>Agencias multiling\u00fces.<\/li>\n<li><span> <\/span>Un marco jur\u00eddico claro y seguro<\/li>\n<li>Las ventajas: vales de comida, gratificaci\u00f3n de fin de a\u00f1o, vales ecol\u00f3gicos, etc.<\/li>\n<\/ul>\n<\/div><\/div><div class=\"w-separator size_small\"><\/div><div class=\"w-btn-wrapper align_none\"><a class=\"w-btn us-btn-style_1\" href=\"https:\/\/www.aaxe.be\/emploi\/ouvrier\/\"><span class=\"w-btn-label\">M\u00e1s informaci\u00f3n<\/span><\/a><\/div><\/div><\/div><\/div><\/div><\/div><\/div><\/div><\/div><\/div><\/section>\n","protected":false},"excerpt":{"rendered":"TRABAJAR EN AAXE TITRES-SERVICES \u00bfTe gustar\u00eda unirte a un equipodin\u00e1mico y multiling\u00fce? Empleado en Aaxe \u00danete a nuestro equipo multiling\u00fce, ofrecemos un entorno de trabajo estable, oportunidades de desarrollo y un ambiente din\u00e1mico. Un trabajo estable y estructurado. Apoyo y formaci\u00f3n. Un equipo profesional y comprometido. M\u00e1s informaci\u00f3n Empleada del hogar en Aaxe \u00danete a...","protected":false},"author":1,"featured_media":0,"parent":0,"menu_order":4,"comment_status":"closed","ping_status":"closed","template":"","meta":{"_acf_changed":false,"footnotes":""},"class_list":["post-3292","page","type-page","status-publish","hentry"],"acf":[],"_links":{"self":[{"href":"https:\/\/www.aaxe.be\/es\/wp-json\/wp\/v2\/pages\/3292","targetHints":{"allow":["GET"]}}],"collection":[{"href":"https:\/\/www.aaxe.be\/es\/wp-json\/wp\/v2\/pages"}],"about":[{"href":"https:\/\/www.aaxe.be\/es\/wp-json\/wp\/v2\/types\/page"}],"author":[{"embeddable":true,"href":"https:\/\/www.aaxe.be\/es\/wp-json\/wp\/v2\/users\/1"}],"replies":[{"embeddable":true,"href":"https:\/\/www.aaxe.be\/es\/wp-json\/wp\/v2\/comments?post=3292"}],"version-history":[{"count":31,"href":"https:\/\/www.aaxe.be\/es\/wp-json\/wp\/v2\/pages\/3292\/revisions"}],"predecessor-version":[{"id":4563,"href":"https:\/\/www.aaxe.be\/es\/wp-json\/wp\/v2\/pages\/3292\/revisions\/4563"}],"wp:attachment":[{"href":"https:\/\/www.aaxe.be\/es\/wp-json\/wp\/v2\/media?parent=3292"}],"curies":[{"name":"wp","href":"https:\/\/api.w.org\/{rel}","templated":true}]}}