{"id":3298,"date":"2025-04-22T11:58:00","date_gmt":"2025-04-22T09:58:00","guid":{"rendered":"https:\/\/aaxetitresservices.kinsta.cloud\/por-que-elegir-aaxe\/"},"modified":"2025-08-04T13:13:43","modified_gmt":"2025-08-04T11:13:43","slug":"por-que-elegir-aaxe","status":"publish","type":"page","link":"https:\/\/www.aaxe.be\/es\/por-que-elegir-aaxe\/","title":{"rendered":"\u00bfPor qu\u00e9 elegir Aaxe?"},"content":{"rendered":"<section class=\"l-section wpb_row height_auto\"><div class=\"l-section-h i-cf\"><div class=\"g-cols vc_row via_flex valign_top type_default stacking_default\"><div class=\"vc_col-sm-12 wpb_column vc_column_container\"><div class=\"vc_column-inner\"><div class=\"wpb_wrapper\"><\/div><\/div><\/div><\/div><\/div><\/section><section class=\"l-section wpb_row us_custom_fb36e361 imgheader height_medium with_img\"><div class=\"l-section-img\" role=\"img\" aria-label=\"Imagen\" data-img-width=\"2560\" data-img-height=\"1016\" style=\"background-image: url(https:\/\/www.aaxe.be\/wp-content\/uploads\/2025\/04\/large_IMGL7798-scaled.jpg);background-repeat: no-repeat;\"><\/div><div class=\"l-section-overlay\" style=\"background:linear-gradient(270deg, transparent 0%,rgba(54,54,54,0.3) 100%)\"><\/div><div class=\"l-section-h i-cf\"><div class=\"g-cols vc_row via_flex valign_bottom type_default stacking_default\"><div class=\"vc_col-sm-12 wpb_column vc_column_container\"><div class=\"vc_column-inner\"><div class=\"wpb_wrapper\"><div class=\"wpb_text_column us_custom_dcb699e1 has_text_color\"><div class=\"wpb_wrapper\"><h1>Bienvenido a<br \/>\nAaxe Titres-Services<\/h1>\n<\/div><\/div><\/div><\/div><\/div><\/div><\/div><\/section><section class=\"l-section wpb_row us_custom_ac8bede8 height_auto\"><div class=\"l-section-h i-cf\"><div class=\"g-cols vc_row via_flex valign_top type_default stacking_default\"><div class=\"vc_col-sm-12 wpb_column vc_column_container\"><div class=\"vc_column-inner\"><div class=\"wpb_wrapper\"><nav class=\"g-breadcrumbs separator_icon align_none\" itemscope itemtype=\"http:\/\/schema.org\/BreadcrumbList\"><div class=\"g-breadcrumbs-item\" itemscope itemprop=\"itemListElement\" itemtype=\"http:\/\/schema.org\/ListItem\"><a itemprop=\"item\" href=\"https:\/\/www.aaxe.be\/es\/\"><span itemprop=\"name\">Inicio<\/span><\/a><meta itemprop=\"position\" content=\"1\"\/><\/div><div class=\"g-breadcrumbs-separator\"><i class=\"fas fa-circle\"><\/i><\/div><div class=\"g-breadcrumbs-item\">P\u00e1ginas<\/div><\/nav><\/div><\/div><\/div><\/div><\/div><\/section><section class=\"l-section wpb_row us_custom_e11ab399 height_medium\"><div class=\"l-section-h i-cf\"><div class=\"g-cols vc_row via_flex valign_top type_default stacking_default\"><div class=\"vc_col-sm-6 vc_col-lg-5 vc_col-md-5 vc_col-xs-12 wpb_column vc_column_container\"><div class=\"vc_column-inner\"><div class=\"wpb_wrapper\"><div class=\"wpb_text_column tagtext left\"><div class=\"wpb_wrapper\"><p style=\"text-align: left;\">\u00bfPor qu\u00e9 utilizar Aaxe Titres-Services?<\/p>\n<\/div><\/div><div class=\"w-separator size_small\"><\/div><div class=\"wpb_text_column us_custom_9eee4631\"><div class=\"wpb_wrapper\"><h2 style=\"text-align: left;\">6 razones para confiar<strong> tus tareas dom\u00e9sticas a Aaxe Titres-Services<\/strong>.<\/h2>\n<\/div><\/div><div class=\"w-separator size_small\"><\/div><div class=\"wpb_text_column\"><div class=\"wpb_wrapper\"><p style=\"text-align: left;\">Elegir Aaxe significa optar por un servicio de limpieza y planchado fiable, eficaz y adaptado a tus necesidades. Descubre por qu\u00e9 miles de clientes conf\u00edan en nosotros cada d\u00eda.<\/p>\n<\/div><\/div><div class=\"w-separator size_small\"><\/div><div class=\"w-btn-wrapper align_none\"><a class=\"w-btn us-btn-style_2\" href=\"https:\/\/www.aaxe.be\/es\/por-que-elegir-aaxe\/nuestros-servicios\/\"><span class=\"w-btn-label\">Nuestros servicios<\/span><\/a><\/div><div class=\"w-btn-wrapper align_none\"><a class=\"w-btn us-btn-style_1\" href=\"https:\/\/www.aaxe.be\/es\/necesita-ayuda-domestica\/\"><span class=\"w-btn-label\">Solicite nuestros servicios<\/span><\/a><\/div><\/div><\/div><\/div><div class=\"vc_col-sm-1 vc_hidden-sm vc_hidden-xs wpb_column vc_column_container\"><div class=\"vc_column-inner\"><div class=\"wpb_wrapper\"><\/div><\/div><\/div><div class=\"vc_col-sm-6 vc_col-lg-6 vc_col-md-6 vc_col-xs-12 wpb_column vc_column_container imagesliderheight\"><div class=\"vc_column-inner us_custom_976292b0\"><div class=\"wpb_wrapper\"><div class=\"w-slider style_none fit_cover nav_dots count_3\"><div class=\"w-slider-h\" aria-hidden=\"true\"><div class=\"royalSlider\"><div class=\"rsContent\"><a class=\"rsImg\" data-rsw=\"2560\" data-rsh=\"1707\" href=\"https:\/\/www.aaxe.be\/wp-content\/uploads\/2025\/04\/IMGL7926-2-scaled.jpg\"><span data-alt=\"\"><\/span><\/a><\/div><div class=\"rsContent\"><a class=\"rsImg\" data-rsw=\"2560\" data-rsh=\"1707\" href=\"https:\/\/www.aaxe.be\/wp-content\/uploads\/2025\/04\/IMGL7568-2-scaled.jpg\"><span data-alt=\"\"><\/span><\/a><\/div><div class=\"rsContent\"><a class=\"rsImg\" data-rsw=\"2560\" data-rsh=\"1707\" href=\"https:\/\/www.aaxe.be\/wp-content\/uploads\/2025\/04\/IMGL7798-2-scaled.jpg\"><span data-alt=\"\"><\/span><\/a><\/div><\/div><img decoding=\"async\" src=\"https:\/\/www.aaxe.be\/wp-content\/uploads\/2025\/04\/IMGL7926-2-scaled.jpg\" width=\"2560\" height=\"1707\" loading=\"lazy\" alt=\"\" title=\"\"><\/div><div class=\"w-slider-json\" onclick='return {&quot;autoScaleSlider&quot;:true,&quot;addActiveClass&quot;:true,&quot;loop&quot;:true,&quot;fadeInLoadedSlide&quot;:false,&quot;slidesSpacing&quot;:0,&quot;imageScalePadding&quot;:0,&quot;numImagesToPreload&quot;:2,&quot;arrowsNav&quot;:false,&quot;arrowsNavAutoHide&quot;:false,&quot;transitionType&quot;:&quot;move&quot;,&quot;transitionSpeed&quot;:250,&quot;block&quot;:{&quot;moveEffect&quot;:&quot;none&quot;,&quot;speed&quot;:300},&quot;thumbs&quot;:{&quot;fitInViewport&quot;:false,&quot;firstMargin&quot;:false,&quot;spacing&quot;:4},&quot;controlNavigation&quot;:&quot;bullets&quot;,&quot;autoplay&quot;:{&quot;enabled&quot;:true,&quot;pauseOnHover&quot;:true,&quot;delay&quot;:3000},&quot;autoScaleSliderWidth&quot;:2560,&quot;autoScaleSliderHeight&quot;:1707}'><\/div><\/div><\/div><\/div><\/div><\/div><\/div><\/section><section class=\"l-section wpb_row greyiconboxes height_large\"><div class=\"l-section-h i-cf\"><div class=\"g-cols vc_row via_flex valign_top type_default stacking_default\" style=\"--additional-gap:5px;\"><div class=\"vc_col-sm-6 vc_col-lg-4 vc_col-md-4 vc_col-xs-12 wpb_column vc_column_container\"><div class=\"vc_column-inner\"><div class=\"wpb_wrapper\"><div class=\"w-iconbox iconpos_top style_circle color_custom align_left\"><div class=\"w-iconbox-icon\" style=\"font-size:40px;--icon-color:#6A2383;--icon-bg-color:var(--color-lavender-custom);\"><i class=\"fal fa-star\"><\/i><\/div><div class=\"w-iconbox-meta\"><h5 class=\"w-iconbox-title\"><span>1<\/span> Ayuda dom\u00e9sticacon experiencia y fiable<\/h5><div class=\"w-iconbox-text\"><p>Nuestras Empleadas del hogar son seleccionadas por su experiencia y reciben formaci\u00f3n continua. Su profesionalidad queda confirmada por la satisfacci\u00f3n de nuestros clientes.<\/p>\n<\/div><\/div><\/div><\/div><\/div><\/div><div class=\"vc_col-sm-6 vc_col-lg-4 vc_col-md-4 vc_col-xs-12 wpb_column vc_column_container\"><div class=\"vc_column-inner\"><div class=\"wpb_wrapper\"><div class=\"w-iconbox iconpos_top style_circle color_custom align_left\"><div class=\"w-iconbox-icon\" style=\"font-size:40px;--icon-color:#6A2383;--icon-bg-color:var(--color-lavender-custom);\"><i class=\"fal fa-users-class\"><\/i><\/div><div class=\"w-iconbox-meta\"><h5 class=\"w-iconbox-title\"><span>2<\/span> Formaci\u00f3n continua y perfeccionamiento<\/h5><div class=\"w-iconbox-text\"><p>A cada empleado dom\u00e9stico se le ofrece un programa completo de formaci\u00f3n (t\u00e9cnicas de Limpieza, ergonom\u00eda y planchado) cuando empieza a trabajar. Tambi\u00e9n organizamos cursos peri\u00f3dicos de reciclaje.<\/p>\n<\/div><\/div><\/div><\/div><\/div><\/div><div class=\"vc_col-sm-6 vc_col-lg-4 vc_col-md-4 vc_col-xs-12 wpb_column vc_column_container\"><div class=\"vc_column-inner\"><div class=\"wpb_wrapper\"><div class=\"w-iconbox iconpos_top style_circle color_custom align_left\"><div class=\"w-iconbox-icon\" style=\"font-size:40px;--icon-color:#6A2383;--icon-bg-color:var(--color-lavender-custom);\"><i class=\"fal fa-shield-check\"><\/i><\/div><div class=\"w-iconbox-meta\"><h5 class=\"w-iconbox-title\"><span>3<\/span> Seguridad y seguro garantizados<\/h5><div class=\"w-iconbox-text\"><p>Para tu tranquilidad, nuestras Empleadas del hogar est\u00e1n aseguradas contra accidentes laborales y cualquier da\u00f1o.<\/p>\n<\/div><\/div><\/div><\/div><\/div><\/div><div class=\"vc_col-sm-6 vc_col-lg-4 vc_col-md-4 vc_col-xs-12 wpb_column vc_column_container\"><div class=\"vc_column-inner\"><div class=\"wpb_wrapper\"><div class=\"w-iconbox iconpos_top style_circle color_custom align_left\"><div class=\"w-iconbox-icon\" style=\"font-size:40px;--icon-color:#6A2383;--icon-bg-color:var(--color-lavender-custom);\"><i class=\"fal fa-ear\"><\/i><\/div><div class=\"w-iconbox-meta\"><h5 class=\"w-iconbox-title\"><span>4<\/span> Un servicio personalizado y atento<\/h5><div class=\"w-iconbox-text\"><p>Nuestros servicios se adaptan a tus necesidades espec\u00edficas. Puedes contar con nosotros para que te proporcionemos un apoyo humano y receptivo a lo largo de toda nuestra colaboraci\u00f3n.<\/p>\n<\/div><\/div><\/div><\/div><\/div><\/div><div class=\"vc_col-sm-6 vc_col-lg-4 vc_col-md-4 vc_col-xs-12 wpb_column vc_column_container\"><div class=\"vc_column-inner\"><div class=\"wpb_wrapper\"><div class=\"w-iconbox iconpos_top style_circle color_custom align_left\"><div class=\"w-iconbox-icon\" style=\"font-size:40px;--icon-color:#6A2383;--icon-bg-color:var(--color-lavender-custom);\"><i class=\"fal fa-sitemap\"><\/i><\/div><div class=\"w-iconbox-meta\"><h5 class=\"w-iconbox-title\"><span>5<\/span> Organizaci\u00f3n rigurosa y apoyo personalizado<\/h5><div class=\"w-iconbox-text\"><p>Se te asignar\u00e1 un ayudante dom\u00e9stico. En caso de ausencia, se ofrece un sustituto cualificado para garantizar la continuidad del servicio.<\/p>\n<\/div><\/div><\/div><\/div><\/div><\/div><div class=\"vc_col-sm-6 vc_col-lg-4 vc_col-md-4 vc_col-xs-12 wpb_column vc_column_container\"><div class=\"vc_column-inner\"><div class=\"wpb_wrapper\"><div class=\"w-iconbox iconpos_top style_circle color_custom align_left\"><div class=\"w-iconbox-icon\" style=\"font-size:40px;--icon-color:#6A2383;--icon-bg-color:var(--color-lavender-custom);\"><i class=\"fal fa-lightbulb-on\"><\/i><\/div><div class=\"w-iconbox-meta\"><h5 class=\"w-iconbox-title\"><span>6<\/span> Motivaci\u00f3n y compromiso de nuestros equipos<\/h5><div class=\"w-iconbox-text\"><p>Una remuneraci\u00f3n justa y un seguimiento regular fomentan el compromiso de nuestras Empleadas del hogar, que siempre son puntuales y est\u00e1n motivadas.<\/p>\n<\/div><\/div><\/div><\/div><\/div><\/div><\/div><\/div><\/section>\n<section class=\"l-section wpb_row height_auto width_full\"><div class=\"l-section-h i-cf\"><div class=\"g-cols vc_row via_flex valign_top type_default stacking_default\"><div class=\"vc_col-sm-12 wpb_column vc_column_container\"><div class=\"vc_column-inner\"><div class=\"wpb_wrapper\"><div class=\"w-image us_custom_2d9ebfef align_none\"><div class=\"w-image-h\"><img decoding=\"async\" src=\"https:\/\/www.aaxe.be\/wp-content\/uploads\/2025\/04\/Aaxe-long-line.svg\" class=\"attachment-full size-full\" alt=\"\" loading=\"lazy\" title=\"\"><\/div><\/div><\/div><\/div><\/div><\/div><\/div><\/section><section class=\"l-section wpb_row height_auto\"><div class=\"l-section-h i-cf\"><div class=\"g-cols vc_row via_flex valign_top type_default stacking_default\"><div class=\"vc_col-sm-12 wpb_column vc_column_container\"><div class=\"vc_column-inner\"><div class=\"wpb_wrapper\"><\/div><\/div><\/div><\/div><\/div><\/section><section class=\"l-section wpb_row height_large\"><div class=\"l-section-h i-cf\"><div class=\"g-cols vc_row via_flex valign_top type_default stacking_default\"><div class=\"vc_col-sm-12 wpb_column vc_column_container\"><div class=\"vc_column-inner\"><div class=\"wpb_wrapper\"><div class=\"wpb_text_column tagtext left\"><div class=\"wpb_wrapper\"><p style=\"text-align: left;\">TRABAJAR EN AAXE TITRES-SERVICES<\/p>\n<\/div><\/div><div class=\"w-separator size_small\"><\/div><div class=\"wpb_text_column us_custom_9eee4631\"><div class=\"wpb_wrapper\"><h2 style=\"text-align: left;\">\u00bfTe gustar\u00eda unirte a un equipo<strong>din\u00e1mico y multiling\u00fce<\/strong><br \/>\n<strong>?<\/strong><\/h2>\n<\/div><\/div><div class=\"w-separator size_small\"><\/div><div class=\"g-cols wpb_row via_flex valign_top type_default stacking_default\"><div class=\"vc_col-sm-6 wpb_column vc_column_container\"><div class=\"vc_column-inner\"><div class=\"wpb_wrapper\"><div class=\"wpb_text_column us_custom_f2746f9a has_text_color\"><div class=\"wpb_wrapper\"><h3>Empleado en Aaxe<\/h3>\n<\/div><\/div><div class=\"w-separator size_small\"><\/div><div class=\"wpb_text_column\"><div class=\"wpb_wrapper\"><p>\u00danete a nuestro equipo multiling\u00fce, ofrecemos un entorno de trabajo estable, oportunidades de desarrollo y un ambiente din\u00e1mico.<\/p>\n<ul>\n<li><span> <\/span>Un trabajo estable y estructurado.<\/li>\n<li><span> <\/span>Apoyo y formaci\u00f3n.<\/li>\n<li><span> <\/span>Un equipo profesional y comprometido.<\/li>\n<\/ul>\n<\/div><\/div><div class=\"w-separator size_small\"><\/div><div class=\"w-btn-wrapper align_none\"><a class=\"w-btn us-btn-style_1\" href=\"https:\/\/www.aaxe.be\/es\/empleado\/\"><span class=\"w-btn-label\">M\u00e1s informaci\u00f3n<\/span><\/a><\/div><\/div><\/div><\/div><div class=\"vc_col-sm-6 wpb_column vc_column_container\"><div class=\"vc_column-inner\"><div class=\"wpb_wrapper\"><div class=\"wpb_text_column us_custom_f2746f9a has_text_color\"><div class=\"wpb_wrapper\"><h3>Empleada del hogar en Aaxe<\/h3>\n<\/div><\/div><div class=\"w-separator size_small\"><\/div><div class=\"wpb_text_column\"><div class=\"wpb_wrapper\"><p>\u00danete a un equipo que valora tu trabajo. Te garantizamos un trabajo seguro, apoyo personalizado y condiciones adaptadas a tu ritmo.<\/p>\n<ul>\n<li><span> <\/span>Planificaci\u00f3n organizada y flexible.<\/li>\n<li><span> <\/span>Agencias multiling\u00fces.<\/li>\n<li><span> <\/span>Un marco jur\u00eddico claro y seguro<\/li>\n<li>Las ventajas: vales de comida, gratificaci\u00f3n de fin de a\u00f1o, vales ecol\u00f3gicos, etc.<\/li>\n<\/ul>\n<\/div><\/div><div class=\"w-separator size_small\"><\/div><div class=\"w-btn-wrapper align_none\"><a class=\"w-btn us-btn-style_1\" href=\"https:\/\/www.aaxe.be\/es\/empleado\/empleado\/\"><span class=\"w-btn-label\">M\u00e1s informaci\u00f3n<\/span><\/a><\/div><\/div><\/div><\/div><\/div><\/div><\/div><\/div><\/div><\/div><\/section>\n","protected":false},"excerpt":{"rendered":"Bienvenido a Aaxe Titres-Services InicioP\u00e1ginas\u00bfPor qu\u00e9 utilizar Aaxe Titres-Services? 6 razones para confiar tus tareas dom\u00e9sticas a Aaxe Titres-Services. Elegir Aaxe significa optar por un servicio de limpieza y planchado fiable, eficaz y adaptado a tus necesidades. Descubre por qu\u00e9 miles de clientes conf\u00edan en nosotros cada d\u00eda. Nuestros serviciosSolicite nuestros servicios1 Ayuda dom\u00e9sticacon experiencia...","protected":false},"author":1,"featured_media":3147,"parent":0,"menu_order":3,"comment_status":"closed","ping_status":"closed","template":"","meta":{"_acf_changed":false,"footnotes":""},"class_list":["post-3298","page","type-page","status-publish","has-post-thumbnail","hentry"],"acf":[],"_links":{"self":[{"href":"https:\/\/www.aaxe.be\/es\/wp-json\/wp\/v2\/pages\/3298","targetHints":{"allow":["GET"]}}],"collection":[{"href":"https:\/\/www.aaxe.be\/es\/wp-json\/wp\/v2\/pages"}],"about":[{"href":"https:\/\/www.aaxe.be\/es\/wp-json\/wp\/v2\/types\/page"}],"author":[{"embeddable":true,"href":"https:\/\/www.aaxe.be\/es\/wp-json\/wp\/v2\/users\/1"}],"replies":[{"embeddable":true,"href":"https:\/\/www.aaxe.be\/es\/wp-json\/wp\/v2\/comments?post=3298"}],"version-history":[{"count":3,"href":"https:\/\/www.aaxe.be\/es\/wp-json\/wp\/v2\/pages\/3298\/revisions"}],"predecessor-version":[{"id":4079,"href":"https:\/\/www.aaxe.be\/es\/wp-json\/wp\/v2\/pages\/3298\/revisions\/4079"}],"wp:featuredmedia":[{"embeddable":true,"href":"https:\/\/www.aaxe.be\/es\/wp-json\/wp\/v2\/media\/3147"}],"wp:attachment":[{"href":"https:\/\/www.aaxe.be\/es\/wp-json\/wp\/v2\/media?parent=3298"}],"curies":[{"name":"wp","href":"https:\/\/api.w.org\/{rel}","templated":true}]}}