{"id":3342,"date":"2025-04-22T11:58:35","date_gmt":"2025-04-22T09:58:35","guid":{"rendered":"https:\/\/aaxetitresservices.kinsta.cloud\/por-que-elegir-aaxe\/las-ventajas\/"},"modified":"2026-01-08T10:09:16","modified_gmt":"2026-01-08T09:09:16","slug":"las-ventajas","status":"publish","type":"page","link":"https:\/\/www.aaxe.be\/es\/por-que-elegir-aaxe\/las-ventajas\/","title":{"rendered":"Las ventajas"},"content":{"rendered":"<section class=\"l-section wpb_row height_auto\"><div class=\"l-section-h i-cf\"><div class=\"g-cols vc_row via_flex valign_top type_default stacking_default\"><div class=\"vc_col-sm-12 wpb_column vc_column_container\"><div class=\"vc_column-inner\"><div class=\"wpb_wrapper\"><\/div><\/div><\/div><\/div><\/div><\/section><section class=\"l-section wpb_row us_custom_fb36e361 imgheader height_medium with_img\"><div class=\"l-section-img\" role=\"img\" aria-label=\"Imagen\" data-img-width=\"2560\" data-img-height=\"806\" style=\"background-image: url(https:\/\/www.aaxe.be\/wp-content\/uploads\/2025\/08\/advend-1-scaled.jpg);background-repeat: no-repeat;\"><\/div><div class=\"l-section-overlay\" style=\"background:linear-gradient(270deg, transparent 0%,rgba(54,54,54,0.3) 100%)\"><\/div><div class=\"l-section-h i-cf\"><div class=\"g-cols vc_row via_flex valign_bottom type_default stacking_default\"><div class=\"vc_col-sm-12 wpb_column vc_column_container\"><div class=\"vc_column-inner\"><div class=\"wpb_wrapper\"><div class=\"wpb_text_column us_custom_dcb699e1 has_text_color\"><div class=\"wpb_wrapper\"><h1>\u00bfCu\u00e1les son las ventajas<br \/>\ndel sistema de vales de servicio?<\/h1>\n<\/div><\/div><\/div><\/div><\/div><\/div><\/div><\/section><section class=\"l-section wpb_row us_custom_ac8bede8 height_auto\"><div class=\"l-section-h i-cf\"><div class=\"g-cols vc_row via_flex valign_top type_default stacking_default\"><div class=\"vc_col-sm-12 wpb_column vc_column_container\"><div class=\"vc_column-inner\"><div class=\"wpb_wrapper\"><nav class=\"g-breadcrumbs separator_icon align_none\" itemscope itemtype=\"http:\/\/schema.org\/BreadcrumbList\"><div class=\"g-breadcrumbs-item\" itemscope itemprop=\"itemListElement\" itemtype=\"http:\/\/schema.org\/ListItem\"><a itemprop=\"item\" href=\"https:\/\/www.aaxe.be\/es\/\"><span itemprop=\"name\">Inicio<\/span><\/a><meta itemprop=\"position\" content=\"1\"\/><\/div><div class=\"g-breadcrumbs-separator\"><i class=\"fas fa-circle\"><\/i><\/div><div class=\"g-breadcrumbs-item\">P\u00e1ginas<\/div><\/nav><\/div><\/div><\/div><\/div><\/div><\/section><section class=\"l-section wpb_row us_custom_e11ab399 height_medium\"><div class=\"l-section-h i-cf\"><div class=\"g-cols vc_row via_flex valign_top type_default stacking_default\"><div class=\"vc_col-sm-6 vc_col-lg-5 vc_col-md-5 vc_col-xs-12 wpb_column vc_column_container\"><div class=\"vc_column-inner\"><div class=\"wpb_wrapper\"><div class=\"wpb_text_column tagtext left\"><div class=\"wpb_wrapper\"><p style=\"text-align: left;\">Las ventajas<\/p>\n<\/div><\/div><div class=\"w-separator size_small\"><\/div><div class=\"wpb_text_column us_custom_9eee4631\"><div class=\"wpb_wrapper\"><h2 style=\"text-align: left;\">\u00bfCu\u00e1les son <strong>las ventajas?<\/strong><\/h2>\n<\/div><\/div><div class=\"w-separator size_small\"><\/div><div class=\"wpb_text_column\"><div class=\"wpb_wrapper\"><p>Por cada hora trabajada, pagas un bono de servicio. La ley establece un m\u00ednimo de 3 horas por intervenci\u00f3n de Empleada del hogar.<\/p>\n<p>Las madres aut\u00f3nomas perciben las siguientes prestaciones por maternidad<span> <\/span><strong><span>105 cheques de servicio<\/span><\/strong><span> <\/span>gratuitamente de su Caja de la Seguridad Social.<\/p>\n<p><strong>La ventaja fiscal var\u00eda de una regi\u00f3n a otra.<\/strong><\/p>\n<\/div><\/div><div class=\"w-separator size_small\"><\/div><div class=\"w-btn-wrapper align_none\"><a class=\"w-btn us-btn-style_2\" href=\"https:\/\/www.aaxe.be\/es\/necesita-ayuda-domestica\/\"><span class=\"w-btn-label\">Solicite nuestros servicios<\/span><\/a><\/div><\/div><\/div><\/div><div class=\"vc_col-sm-1 vc_hidden-sm vc_hidden-xs wpb_column vc_column_container\"><div class=\"vc_column-inner\"><div class=\"wpb_wrapper\"><\/div><\/div><\/div><div class=\"vc_col-sm-6 vc_col-lg-6 vc_col-md-6 vc_col-xs-12 wpb_column vc_column_container imagesliderheight\"><div class=\"vc_column-inner us_custom_976292b0\"><div class=\"wpb_wrapper\"><div class=\"w-slider style_none fit_cover nav_dots count_4\"><div class=\"w-slider-h\" aria-hidden=\"true\"><div class=\"royalSlider\"><div class=\"rsContent\"><a class=\"rsImg\" data-rsw=\"2000\" data-rsh=\"1701\" href=\"https:\/\/www.aaxe.be\/wp-content\/uploads\/2025\/04\/IMGL8334.jpg\"><span data-alt=\"\"><\/span><\/a><\/div><div class=\"rsContent\"><a class=\"rsImg\" data-rsw=\"2000\" data-rsh=\"1387\" href=\"https:\/\/www.aaxe.be\/wp-content\/uploads\/2025\/04\/IMGL8388.jpg\"><span data-alt=\"\"><\/span><\/a><\/div><div class=\"rsContent\"><a class=\"rsImg\" data-rsw=\"2000\" data-rsh=\"1479\" href=\"https:\/\/www.aaxe.be\/wp-content\/uploads\/2025\/04\/IMGL8490.jpg\"><span data-alt=\"\"><\/span><\/a><\/div><div class=\"rsContent\"><a class=\"rsImg\" data-rsw=\"2000\" data-rsh=\"1389\" href=\"https:\/\/www.aaxe.be\/wp-content\/uploads\/2025\/04\/IMGL8068-Modifier.jpg\"><span data-alt=\"\"><\/span><\/a><\/div><\/div><img decoding=\"async\" src=\"https:\/\/www.aaxe.be\/wp-content\/uploads\/2025\/04\/IMGL8334.jpg\" width=\"2000\" height=\"1701\" loading=\"lazy\" alt=\"\" title=\"\"><\/div><div class=\"w-slider-json\" onclick='return {&quot;autoScaleSlider&quot;:true,&quot;addActiveClass&quot;:true,&quot;loop&quot;:true,&quot;fadeInLoadedSlide&quot;:false,&quot;slidesSpacing&quot;:0,&quot;imageScalePadding&quot;:0,&quot;numImagesToPreload&quot;:2,&quot;arrowsNav&quot;:false,&quot;arrowsNavAutoHide&quot;:false,&quot;transitionType&quot;:&quot;move&quot;,&quot;transitionSpeed&quot;:250,&quot;block&quot;:{&quot;moveEffect&quot;:&quot;none&quot;,&quot;speed&quot;:300},&quot;thumbs&quot;:{&quot;fitInViewport&quot;:false,&quot;firstMargin&quot;:false,&quot;spacing&quot;:4},&quot;controlNavigation&quot;:&quot;bullets&quot;,&quot;autoplay&quot;:{&quot;enabled&quot;:true,&quot;pauseOnHover&quot;:true,&quot;delay&quot;:3000},&quot;autoScaleSliderWidth&quot;:2000,&quot;autoScaleSliderHeight&quot;:1701}'><\/div><\/div><\/div><\/div><\/div><\/div><\/div><\/section><section class=\"l-section wpb_row height_medium\"><div class=\"l-section-h i-cf\"><div class=\"g-cols vc_row via_flex valign_top type_default stacking_default\"><div class=\"vc_col-sm-9 wpb_column vc_column_container\"><div class=\"vc_column-inner\"><div class=\"wpb_wrapper\"><div class=\"wpb_text_column tagtext left\"><div class=\"wpb_wrapper\"><p style=\"text-align: left;\">\u00bfAlguna pregunta?<\/p>\n<\/div><\/div><div class=\"w-separator size_small\"><\/div><div class=\"wpb_text_column us_custom_9eee4631\"><div class=\"wpb_wrapper\"><h2 style=\"text-align: left;\">\u00bfCu\u00e1nto cuesta <strong>un vale de servicio?<\/strong><\/h2>\n<\/div><\/div><div class=\"w-separator size_small\"><\/div><div class=\"w-btn-wrapper align_none\"><a class=\"w-btn us-btn-style_2\" href=\"https:\/\/www.aaxe.be\/es\/por-que-elegir-aaxe\/nuestros-servicios\/\"><span class=\"w-btn-label\">Nuestros servicios<\/span><\/a><\/div><div class=\"w-separator size_medium\"><\/div><div class=\"w-tabs us_custom_b5598487 style_default switch_click accordion type_togglable has_scrolling remove_indents\" style=\"--sections-title-size:inherit\"><div class=\"w-tabs-sections titles-align_none icon_chevron cpos_right\"><div class=\"w-tabs-section active\" id=\"n3dd\" itemscope itemprop=\"mainEntity\" itemtype=\"https:\/\/schema.org\/Question\"><button class=\"w-tabs-section-header active\" aria-controls=\"content-n3dd\" aria-expanded=\"true\"><h3 class=\"w-tabs-section-title\" itemprop=\"name\">En Bruselas<\/h3><div class=\"w-tabs-section-control\"><\/div><\/button><div  class=\"w-tabs-section-content\" id=\"content-n3dd\" itemscope itemprop=\"acceptedAnswer\" itemtype=\"https:\/\/schema.org\/Answer\"><div class=\"w-tabs-section-content-h i-cf\" itemprop=\"text\"><div class=\"wpb_text_column\"><div class=\"wpb_wrapper\"><h3>Nuestros servicios en Bruselas<\/h3>\n<h5 class=\"no_stripe\"><span><strong>Como usuario<\/strong><\/span><\/h5>\n<p>Puedes pedir <strong>un m\u00e1ximo de 500 Cheques Servicio<\/strong> por a\u00f1o natural, al precio de :<\/p>\n<ul>\n<li>11,40\u20ac por las 300 primeras acciones adquiridas en 2025<\/li>\n<li>14,00\u20ac para los 200 siguientes<\/li>\n<\/ul>\n<h5 class=\"no_stripe\"><span>Como hogar<\/span><\/h5>\n<p>El hogar incluye a todas las personas empadronadas en tu domicilio.<br \/>\nPuedes pedir <strong>un m\u00e1ximo de 1000 cheques de servicio<\/strong> al a\u00f1o:<\/p>\n<ul>\n<li>11,24\u20ac para los primeros 600 t\u00edtulos<\/li>\n<li>14,00\u20ac para los 400 siguientes<\/li>\n<\/ul>\n<p>Estos precios se aplican independientemente del miembro de la familia que haga el pedido.<\/p>\n<\/div><\/div><div class=\"w-separator size_medium\"><\/div><div class=\"wpb_text_column us_custom_25b9763b\"><div class=\"wpb_wrapper\"><h5><strong>Sobre la deducci\u00f3n fiscal<\/strong><\/h5>\n<p><strong data-start=\"72\" data-end=\"93\">Deducci\u00f3n fiscal:<\/strong> <strong data-start=\"94\" data-end=\"125\" data-is-last-node=\"\" data-is-only-node=\"\">suprimida a partir de 2026.<\/strong><\/p>\n<p>Para 2025 :Si tu domicilio principal est\u00e1 registrado en Bruselas, t\u00fa (como usuario u hogar) te beneficias de una <strong>reducci\u00f3n fiscal del 15%<\/strong><strong>en los primeros 172 bonos de servicios<\/strong> por persona. Esto supone un ahorro de 1,53 euros por bono: en lugar de 10,20 euros, pagas<strong>8<\/strong> <strong>,67 euros<\/strong> por estos bonos.<\/p>\n<\/div><\/div><\/div><\/div><\/div><div class=\"w-tabs-section active\" id=\"q6b8\" itemscope itemprop=\"mainEntity\" itemtype=\"https:\/\/schema.org\/Question\"><button class=\"w-tabs-section-header active\" aria-controls=\"content-q6b8\" aria-expanded=\"true\"><h3 class=\"w-tabs-section-title\" itemprop=\"name\">En Flandes<\/h3><div class=\"w-tabs-section-control\"><\/div><\/button><div  class=\"w-tabs-section-content\" id=\"content-q6b8\" itemscope itemprop=\"acceptedAnswer\" itemtype=\"https:\/\/schema.org\/Answer\"><div class=\"w-tabs-section-content-h i-cf\" itemprop=\"text\"><div class=\"wpb_text_column\"><div class=\"wpb_wrapper\"><h3>Vales de servicio en Flandes<\/h3>\n<h5><strong>Como usuario<\/strong><\/h5>\n<p>Puedes pedir <strong>un m\u00e1ximo de 500 Cheques Servicio<\/strong> por a\u00f1o natural, al precio de :<\/p>\n<ul>\n<li>10,00\u20ac para los primeros 400 t\u00edtulos<\/li>\n<li>11,00\u20ac para los 100 siguientes<\/li>\n<\/ul>\n<h5><strong>Como hogar<\/strong><\/h5>\n<p>El hogar incluye a todas las personas empadronadas en tu domicilio. Puedes pedir <strong>un m\u00e1ximo de 1<\/strong><strong>.000 Cheques de Servicios<\/strong> al a\u00f1o:<\/p>\n<ul>\n<li>10,00\u20ac para los primeros 800 t\u00edtulos<\/li>\n<li>11,00\u20ac para los 200 siguientes<\/li>\n<\/ul>\n<p>Estos precios se aplican independientemente del miembro de la familia que haga el pedido.<\/p>\n<\/div><\/div><div class=\"w-separator size_medium\"><\/div><div class=\"wpb_text_column us_custom_25b9763b\"><div class=\"wpb_wrapper\"><h5><strong>Sobre la deducci\u00f3n fiscal<\/strong><\/h5>\n<p>\u00bfTu domicilio principal (seg\u00fan consta en el Registro de Poblaci\u00f3n) est\u00e1 en la Regi\u00f3n Flamenca?<\/p>\n<ul>\n<li>Para los bonos de servicios adquiridos hasta el 31 de diciembre de 2024, sigues benefici\u00e1ndote de una <strong>reducci\u00f3n fiscal de<\/strong><strong>1<\/strong> <strong>,80<\/strong><strong>euros<\/strong> por bono de servicios, v\u00e1lida para los <strong>198 primeros bonos<\/strong> por persona, es decir, un coste neto de<strong>7<\/strong> <strong>,20 euros<\/strong>.<\/li>\n<li>A partir <strong>del 1\u1d49\u02b3<\/strong><strong>de enero de 2025<\/strong>, se <strong>suprime<\/strong> la ventaja fiscal, por lo que <strong>el bono de servicio costar\u00e1<\/strong><strong>10 euros<\/strong> a partir de entonces.<\/li>\n<\/ul>\n<\/div><\/div><\/div><\/div><\/div><div class=\"w-tabs-section active\" id=\"e9ab\" itemscope itemprop=\"mainEntity\" itemtype=\"https:\/\/schema.org\/Question\"><button class=\"w-tabs-section-header active\" aria-controls=\"content-e9ab\" aria-expanded=\"true\"><h3 class=\"w-tabs-section-title\" itemprop=\"name\">En Valonia<\/h3><div class=\"w-tabs-section-control\"><\/div><\/button><div  class=\"w-tabs-section-content\" id=\"content-e9ab\" itemscope itemprop=\"acceptedAnswer\" itemtype=\"https:\/\/schema.org\/Answer\"><div class=\"w-tabs-section-content-h i-cf\" itemprop=\"text\"><div class=\"wpb_text_column\"><div class=\"wpb_wrapper\"><h3>Nuestros servicios en Valonia<\/h3>\n<h5><strong>Como usuario<\/strong><\/h5>\n<p>Puedes pedir <strong>un m\u00e1ximo de 500 Cheques Servicio<\/strong> por a\u00f1o natural, al precio de :<\/p>\n<ul>\n<li>10,40\u20ac para los 175 primeros t\u00edtulos<\/li>\n<li>11,40\u20ac por 176\u1d49 a 400\u1d49 acciones<\/li>\n<li>12,40\u20ac para los t\u00edtulos 401\u1d49 a 500\u1d49.<\/li>\n<\/ul>\n<h5><strong>Como hogar<\/strong><\/h5>\n<p>El hogar incluye a todas las personas empadronadas en tu domicilio. Puedes pedir <strong>un m\u00e1ximo de 1<\/strong><strong>.000 Cheques de Servicios<\/strong> al a\u00f1o:<\/p>\n<ul>\n<li>10,40\u20ac para los 350 primeros t\u00edtulos<\/li>\n<li>11,40\u20ac por 351\u1d49 a 800\u1d49 acciones<\/li>\n<li>12,40\u20ac por cada 801\u1d49 a 1.000\u1d49 acciones<\/li>\n<\/ul>\n<p>Estos precios se aplican independientemente del miembro de la familia que haga el pedido.<\/p>\n<h5><strong>Cuotas espec\u00edficas<\/strong><\/h5>\n<p>Las siguientes categor\u00edas (familias monoparentales, ancianos o discapacitados) pueden solicitar <strong>hasta 2<\/strong><strong>.000 vales de servicio al a\u00f1o<\/strong>, todos por <strong>10<\/strong><strong>,24 euros<\/strong>.<\/p>\n<\/div><\/div><div class=\"w-separator size_medium\"><\/div><div class=\"wpb_text_column us_custom_25b9763b\"><div class=\"wpb_wrapper\"><h5><strong>Sobre la deducci\u00f3n fiscal<\/strong><\/h5>\n<p>\u00bfTu domicilio principal est\u00e1 en la Regi\u00f3n Valona? T\u00fa (como usuario u hogar) te beneficias de una <strong>reducci\u00f3n fiscal <\/strong><strong>del 9%<\/strong> sobre los <strong>150 primeros bonos de servicios<\/strong> por persona, es decir, <strong>0,90\u20ac <\/strong>por bono.<br \/>\n=&gt; Por un bono anunciado a 10,40 euros, s\u00f3lo pagar\u00e1s <strong>9<\/strong><strong>,50<\/strong><strong>\u20ac<\/strong>despu\u00e9s de la deducci\u00f3n fiscal.<\/p>\n<\/div><\/div><\/div><\/div><\/div><\/div><\/div><\/div><\/div><\/div><div class=\"vc_col-sm-3 wpb_column vc_column_container\"><div class=\"vc_column-inner\"><div class=\"wpb_wrapper\"><\/div><\/div><\/div><\/div><\/div><\/section>\n","protected":false},"excerpt":{"rendered":"\u00bfCu\u00e1les son las ventajas del sistema de vales de servicio? InicioP\u00e1ginasLas ventajas \u00bfCu\u00e1les son las ventajas? Por cada hora trabajada, pagas un bono de servicio. La ley establece un m\u00ednimo de 3 horas por intervenci\u00f3n de Empleada del hogar. Las madres aut\u00f3nomas perciben las siguientes prestaciones por maternidad 105 cheques de servicio gratuitamente de su...","protected":false},"author":1,"featured_media":4247,"parent":3298,"menu_order":1,"comment_status":"closed","ping_status":"closed","template":"","meta":{"_acf_changed":false,"footnotes":""},"class_list":["post-3342","page","type-page","status-publish","has-post-thumbnail","hentry"],"acf":[],"_links":{"self":[{"href":"https:\/\/www.aaxe.be\/es\/wp-json\/wp\/v2\/pages\/3342","targetHints":{"allow":["GET"]}}],"collection":[{"href":"https:\/\/www.aaxe.be\/es\/wp-json\/wp\/v2\/pages"}],"about":[{"href":"https:\/\/www.aaxe.be\/es\/wp-json\/wp\/v2\/types\/page"}],"author":[{"embeddable":true,"href":"https:\/\/www.aaxe.be\/es\/wp-json\/wp\/v2\/users\/1"}],"replies":[{"embeddable":true,"href":"https:\/\/www.aaxe.be\/es\/wp-json\/wp\/v2\/comments?post=3342"}],"version-history":[{"count":8,"href":"https:\/\/www.aaxe.be\/es\/wp-json\/wp\/v2\/pages\/3342\/revisions"}],"predecessor-version":[{"id":5303,"href":"https:\/\/www.aaxe.be\/es\/wp-json\/wp\/v2\/pages\/3342\/revisions\/5303"}],"up":[{"embeddable":true,"href":"https:\/\/www.aaxe.be\/es\/wp-json\/wp\/v2\/pages\/3298"}],"wp:featuredmedia":[{"embeddable":true,"href":"https:\/\/www.aaxe.be\/es\/wp-json\/wp\/v2\/media\/4247"}],"wp:attachment":[{"href":"https:\/\/www.aaxe.be\/es\/wp-json\/wp\/v2\/media?parent=3342"}],"curies":[{"name":"wp","href":"https:\/\/api.w.org\/{rel}","templated":true}]}}