{"id":3432,"date":"2025-05-07T11:52:44","date_gmt":"2025-05-07T09:52:44","guid":{"rendered":"https:\/\/aaxetitresservices.kinsta.cloud\/necesita-ayuda-domestica\/"},"modified":"2025-08-26T08:49:38","modified_gmt":"2025-08-26T06:49:38","slug":"necesita-ayuda-domestica","status":"publish","type":"page","link":"https:\/\/www.aaxe.be\/es\/necesita-ayuda-domestica\/","title":{"rendered":"\u00bfNecesita ayuda dom\u00e9stica?"},"content":{"rendered":"<section class=\"l-section wpb_row height_auto\"><div class=\"l-section-h i-cf\"><div class=\"g-cols vc_row via_flex valign_top type_default stacking_default\"><div class=\"vc_col-sm-12 wpb_column vc_column_container\"><div class=\"vc_column-inner\"><div class=\"wpb_wrapper\"><div class=\"w-html\"><iframe loading=\"lazy\" id=\"frame\" src=\"https:\/\/app.aaxe.be\/ww_AAXE_web\/ES\/action.awp?type=formclient\" width=\"100%\" height=\"1200\"><\/iframe>\n<script>\nconst iframe = document.getElementById('frame');\niframe.src = iframe.src + window.location.search;\n<\/script>\n<\/div><\/div><\/div><\/div><\/div><\/div><\/section><section class=\"l-section wpb_row height_medium\"><div class=\"l-section-h i-cf\"><div class=\"g-cols vc_row via_flex valign_top type_default stacking_default\"><div class=\"vc_col-sm-12 wpb_column vc_column_container\"><div class=\"vc_column-inner\"><div class=\"wpb_wrapper\"><div class=\"wpb_text_column tagtext left\"><div class=\"wpb_wrapper\"><p style=\"text-align: left;\">\u00bfAlguna pregunta?<\/p>\n<\/div><\/div><div class=\"w-separator size_small\"><\/div><div class=\"wpb_text_column us_custom_9eee4631\"><div class=\"wpb_wrapper\"><h2 style=\"text-align: left;\"><strong>PREGUNTAS FRECUENTES<\/strong><\/h2>\n<\/div><\/div><div class=\"w-separator size_medium\"><\/div><div class=\"w-tabs style_default switch_click accordion type_togglable has_scrolling remove_indents\" style=\"--sections-title-size:inherit\"><div class=\"w-tabs-sections titles-align_none icon_chevron cpos_right\"><div class=\"w-tabs-section\" id=\"fdae\" itemscope itemprop=\"mainEntity\" itemtype=\"https:\/\/schema.org\/Question\"><button class=\"w-tabs-section-header\" aria-controls=\"content-fdae\" aria-expanded=\"false\"><h3 class=\"w-tabs-section-title\" itemprop=\"name\">Horario de apertura de Nuestras oficinas :<\/h3><div class=\"w-tabs-section-control\"><\/div><\/button><div  class=\"w-tabs-section-content\" id=\"content-fdae\" itemscope itemprop=\"acceptedAnswer\" itemtype=\"https:\/\/schema.org\/Answer\"><div class=\"w-tabs-section-content-h i-cf\" itemprop=\"text\"><div class=\"wpb_text_column\"><div class=\"wpb_wrapper\"><ul>\n<li><strong>Todos los d\u00edas<\/strong><span> <\/span>: de 9.00 a 12.30 \/ de 13.30 a 17.30<\/li>\n<li><strong>Sede central (Avenue de Tervueren 124)<\/strong><span> <\/span>: de 8.30 a 13.00 \/ de 13.30 a 18.00.<\/li>\n<\/ul>\n<\/div><\/div><\/div><\/div><\/div><div class=\"w-tabs-section\" id=\"aeab\" itemscope itemprop=\"mainEntity\" itemtype=\"https:\/\/schema.org\/Question\"><button class=\"w-tabs-section-header\" aria-controls=\"content-aeab\" aria-expanded=\"false\"><h3 class=\"w-tabs-section-title\" itemprop=\"name\">Primer contacto con AAXE Nuestros servicios Cheques<\/h3><div class=\"w-tabs-section-control\"><\/div><\/button><div  class=\"w-tabs-section-content\" id=\"content-aeab\" itemscope itemprop=\"acceptedAnswer\" itemtype=\"https:\/\/schema.org\/Answer\"><div class=\"w-tabs-section-content-h i-cf\" itemprop=\"text\"><div class=\"wpb_text_column\"><div class=\"wpb_wrapper\"><p>Cuando llames por primera vez a AAXE Titres-Services, nuestro equipo te escuchar\u00e1. Comprendemos tus necesidades en materia de ayuda dom\u00e9stica.<\/p>\n<p>Explicamos detalladamente el sistema de vales de servicio, c\u00f3mo pagar y c\u00f3mo inscribirse en las organizaciones pertinentes, guiando a nuestros futuros clientes a trav\u00e9s del proceso de inscripci\u00f3n en Sodexo.<\/p>\n<\/div><\/div><\/div><\/div><\/div><div class=\"w-tabs-section\" id=\"afbb\" itemscope itemprop=\"mainEntity\" itemtype=\"https:\/\/schema.org\/Question\"><button class=\"w-tabs-section-header\" aria-controls=\"content-afbb\" aria-expanded=\"false\"><h3 class=\"w-tabs-section-title\" itemprop=\"name\">B\u00fasqueda personalizada de una Empleada del hogar<\/h3><div class=\"w-tabs-section-control\"><\/div><\/button><div  class=\"w-tabs-section-content\" id=\"content-afbb\" itemscope itemprop=\"acceptedAnswer\" itemtype=\"https:\/\/schema.org\/Answer\"><div class=\"w-tabs-section-content-h i-cf\" itemprop=\"text\"><div class=\"wpb_text_column\"><div class=\"wpb_wrapper\"><p>Gracias a un profundo conocimiento de tus necesidades, nuestro equipo especializado encontrar\u00e1 la ayuda dom\u00e9stica que mejor se adapte a tus requisitos.<\/p>\n<\/div><\/div><\/div><\/div><\/div><div class=\"w-tabs-section\" id=\"w094\" itemscope itemprop=\"mainEntity\" itemtype=\"https:\/\/schema.org\/Question\"><button class=\"w-tabs-section-header\" aria-controls=\"content-w094\" aria-expanded=\"false\"><h3 class=\"w-tabs-section-title\" itemprop=\"name\">Planificaci\u00f3n y seguimiento rigurosos<\/h3><div class=\"w-tabs-section-control\"><\/div><\/button><div  class=\"w-tabs-section-content\" id=\"content-w094\" itemscope itemprop=\"acceptedAnswer\" itemtype=\"https:\/\/schema.org\/Answer\"><div class=\"w-tabs-section-content-h i-cf\" itemprop=\"text\"><div class=\"wpb_text_column\"><div class=\"wpb_wrapper\"><p>Planificamos meticulosamente las horas de trabajo de nuestra ayuda dom\u00e9stica en tu domicilio. Se lleva a cabo un seguimiento preciso: indicaci\u00f3n de nuevos servicios, datos de contacto de la empleada de hogar y suministro de mapas para facilitar los desplazamientos.<\/p>\n<\/div><\/div><\/div><\/div><\/div><div class=\"w-tabs-section\" id=\"q169\" itemscope itemprop=\"mainEntity\" itemtype=\"https:\/\/schema.org\/Question\"><button class=\"w-tabs-section-header\" aria-controls=\"content-q169\" aria-expanded=\"false\"><h3 class=\"w-tabs-section-title\" itemprop=\"name\">Instrucciones personalizadas para un servicio de calidad<\/h3><div class=\"w-tabs-section-control\"><\/div><\/button><div  class=\"w-tabs-section-content\" id=\"content-q169\" itemscope itemprop=\"acceptedAnswer\" itemtype=\"https:\/\/schema.org\/Answer\"><div class=\"w-tabs-section-content-h i-cf\" itemprop=\"text\"><div class=\"wpb_text_column\"><div class=\"wpb_wrapper\"><p>Cuando la empleada del hogar llega a tu casa, nos aseguramos de que conoce tus preferencias en cuanto a productos de limpieza y las instrucciones que le das.<\/p>\n<p>Puedes dar instrucciones concretas sobre las habitaciones que hay que limpiar, el m\u00e9todo que hay que seguir y los productos que hay que utilizar.<\/p>\n<\/div><\/div><\/div><\/div><\/div><div class=\"w-tabs-section\" id=\"t238\" itemscope itemprop=\"mainEntity\" itemtype=\"https:\/\/schema.org\/Question\"><button class=\"w-tabs-section-header\" aria-controls=\"content-t238\" aria-expanded=\"false\"><h3 class=\"w-tabs-section-title\" itemprop=\"name\">Seguimiento y apoyo continuos<\/h3><div class=\"w-tabs-section-control\"><\/div><\/button><div  class=\"w-tabs-section-content\" id=\"content-t238\" itemscope itemprop=\"acceptedAnswer\" itemtype=\"https:\/\/schema.org\/Answer\"><div class=\"w-tabs-section-content-h i-cf\" itemprop=\"text\"><div class=\"wpb_text_column\"><div class=\"wpb_wrapper\"><p>Garantizamos un seguimiento constante de los servicios prestados en tu domicilio. La empleada de hogar informa regularmente a AAXE para garantizar un seguimiento de calidad.<\/p>\n<p>Si el empleado del hogar se ausenta por vacaciones o incapacidad, ofrecemos un sustituto para garantizar la continuidad del servicio.<\/p>\n<\/div><\/div><\/div><\/div><\/div><div class=\"w-tabs-section\" id=\"c341\" itemscope itemprop=\"mainEntity\" itemtype=\"https:\/\/schema.org\/Question\"><button class=\"w-tabs-section-header\" aria-controls=\"content-c341\" aria-expanded=\"false\"><h3 class=\"w-tabs-section-title\" itemprop=\"name\">Registro sencillo con AAXE Nuestros servicios<\/h3><div class=\"w-tabs-section-control\"><\/div><\/button><div  class=\"w-tabs-section-content\" id=\"content-c341\" itemscope itemprop=\"acceptedAnswer\" itemtype=\"https:\/\/schema.org\/Answer\"><div class=\"w-tabs-section-content-h i-cf\" itemprop=\"text\"><div class=\"wpb_text_column\"><div class=\"wpb_wrapper\"><div class=\"wpb_column vc_column_container vc_col-sm-12 vc_col-lg-9\">\n<div class=\"vc_column-inner \">\n<div class=\"wpb_wrapper\">\n<div class=\"wpb_text_column wpb_content_element\">\n<div class=\"wpb_wrapper\">\n<p>Si te convence nuestra profesionalidad y quieres inscribirte en nuestra agencia, el procedimiento es sencillo y directo.<\/p>\n<\/div>\n<\/div>\n<\/div>\n<\/div>\n<\/div>\n<div class=\"wpb_column vc_column_container vc_col-sm-12 vc_col-lg-3\">\n<div class=\"vc_column-inner \">\n<div class=\"wpb_wrapper\">\n<div class=\"stm_sidebar\">\n<div class=\"wpb-content-wrapper\">\n<div class=\"vc_row wpb_row vc_row-fluid\">\n<div class=\"wpb_column vc_column_container vc_col-sm-12\">\n<div class=\"vc_column-inner \">\n<div class=\"wpb_wrapper\">\n<div class=\"vc_wp_custommenu wpb_content_element\">\n<div class=\"widget widget_nav_menu\">\n<div class=\"menu-sidebar-menu-2-container\"><\/div>\n<\/div>\n<\/div>\n<\/div>\n<\/div>\n<\/div>\n<\/div>\n<\/div>\n<\/div>\n<\/div>\n<\/div>\n<\/div>\n<\/div><\/div><\/div><\/div><\/div><\/div><\/div><\/div><\/div><\/div><\/div><\/div><\/section>\n","protected":false},"excerpt":{"rendered":"\u00bfAlguna pregunta? PREGUNTAS FRECUENTES Horario de apertura de Nuestras oficinas : Todos los d\u00edas : de 9.00 a 12.30 \/ de 13.30 a 17.30 Sede central (Avenue de Tervueren 124) : de 8.30 a 13.00 \/ de 13.30 a 18.00. Primer contacto con AAXE Nuestros servicios ChequesCuando llames por primera vez a AAXE Titres-Services, nuestro...","protected":false},"author":1,"featured_media":0,"parent":0,"menu_order":0,"comment_status":"closed","ping_status":"closed","template":"","meta":{"_acf_changed":false,"footnotes":""},"class_list":["post-3432","page","type-page","status-publish","hentry"],"acf":[],"_links":{"self":[{"href":"https:\/\/www.aaxe.be\/es\/wp-json\/wp\/v2\/pages\/3432","targetHints":{"allow":["GET"]}}],"collection":[{"href":"https:\/\/www.aaxe.be\/es\/wp-json\/wp\/v2\/pages"}],"about":[{"href":"https:\/\/www.aaxe.be\/es\/wp-json\/wp\/v2\/types\/page"}],"author":[{"embeddable":true,"href":"https:\/\/www.aaxe.be\/es\/wp-json\/wp\/v2\/users\/1"}],"replies":[{"embeddable":true,"href":"https:\/\/www.aaxe.be\/es\/wp-json\/wp\/v2\/comments?post=3432"}],"version-history":[{"count":27,"href":"https:\/\/www.aaxe.be\/es\/wp-json\/wp\/v2\/pages\/3432\/revisions"}],"predecessor-version":[{"id":4650,"href":"https:\/\/www.aaxe.be\/es\/wp-json\/wp\/v2\/pages\/3432\/revisions\/4650"}],"wp:attachment":[{"href":"https:\/\/www.aaxe.be\/es\/wp-json\/wp\/v2\/media?parent=3432"}],"curies":[{"name":"wp","href":"https:\/\/api.w.org\/{rel}","templated":true}]}}