{"id":3692,"date":"2025-04-29T11:29:45","date_gmt":"2025-04-29T09:29:45","guid":{"rendered":"https:\/\/aaxetitresservices.kinsta.cloud\/por-que-elegir-aaxe\/nuestros-servicios\/preparacion-de-comida\/"},"modified":"2026-04-24T09:49:45","modified_gmt":"2026-04-24T07:49:45","slug":"preparacion-de-comida","status":"publish","type":"page","link":"https:\/\/www.aaxe.be\/es\/por-que-elegir-aaxe\/nuestros-servicios\/preparacion-de-comida\/","title":{"rendered":"Preparaci\u00f3n de comida"},"content":{"rendered":"<section class=\"l-section wpb_row height_auto\"><div class=\"l-section-h i-cf\"><div class=\"g-cols vc_row via_flex valign_top type_default stacking_default\"><div class=\"vc_col-sm-12 wpb_column vc_column_container\"><div class=\"vc_column-inner\"><div class=\"wpb_wrapper\"><\/div><\/div><\/div><\/div><\/div><\/section><section class=\"l-section wpb_row us_custom_fb36e361 imgheader height_medium with_img\"><div class=\"l-section-img\" role=\"img\" aria-label=\"Imagen\" data-img-width=\"2560\" data-img-height=\"1007\" style=\"background-image: url(https:\/\/www.aaxe.be\/wp-content\/uploads\/2025\/06\/large_IMGL7715-scaled.jpg);background-position: bottom center;background-repeat: no-repeat;\"><\/div><div class=\"l-section-overlay\" style=\"background:linear-gradient(270deg, transparent 0%,rgba(54,54,54,0.3) 100%)\"><\/div><div class=\"l-section-h i-cf\"><div class=\"g-cols vc_row via_flex valign_bottom type_default stacking_default\"><div class=\"vc_col-sm-12 wpb_column vc_column_container\"><div class=\"vc_column-inner\"><div class=\"wpb_wrapper\"><div class=\"wpb_text_column us_custom_dcb699e1 has_text_color\"><div class=\"wpb_wrapper\"><h1>Preparaci\u00f3n de comida<\/h1>\n<\/div><\/div><\/div><\/div><\/div><\/div><\/div><\/section><section class=\"l-section wpb_row us_custom_ac8bede8 height_auto\"><div class=\"l-section-h i-cf\"><div class=\"g-cols vc_row via_flex valign_top type_default stacking_default\"><div class=\"vc_col-sm-12 wpb_column vc_column_container\"><div class=\"vc_column-inner\"><div class=\"wpb_wrapper\"><nav class=\"g-breadcrumbs separator_icon align_none\" itemscope itemtype=\"http:\/\/schema.org\/BreadcrumbList\"><div class=\"g-breadcrumbs-item\" itemscope itemprop=\"itemListElement\" itemtype=\"http:\/\/schema.org\/ListItem\"><a itemprop=\"item\" href=\"https:\/\/www.aaxe.be\/es\/\"><span itemprop=\"name\">Inicio<\/span><\/a><meta itemprop=\"position\" content=\"1\"\/><\/div><div class=\"g-breadcrumbs-separator\"><i class=\"fas fa-circle\"><\/i><\/div><div class=\"g-breadcrumbs-item\">P\u00e1ginas<\/div><\/nav><\/div><\/div><\/div><\/div><\/div><\/section><section class=\"l-section wpb_row height_medium\"><div class=\"l-section-h i-cf\"><div class=\"g-cols vc_row via_flex valign_top type_default stacking_default\"><div class=\"vc_col-sm-7 wpb_column vc_column_container\"><div class=\"vc_column-inner\"><div class=\"wpb_wrapper\"><div class=\"wpb_text_column tagtext left\"><div class=\"wpb_wrapper\"><p style=\"text-align: left;\">Qu\u00e9 hacemos<\/p>\n<\/div><\/div><div class=\"w-separator size_small\"><\/div><div class=\"wpb_text_column us_custom_9eee4631\"><div class=\"wpb_wrapper\"><h2><strong><span>\u00a1Simplifica tu rutina diaria con nuestro servicio de Preparaci\u00f3n de comida a domicilio!<\/span><\/strong><\/h2>\n<p><span>En Aaxe Titres-Services, nuestras Empleadas del hogar cualificadas est\u00e1n a tu disposici\u00f3n para preparar directamente en tu casa comidas sencillas y sabrosas, seg\u00fan tus gustos y preferencias. <\/span><\/p>\n<\/div><\/div><div class=\"w-separator size_small\"><\/div><div class=\"w-btn-wrapper align_none\"><a class=\"w-btn us-btn-style_1\" href=\"https:\/\/www.aaxe.be\/es\/necesita-ayuda-domestica\/\"><span class=\"w-btn-label\">Solicite nuestros servicios<\/span><\/a><\/div><div class=\"w-btn-wrapper align_none\"><a class=\"w-btn us-btn-style_2\" href=\"https:\/\/www.aaxe.be\/es\/por-que-elegir-aaxe\/nuestros-servicios\/\"><span class=\"w-btn-label\">Nuestros servicios<\/span><\/a><\/div><div class=\"w-separator size_medium\"><\/div><div class=\"wpb_text_column\"><div class=\"wpb_wrapper\"><h3>Nuestros servicios incluyen :<\/h3>\n<ol>\n<li><strong><span>Planificaci\u00f3n personalizada<\/span><\/strong><span> Juntos definimos tus necesidades y preferencias culinarias. <\/span><\/li>\n<li><strong><span>De compras<\/span><\/strong><span> Compras: T\u00fa aportas los ingredientes necesarios o pides a nuestra ayuda dom\u00e9stica que lo haga por ti. <\/span><\/li>\n<li><strong><span>Preparar comidas en casa<\/span><\/strong><span> Nuestra ayuda dom\u00e9stica prepara comidas en tu cocina, siguiendo tus instrucciones. <\/span><\/li>\n<\/ol>\n<\/div><\/div><div class=\"w-separator size_medium\"><\/div><div class=\"wpb_text_column\"><div class=\"wpb_wrapper\"><h3>\u00bfC\u00f3mo funciona?<\/h3>\n<ul>\n<li><strong><span>Preparaci\u00f3n de comidas ligeras<\/span><\/strong><span> Pelar y lavar verduras, cocer pasta o arroz, hacer ensaladas, etc.<\/span><\/li>\n<li><strong><span>Asistencia culinaria<\/span><\/strong><span> Ayuda para preparar tus recetas favoritas, seg\u00fan tus instrucciones. <\/span><\/li>\n<\/ul>\n<\/div><\/div><div class=\"w-separator size_medium\"><\/div><div class=\"wpb_text_column\"><div class=\"wpb_wrapper\"><h3>\u00bfPor qu\u00e9 elegir Aaxe Titres-Services?<\/h3>\n<ul>\n<li><strong><span>Versatilidad<\/span><\/strong><span> Adem\u00e1s de las tareas dom\u00e9sticas y la plancha, nuestras Empleadas del hogar pueden ayudarte con la Preparaci\u00f3n de comida, ofreci\u00e9ndote una soluci\u00f3n completa para tu comodidad en casa. <\/span><\/li>\n<li><strong><span>Flexibilidad<\/span><\/strong><span> Nos adaptamos a tus horarios y preferencias culinarias. <\/span><\/li>\n<li><strong><span>Conf\u00eda en<\/span><\/strong><span><span> Desde 2004, atendemos a nuestros clientes con fiabilidad y eficacia. <\/span><\/span><\/li>\n<\/ul>\n<\/div><\/div><\/div><\/div><\/div><div class=\"vc_col-sm-2 wpb_column vc_column_container\"><div class=\"vc_column-inner\"><div class=\"wpb_wrapper\"><\/div><\/div><\/div><div class=\"vc_col-sm-3 wpb_column vc_column_container\"><div class=\"vc_column-inner type_sticky\"><div class=\"wpb_wrapper\"><div class=\"w-vwrapper align_none valign_top us_custom_608ccab3\" style=\"--vwrapper-gap:0.7rem\"><div class=\"wpb_text_column us_custom_f2746f9a has_text_color\"><div class=\"wpb_wrapper\"><h5>Nuestros servicios<\/h5>\n<\/div><\/div><div class=\"w-btn-wrapper align_none\"><a class=\"w-btn us-btn-style_5\" href=\"https:\/\/www.aaxe.be\/es\/por-que-elegir-aaxe\/nuestros-servicios\/limpieza\/\"><span class=\"w-btn-label\">Limpieza<\/span><\/a><\/div><div class=\"w-btn-wrapper align_none\"><a class=\"w-btn us-btn-style_5\" href=\"https:\/\/www.aaxe.be\/es\/por-que-elegir-aaxe\/nuestros-servicios\/empleada-del-hogar\/\"><span class=\"w-btn-label\">Empleada del hogar<\/span><\/a><\/div><div class=\"w-btn-wrapper align_none\"><a class=\"w-btn us-btn-style_5\" href=\"https:\/\/www.aaxe.be\/es\/por-que-elegir-aaxe\/nuestros-servicios\/centros-de-planchado\/\"><span class=\"w-btn-label\">Centros de planchado<\/span><\/a><\/div><div class=\"w-btn-wrapper align_none\"><a class=\"w-btn us-btn-style_5\" href=\"https:\/\/www.aaxe.be\/es\/por-que-elegir-aaxe\/nuestros-servicios\/lavado-costura-planchado\/\"><span class=\"w-btn-label\">Lavado, costura, planchado<\/span><\/a><\/div><\/div><\/div><\/div><\/div><\/div><\/div><\/section><section class=\"l-section wpb_row height_large\"><div class=\"l-section-h i-cf\"><div class=\"g-cols vc_row via_flex valign_top type_default stacking_default\"><div class=\"vc_col-sm-12 wpb_column vc_column_container\"><div class=\"vc_column-inner\"><div class=\"wpb_wrapper\"><div class=\"w-grid us_post_carousel temoincarou apply_url_params type_carousel layout_1428 preload_style_spinner items_3\" id=\"us_post_list_g240\" style=\"--items:3;--gap:10px;\"><style>.layout_1428 .w-grid-item-h{}.layout_1428 .usg_post_image_1{border-radius:10px!important}<\/style><div class=\"w-grid-list owl-carousel valign_stretch dotstyle_circle navstyle_circle arrows-ver-pos_middle arrows-hor-pos_on_sides_outside arrows-disabled_hide owl-responsive-2000 with_dots\" style=\"--transition-duration:350ms;\">\t<article class=\"w-grid-item size_1x1 post-2738 attachment type-attachment status-inherit hentry\" data-id=\"2738\">\r\n\t\t<div class=\"w-grid-item-h\">\r\n\t\t\t\t\t\t<div class=\"w-post-elm post_image usg_post_image_1 has_ratio\"><a ref=\"magnificPopup\" href=\"https:\/\/www.aaxe.be\/wp-content\/uploads\/2025\/04\/IMGL8453.jpg\" aria-label=\"IMGL8453\"><img loading=\"lazy\" decoding=\"async\" width=\"1024\" height=\"801\" src=\"https:\/\/www.aaxe.be\/wp-content\/uploads\/2025\/04\/IMGL8453-1024x801.jpg\" class=\"attachment-large size-large\" alt=\"\" title=\"\"><\/a><div style=\"padding-bottom:100%\"><\/div><\/div>\t\t<\/div>\r\n\t\t\t<\/article>\r\n\t<article class=\"w-grid-item size_1x1 post-2471 attachment type-attachment status-inherit hentry\" data-id=\"2471\">\r\n\t\t<div class=\"w-grid-item-h\">\r\n\t\t\t\t\t\t<div class=\"w-post-elm post_image usg_post_image_1 has_ratio\"><a ref=\"magnificPopup\" href=\"https:\/\/www.aaxe.be\/wp-content\/uploads\/2025\/04\/IMGL8198.jpg\" aria-label=\"IMGL8198\"><img loading=\"lazy\" decoding=\"async\" width=\"682\" height=\"1024\" src=\"https:\/\/www.aaxe.be\/wp-content\/uploads\/2025\/04\/IMGL8198-682x1024.jpg\" class=\"attachment-large size-large\" alt=\"\" title=\"\"><\/a><div style=\"padding-bottom:100%\"><\/div><\/div>\t\t<\/div>\r\n\t\t\t<\/article>\r\n\t<article class=\"w-grid-item size_1x1 post-2447 attachment type-attachment status-inherit hentry\" data-id=\"2447\">\r\n\t\t<div class=\"w-grid-item-h\">\r\n\t\t\t\t\t\t<div class=\"w-post-elm post_image usg_post_image_1 has_ratio\"><a ref=\"magnificPopup\" href=\"https:\/\/www.aaxe.be\/wp-content\/uploads\/2025\/04\/IMGL8183.jpg\" aria-label=\"IMGL8183\"><img loading=\"lazy\" decoding=\"async\" width=\"682\" height=\"1024\" src=\"https:\/\/www.aaxe.be\/wp-content\/uploads\/2025\/04\/IMGL8183-682x1024.jpg\" class=\"attachment-large size-large\" alt=\"\" title=\"\"><\/a><div style=\"padding-bottom:100%\"><\/div><\/div>\t\t<\/div>\r\n\t\t\t<\/article>\r\n\t<article class=\"w-grid-item size_1x1 post-2321 attachment type-attachment status-inherit hentry\" data-id=\"2321\">\r\n\t\t<div class=\"w-grid-item-h\">\r\n\t\t\t\t\t\t<div class=\"w-post-elm post_image usg_post_image_1 has_ratio\"><a ref=\"magnificPopup\" href=\"https:\/\/www.aaxe.be\/wp-content\/uploads\/2025\/04\/IMGL8068-Modifier.jpg\" aria-label=\"IMGL8068-Modifier\"><img loading=\"lazy\" decoding=\"async\" width=\"1024\" height=\"711\" src=\"https:\/\/www.aaxe.be\/wp-content\/uploads\/2025\/04\/IMGL8068-Modifier-1024x711.jpg\" class=\"attachment-large size-large\" alt=\"\" title=\"\"><\/a><div style=\"padding-bottom:100%\"><\/div><\/div>\t\t<\/div>\r\n\t\t\t<\/article>\r\n\t<article class=\"w-grid-item size_1x1 post-2303 attachment type-attachment status-inherit hentry\" data-id=\"2303\">\r\n\t\t<div class=\"w-grid-item-h\">\r\n\t\t\t\t\t\t<div class=\"w-post-elm post_image usg_post_image_1 has_ratio\"><a ref=\"magnificPopup\" href=\"https:\/\/www.aaxe.be\/wp-content\/uploads\/2025\/04\/IMGL8034-Modifier.jpg\" aria-label=\"IMGL8034-Modifier\"><img loading=\"lazy\" decoding=\"async\" width=\"682\" height=\"1024\" src=\"https:\/\/www.aaxe.be\/wp-content\/uploads\/2025\/04\/IMGL8034-Modifier-682x1024.jpg\" class=\"attachment-large size-large\" alt=\"\" title=\"\"><\/a><div style=\"padding-bottom:100%\"><\/div><\/div>\t\t<\/div>\r\n\t\t\t<\/article>\r\n\t<article class=\"w-grid-item size_1x1 post-2216 attachment type-attachment status-inherit hentry\" data-id=\"2216\">\r\n\t\t<div class=\"w-grid-item-h\">\r\n\t\t\t\t\t\t<div class=\"w-post-elm post_image usg_post_image_1 has_ratio\"><a ref=\"magnificPopup\" href=\"https:\/\/www.aaxe.be\/wp-content\/uploads\/2025\/04\/IMGL7781.jpg\" aria-label=\"IMGL7781\"><img loading=\"lazy\" decoding=\"async\" width=\"1024\" height=\"677\" src=\"https:\/\/www.aaxe.be\/wp-content\/uploads\/2025\/04\/IMGL7781-1024x677.jpg\" class=\"attachment-large size-large\" alt=\"\" title=\"\"><\/a><div style=\"padding-bottom:100%\"><\/div><\/div>\t\t<\/div>\r\n\t\t\t<\/article>\r\n\t<article class=\"w-grid-item size_1x1 post-2189 attachment type-attachment status-inherit hentry\" data-id=\"2189\">\r\n\t\t<div class=\"w-grid-item-h\">\r\n\t\t\t\t\t\t<div class=\"w-post-elm post_image usg_post_image_1 has_ratio\"><a ref=\"magnificPopup\" href=\"https:\/\/www.aaxe.be\/wp-content\/uploads\/2025\/04\/IMGL7740.jpg\" aria-label=\"IMGL7740\"><img loading=\"lazy\" decoding=\"async\" width=\"661\" height=\"1024\" src=\"https:\/\/www.aaxe.be\/wp-content\/uploads\/2025\/04\/IMGL7740-661x1024.jpg\" class=\"attachment-large size-large\" alt=\"\" title=\"\"><\/a><div style=\"padding-bottom:100%\"><\/div><\/div>\t\t<\/div>\r\n\t\t\t<\/article>\r\n<\/div><div class=\"w-grid-carousel-json hidden\" onclick='return {&quot;carousel_settings&quot;:{&quot;aria_labels&quot;:{&quot;prev&quot;:&quot;Anterior&quot;,&quot;next&quot;:&quot;Siguiente&quot;},&quot;autoplayContinual&quot;:false,&quot;autoplayContinualCss&quot;:false,&quot;autoplayHoverPause&quot;:false,&quot;autoplayTimeout&quot;:3000,&quot;autoWidth&quot;:false,&quot;smartSpeed&quot;:350,&quot;margin&quot;:0,&quot;mouseDrag&quot;:true,&quot;rtl&quot;:false,&quot;slideBy&quot;:&quot;1&quot;,&quot;touchDrag&quot;:true,&quot;slideTransition&quot;:&quot;&quot;,&quot;responsive&quot;:{&quot;0&quot;:{&quot;autoHeight&quot;:false,&quot;autoplay&quot;:false,&quot;autoplayContinualCss&quot;:false,&quot;autoWidth&quot;:false,&quot;center&quot;:false,&quot;dots&quot;:false,&quot;items&quot;:1,&quot;loop&quot;:false,&quot;nav&quot;:false,&quot;stagePadding&quot;:0,&quot;slideBy&quot;:&quot;1&quot;,&quot;touchDrag&quot;:true,&quot;mouseDrag&quot;:true},&quot;768&quot;:{&quot;items&quot;:3,&quot;autoplay&quot;:false,&quot;autoplayContinualCss&quot;:false,&quot;center&quot;:false,&quot;dots&quot;:true,&quot;nav&quot;:false,&quot;autoHeight&quot;:false,&quot;autoWidth&quot;:false,&quot;loop&quot;:true,&quot;stagePadding&quot;:0}}}}'><\/div><\/div><\/div><\/div><\/div><\/div><\/div><\/section><section class=\"l-section wpb_row height_small width_full\"><div class=\"l-section-h i-cf\"><div class=\"g-cols vc_row via_flex valign_top type_default stacking_default\"><div class=\"vc_col-sm-12 wpb_column vc_column_container\"><div class=\"vc_column-inner\"><div class=\"wpb_wrapper\"><div class=\"w-image us_custom_2d9ebfef align_none\"><div class=\"w-image-h\"><img decoding=\"async\" src=\"https:\/\/www.aaxe.be\/wp-content\/uploads\/2025\/04\/Aaxe-long-line.svg\" class=\"attachment-full size-full\" alt=\"\" loading=\"lazy\" title=\"\"><\/div><\/div><\/div><\/div><\/div><\/div><\/div><\/section>\n","protected":false},"excerpt":{"rendered":"","protected":false},"author":1,"featured_media":3177,"parent":3332,"menu_order":2,"comment_status":"closed","ping_status":"closed","template":"","meta":{"_acf_changed":false,"footnotes":""},"class_list":["post-3692","page","type-page","status-publish","has-post-thumbnail","hentry"],"acf":[],"_links":{"self":[{"href":"https:\/\/www.aaxe.be\/es\/wp-json\/wp\/v2\/pages\/3692","targetHints":{"allow":["GET"]}}],"collection":[{"href":"https:\/\/www.aaxe.be\/es\/wp-json\/wp\/v2\/pages"}],"about":[{"href":"https:\/\/www.aaxe.be\/es\/wp-json\/wp\/v2\/types\/page"}],"author":[{"embeddable":true,"href":"https:\/\/www.aaxe.be\/es\/wp-json\/wp\/v2\/users\/1"}],"replies":[{"embeddable":true,"href":"https:\/\/www.aaxe.be\/es\/wp-json\/wp\/v2\/comments?post=3692"}],"version-history":[{"count":11,"href":"https:\/\/www.aaxe.be\/es\/wp-json\/wp\/v2\/pages\/3692\/revisions"}],"predecessor-version":[{"id":5368,"href":"https:\/\/www.aaxe.be\/es\/wp-json\/wp\/v2\/pages\/3692\/revisions\/5368"}],"up":[{"embeddable":true,"href":"https:\/\/www.aaxe.be\/es\/wp-json\/wp\/v2\/pages\/3332"}],"wp:featuredmedia":[{"embeddable":true,"href":"https:\/\/www.aaxe.be\/es\/wp-json\/wp\/v2\/media\/3177"}],"wp:attachment":[{"href":"https:\/\/www.aaxe.be\/es\/wp-json\/wp\/v2\/media?parent=3692"}],"curies":[{"name":"wp","href":"https:\/\/api.w.org\/{rel}","templated":true}]}}