{"id":3799,"date":"2025-04-22T11:58:36","date_gmt":"2025-04-22T09:58:36","guid":{"rendered":"https:\/\/aaxetitresservices.kinsta.cloud\/por-que-elegir-aaxe\/1-empezar-con-los-cheques-de-servicios\/"},"modified":"2026-02-25T16:37:47","modified_gmt":"2026-02-25T15:37:47","slug":"1-empezar-con-los-cheques-de-servicios","status":"publish","type":"page","link":"https:\/\/www.aaxe.be\/es\/por-que-elegir-aaxe\/1-empezar-con-los-cheques-de-servicios\/","title":{"rendered":"Empezar con los cheques de servicios"},"content":{"rendered":"<section class=\"l-section wpb_row height_auto\"><div class=\"l-section-h i-cf\"><div class=\"g-cols vc_row via_flex valign_top type_default stacking_default\"><div class=\"vc_col-sm-12 wpb_column vc_column_container\"><div class=\"vc_column-inner\"><div class=\"wpb_wrapper\"><\/div><\/div><\/div><\/div><\/div><\/section><section class=\"l-section wpb_row us_custom_fb36e361 imgheader height_medium with_img\"><div class=\"l-section-img\" role=\"img\" aria-label=\"Imagen\" data-img-width=\"2560\" data-img-height=\"806\" style=\"background-image: url(https:\/\/www.aaxe.be\/wp-content\/uploads\/2025\/08\/large_IMGL8397-1-scaled.jpg);background-repeat: no-repeat;\"><\/div><div class=\"l-section-overlay\" style=\"background:linear-gradient(270deg, transparent 0%,rgba(54,54,54,0.3) 100%)\"><\/div><div class=\"l-section-h i-cf\"><div class=\"g-cols vc_row via_flex valign_bottom type_default stacking_default\"><div class=\"vc_col-sm-12 wpb_column vc_column_container\"><div class=\"vc_column-inner\"><div class=\"wpb_wrapper\"><div class=\"wpb_text_column us_custom_dcb699e1 has_text_color\"><div class=\"wpb_wrapper\"><h1>Empezar con los cheques de servicios<\/h1>\n<\/div><\/div><\/div><\/div><\/div><\/div><\/div><\/section><section class=\"l-section wpb_row us_custom_ac8bede8 height_auto\"><div class=\"l-section-h i-cf\"><div class=\"g-cols vc_row via_flex valign_top type_default stacking_default\"><div class=\"vc_col-sm-12 wpb_column vc_column_container\"><div class=\"vc_column-inner\"><div class=\"wpb_wrapper\"><nav class=\"g-breadcrumbs separator_icon align_none\" itemscope itemtype=\"http:\/\/schema.org\/BreadcrumbList\"><div class=\"g-breadcrumbs-item\" itemscope itemprop=\"itemListElement\" itemtype=\"http:\/\/schema.org\/ListItem\"><a itemprop=\"item\" href=\"https:\/\/www.aaxe.be\/es\/\"><span itemprop=\"name\">Inicio<\/span><\/a><meta itemprop=\"position\" content=\"1\"\/><\/div><div class=\"g-breadcrumbs-separator\"><i class=\"fas fa-circle\"><\/i><\/div><div class=\"g-breadcrumbs-item\">P\u00e1ginas<\/div><\/nav><\/div><\/div><\/div><\/div><\/div><\/section><section class=\"l-section wpb_row height_medium\" id=\"target\"><div class=\"l-section-h i-cf\"><div class=\"g-cols vc_row via_flex valign_top type_default stacking_default\"><div class=\"vc_col-sm-7 wpb_column vc_column_container\"><div class=\"vc_column-inner\"><div class=\"wpb_wrapper\"><div class=\"w-separator size_medium\"><\/div><div class=\"w-iconbox iconpos_left style_default color_primary align_left icontype_img\"><div class=\"w-iconbox-icon\" style=\"font-size:75px;\"><img loading=\"lazy\" decoding=\"async\" width=\"60\" height=\"59\" src=\"https:\/\/www.aaxe.be\/wp-content\/uploads\/2025\/05\/1-100x100-1-e1747299748782.png\" class=\"attachment-full size-full\" alt=\"\" title=\"\"><\/div><div class=\"w-iconbox-meta\"><h3 class=\"w-iconbox-title\">Reg\u00edstrate en Sodexo seg\u00fan tu regi\u00f3n.<\/h3><div class=\"w-iconbox-text\"><p>Si vives en la regi\u00f3n &#8230; :<\/p>\n<ul>\n<li>Bruselas:<span> <\/span><span style=\"text-decoration: underline;\"><a href=\"https:\/\/mes.titresservices.brussels\/register\" target=\"_blank\" rel=\"noopener\">www.titre-service.brussels<\/a><\/span><\/li>\n<li>Val\u00f3n :<span> <\/span><span style=\"text-decoration: underline;\"><a href=\"https:\/\/mes.titresservices.brussels\/register\" target=\"_blank\" rel=\"noopener\">www.titres-services.wallonie.be<\/a><\/span><\/li>\n<li>Flamenco :<span> <\/span><span style=\"text-decoration: underline;\"><a href=\"https:\/\/mes.titres-services.flandre.be\/register\" target=\"_blank\" rel=\"noopener\">www.titres-services.flandre.be<\/a><\/span><\/li>\n<\/ul>\n<p>Haz clic en &#8216;<span> <\/span><strong>Reg\u00edstrate<\/strong>\u00bb y sigue los pasos para registrarte.<\/p>\n<p>&nbsp;<\/p>\n<p><strong>M\u00e1s informaci\u00f3n sobre<span> <\/span><span style=\"text-decoration: underline;\"><a href=\"https:\/\/www.titre-service.brussels\/citoyen\/information\/inscription\/comment\" target=\"_blank\" rel=\"noopener\">C\u00f3mo inscribirse en el sistema de Cheques Servicio.<\/a><\/span><\/strong><\/p>\n<\/div><\/div><\/div><div class=\"w-hwrapper valign_middle us_custom_b0523e73 align_left\" style=\"--hwrapper-gap:1rem\"><div class=\"w-image align_none\"><div class=\"w-image-h\"><img decoding=\"async\" width=\"110\" height=\"75\" src=\"https:\/\/www.aaxe.be\/wp-content\/uploads\/2025\/05\/Be_Brussels_logo-110x75-1.jpg\" class=\"attachment-large size-large\" alt=\"\" loading=\"lazy\" title=\"\"><\/div><\/div><div class=\"w-image align_none\"><div class=\"w-image-h\"><img decoding=\"async\" width=\"110\" height=\"75\" src=\"https:\/\/www.aaxe.be\/wp-content\/uploads\/2025\/05\/vlaanderen-110x75-1.jpg\" class=\"attachment-large size-large\" alt=\"\" loading=\"lazy\" title=\"\"><\/div><\/div><div class=\"w-image align_none\"><div class=\"w-image-h\"><img decoding=\"async\" width=\"65\" height=\"105\" src=\"https:\/\/www.aaxe.be\/wp-content\/uploads\/2025\/05\/wallonie-65x105-1.png\" class=\"attachment-large size-large\" alt=\"\" loading=\"lazy\" title=\"\"><\/div><\/div><\/div><\/div><\/div><\/div><div class=\"vc_col-sm-2 wpb_column vc_column_container\"><div class=\"vc_column-inner\"><div class=\"wpb_wrapper\"><\/div><\/div><\/div><div class=\"vc_col-sm-3 wpb_column vc_column_container wilfixed\"><div class=\"vc_column-inner\"><div class=\"wpb_wrapper\"><div class=\"w-vwrapper align_none valign_top us_custom_608ccab3\" style=\"--vwrapper-gap:0.7rem\"><div class=\"wpb_text_column us_custom_f2746f9a has_text_color\"><div class=\"wpb_wrapper\"><h5>Nuestros servicios<\/h5>\n<\/div><\/div><div class=\"w-btn-wrapper align_none\"><a class=\"w-btn us-btn-style_5\" href=\"https:\/\/www.aaxe.be\/pourquoi-choisir-aaxe\/nos-services\/nettoyage\/\"><span class=\"w-btn-label\">Limpieza<\/span><\/a><\/div><div class=\"w-btn-wrapper align_none\"><a class=\"w-btn us-btn-style_5\" href=\"https:\/\/www.aaxe.be\/pourquoi-choisir-aaxe\/nos-services\/aide-menagere\/\"><span class=\"w-btn-label\">Empleada del hogar<\/span><\/a><\/div><div class=\"w-btn-wrapper align_none\"><a class=\"w-btn us-btn-style_5\" href=\"https:\/\/www.aaxe.be\/pourquoi-choisir-aaxe\/nos-services\/preparation-de-repas\/\"><span class=\"w-btn-label\">Preparaci\u00f3n de comida<\/span><\/a><\/div><div class=\"w-btn-wrapper align_none\"><a class=\"w-btn us-btn-style_5\" href=\"https:\/\/www.aaxe.be\/pourquoi-choisir-aaxe\/nos-services\/centrales-de-repassage\/\"><span class=\"w-btn-label\">Centros de planchado<\/span><\/a><\/div><div class=\"w-btn-wrapper align_none\"><a class=\"w-btn us-btn-style_5\" href=\"https:\/\/www.aaxe.be\/pourquoi-choisir-aaxe\/nos-services\/linge-couture-repassage\/\"><span class=\"w-btn-label\">Lavado, costura, planchado<\/span><\/a><\/div><\/div><\/div><\/div><\/div><\/div><\/div><\/section><section class=\"l-section wpb_row us_custom_5ddd5430 steps height_medium\"><div class=\"l-section-h i-cf\"><div class=\"g-cols vc_row via_flex valign_top type_default stacking_default\"><div class=\"vc_col-sm-12 wpb_column vc_column_container\"><div class=\"vc_column-inner\"><div class=\"wpb_wrapper\"><div class=\"w-iconbox iconpos_left style_default color_primary align_left icontype_img\"><div class=\"w-iconbox-icon\" style=\"font-size:75px;\"><img loading=\"lazy\" decoding=\"async\" width=\"59\" height=\"57\" src=\"https:\/\/www.aaxe.be\/wp-content\/uploads\/2025\/05\/2-100x100-1-e1747299730907.png\" class=\"attachment-full size-full\" alt=\"\" title=\"\"><\/div><div class=\"w-iconbox-meta\"><h3 class=\"w-iconbox-title\">Pide tus entradas en papel o electr\u00f3nicas.<\/h3><div class=\"w-iconbox-text\"><p><span>Dependiendo de tu preferencia, puedes pedir tus primeros cheques de servicios en <\/span><strong>versi\u00f3n en papel<\/strong><span> o en <\/span><strong>versi\u00f3n electr\u00f3nica<\/strong><span>.<\/span><br \/>\n<span>Puedes cambiar tu elecci\u00f3n desde tu perfil.<\/span><\/p>\n<\/div><\/div><\/div><\/div><\/div><\/div><\/div><\/div><\/section><section class=\"l-section wpb_row steps height_medium\"><div class=\"l-section-h i-cf\"><div class=\"g-cols vc_row via_flex valign_top type_default stacking_default\"><div class=\"vc_col-sm-12 wpb_column vc_column_container\"><div class=\"vc_column-inner\"><div class=\"wpb_wrapper\"><div class=\"w-iconbox iconpos_left style_default color_primary align_left icontype_img\"><div class=\"w-iconbox-icon\" style=\"font-size:75px;\"><img loading=\"lazy\" decoding=\"async\" width=\"59\" height=\"59\" src=\"https:\/\/www.aaxe.be\/wp-content\/uploads\/2025\/05\/3-100x100-1-e1747299767753.png\" class=\"attachment-full size-full\" alt=\"\" title=\"\"><\/div><div class=\"w-iconbox-meta\"><h3 class=\"w-iconbox-title\">P\u00eddenos una Empleada del hogar.<\/h3><div class=\"w-iconbox-text\"><p><strong>Contacta con nosotros en<\/strong><\/p>\n<ul>\n<li>A trav\u00e9s de nuestro<span> <\/span><span style=\"text-decoration: underline;\"><a href=\"https:\/\/www.aaxe.be\/es\/por-que-elegir-aaxe\/\">formulario online.<\/a><\/span><\/li>\n<li>Por correo electr\u00f3nico (<span style=\"text-decoration: underline;\"><a href=\"mailto:titres-services@aaxe.be\">titres-services@aaxe.be<\/a><\/span>)<\/li>\n<li>Por tel\u00e9fono (<a title=\"Nuestras oficinas\" href=\"https:\/\/www.aaxe.be\/es\/nuestras-oficinas\/\"><span style=\"text-decoration: underline;\">consulta Nuestras oficinas<\/span><\/a>)<\/li>\n<\/ul>\n<p>Escuchamos tus necesidades y adaptamos tu solicitud a tus requisitos: d\u00eda preferido, n\u00famero de horas, etc.<\/p>\n<\/div><\/div><\/div><\/div><\/div><\/div><\/div><\/div><\/section><section class=\"l-section wpb_row us_custom_5ddd5430 steps height_medium\"><div class=\"l-section-h i-cf\"><div class=\"g-cols vc_row via_flex valign_top type_default stacking_default\"><div class=\"vc_col-sm-12 wpb_column vc_column_container\"><div class=\"vc_column-inner\"><div class=\"wpb_wrapper\"><div class=\"w-iconbox iconpos_left style_default color_primary align_left icontype_img\"><div class=\"w-iconbox-icon\" style=\"font-size:75px;\"><img loading=\"lazy\" decoding=\"async\" width=\"59\" height=\"61\" src=\"https:\/\/www.aaxe.be\/wp-content\/uploads\/2025\/05\/4-100x100-1-e1747299787414.png\" class=\"attachment-full size-full\" alt=\"\" title=\"\"><\/div><div class=\"w-iconbox-meta\"><h3 class=\"w-iconbox-title\">Para pagar las horas trabajadas durante el servicio :<\/h3><div class=\"w-iconbox-text\"><ul>\n<li><strong>Vales electr\u00f3nicos:<\/strong>No podr\u00eda ser m\u00e1s sencillo: codificamos los servicios por ti.<br \/>\nLo \u00fanico que tienes que hacer es validarlos.<\/li>\n<\/ul>\n<ul>\n<li>Vales <strong>en papel:<\/strong>Das a la Empleada del hogar tantos Vales de Servicio como horas trabajadas. (como recordatorio: 1 hora = 1 vale)<\/li>\n<\/ul>\n<\/div><\/div><\/div><\/div><\/div><\/div><\/div><\/div><\/section><section class=\"l-section wpb_row height_medium\" id=\"stop\"><div class=\"l-section-h i-cf\"><div class=\"g-cols vc_row via_flex valign_top type_default stacking_default\"><div class=\"vc_col-sm-12 wpb_column vc_column_container\"><div class=\"vc_column-inner\"><div class=\"wpb_wrapper\"><div class=\"wpb_text_column\"><div class=\"wpb_wrapper\"><h3>Ver tambi\u00e9n :<\/h3>\n<ul>\n<li><span style=\"text-decoration: underline;\"><a title=\"Las ventajas\" href=\"https:\/\/www.aaxe.be\/es\/por-que-elegir-aaxe\/las-ventajas\/\" target=\"_blank\" rel=\"noopener\">Precios de las entradas por regi\u00f3n.<\/a><\/span><\/li>\n<li><span style=\"text-decoration: underline;\"><a title=\"\u00bfNecesita ayuda dom\u00e9stica?\" href=\"https:\/\/www.aaxe.be\/es\/por-que-elegir-aaxe\/\" target=\"_blank\" rel=\"noopener\">Solicitud de Empleada del hogar (formulario)<\/a><\/span><\/li>\n<\/ul>\n<\/div><\/div><\/div><\/div><\/div><\/div><\/div><\/section>\n","protected":false},"excerpt":{"rendered":"Empezar con los cheques de servicios InicioP\u00e1ginasReg\u00edstrate en Sodexo seg\u00fan tu regi\u00f3n.Si vives en la regi\u00f3n ... : Bruselas: www.titre-service.brussels Val\u00f3n : www.titres-services.wallonie.be Flamenco : www.titres-services.flandre.be Haz clic en ' Reg\u00edstrate\" y sigue los pasos para registrarte. &nbsp; M\u00e1s informaci\u00f3n sobre C\u00f3mo inscribirse en el sistema de Cheques Servicio. Nuestros servicios LimpiezaEmpleada del hogarPreparaci\u00f3n de...","protected":false},"author":1,"featured_media":4229,"parent":3298,"menu_order":2,"comment_status":"closed","ping_status":"closed","template":"","meta":{"_acf_changed":false,"footnotes":""},"class_list":["post-3799","page","type-page","status-publish","has-post-thumbnail","hentry"],"acf":[],"_links":{"self":[{"href":"https:\/\/www.aaxe.be\/es\/wp-json\/wp\/v2\/pages\/3799","targetHints":{"allow":["GET"]}}],"collection":[{"href":"https:\/\/www.aaxe.be\/es\/wp-json\/wp\/v2\/pages"}],"about":[{"href":"https:\/\/www.aaxe.be\/es\/wp-json\/wp\/v2\/types\/page"}],"author":[{"embeddable":true,"href":"https:\/\/www.aaxe.be\/es\/wp-json\/wp\/v2\/users\/1"}],"replies":[{"embeddable":true,"href":"https:\/\/www.aaxe.be\/es\/wp-json\/wp\/v2\/comments?post=3799"}],"version-history":[{"count":11,"href":"https:\/\/www.aaxe.be\/es\/wp-json\/wp\/v2\/pages\/3799\/revisions"}],"predecessor-version":[{"id":5328,"href":"https:\/\/www.aaxe.be\/es\/wp-json\/wp\/v2\/pages\/3799\/revisions\/5328"}],"up":[{"embeddable":true,"href":"https:\/\/www.aaxe.be\/es\/wp-json\/wp\/v2\/pages\/3298"}],"wp:featuredmedia":[{"embeddable":true,"href":"https:\/\/www.aaxe.be\/es\/wp-json\/wp\/v2\/media\/4229"}],"wp:attachment":[{"href":"https:\/\/www.aaxe.be\/es\/wp-json\/wp\/v2\/media?parent=3799"}],"curies":[{"name":"wp","href":"https:\/\/api.w.org\/{rel}","templated":true}]}}