{"id":3296,"date":"2025-04-22T11:58:00","date_gmt":"2025-04-22T09:58:00","guid":{"rendered":"https:\/\/aaxetitresservices.kinsta.cloud\/dlaczego-warto-wybrac-aaxe\/"},"modified":"2025-08-04T13:09:53","modified_gmt":"2025-08-04T11:09:53","slug":"dlaczego-warto-wybrac-aaxe","status":"publish","type":"page","link":"https:\/\/www.aaxe.be\/pl\/dlaczego-warto-wybrac-aaxe\/","title":{"rendered":"Dlaczego warto wybra\u0107 Aaxe?"},"content":{"rendered":"<section class=\"l-section wpb_row height_auto\"><div class=\"l-section-h i-cf\"><div class=\"g-cols vc_row via_flex valign_top type_default stacking_default\"><div class=\"vc_col-sm-12 wpb_column vc_column_container\"><div class=\"vc_column-inner\"><div class=\"wpb_wrapper\"><\/div><\/div><\/div><\/div><\/div><\/section><section class=\"l-section wpb_row us_custom_fb36e361 imgheader height_medium with_img\"><div class=\"l-section-img\" role=\"img\" aria-label=\"Obrazek\" data-img-width=\"2560\" data-img-height=\"1016\" style=\"background-image: url(https:\/\/www.aaxe.be\/wp-content\/uploads\/2025\/04\/large_IMGL7798-scaled.jpg);background-repeat: no-repeat;\"><\/div><div class=\"l-section-overlay\" style=\"background:linear-gradient(270deg, transparent 0%,rgba(54,54,54,0.3) 100%)\"><\/div><div class=\"l-section-h i-cf\"><div class=\"g-cols vc_row via_flex valign_bottom type_default stacking_default\"><div class=\"vc_col-sm-12 wpb_column vc_column_container\"><div class=\"vc_column-inner\"><div class=\"wpb_wrapper\"><div class=\"wpb_text_column us_custom_dcb699e1 has_text_color\"><div class=\"wpb_wrapper\"><h1>Witamy na stronie<br \/>\nAaxe Titres-Services<\/h1>\n<\/div><\/div><\/div><\/div><\/div><\/div><\/div><\/section><section class=\"l-section wpb_row us_custom_ac8bede8 height_auto\"><div class=\"l-section-h i-cf\"><div class=\"g-cols vc_row via_flex valign_top type_default stacking_default\"><div class=\"vc_col-sm-12 wpb_column vc_column_container\"><div class=\"vc_column-inner\"><div class=\"wpb_wrapper\"><nav class=\"g-breadcrumbs separator_icon align_none\" itemscope itemtype=\"http:\/\/schema.org\/BreadcrumbList\"><div class=\"g-breadcrumbs-item\" itemscope itemprop=\"itemListElement\" itemtype=\"http:\/\/schema.org\/ListItem\"><a itemprop=\"item\" href=\"https:\/\/www.aaxe.be\/pl\/\"><span itemprop=\"name\">Strona g\u0142\u00f3wna<\/span><\/a><meta itemprop=\"position\" content=\"1\"\/><\/div><div class=\"g-breadcrumbs-separator\"><i class=\"fas fa-circle\"><\/i><\/div><div class=\"g-breadcrumbs-item\">Strony<\/div><\/nav><\/div><\/div><\/div><\/div><\/div><\/section><section class=\"l-section wpb_row us_custom_e11ab399 height_medium\"><div class=\"l-section-h i-cf\"><div class=\"g-cols vc_row via_flex valign_top type_default stacking_default\"><div class=\"vc_col-sm-6 vc_col-lg-5 vc_col-md-5 vc_col-xs-12 wpb_column vc_column_container\"><div class=\"vc_column-inner\"><div class=\"wpb_wrapper\"><div class=\"wpb_text_column tagtext left\"><div class=\"wpb_wrapper\"><p style=\"text-align: left;\">Dlaczego warto korzysta\u0107 z Aaxe Titres-Services?<\/p>\n<\/div><\/div><div class=\"w-separator size_small\"><\/div><div class=\"wpb_text_column us_custom_9eee4631\"><div class=\"wpb_wrapper\"><h2 style=\"text-align: left;\">Powod\u00f3w, dla kt\u00f3rych warto powierzy\u0107<strong> swoje obowi\u0105zki domowe firmie Aaxe Titres-Services<\/strong>.<\/h2>\n<\/div><\/div><div class=\"w-separator size_small\"><\/div><div class=\"wpb_text_column\"><div class=\"wpb_wrapper\"><p style=\"text-align: left;\">Wyb\u00f3r Aaxe oznacza wyb\u00f3r niezawodnej, wydajnej us\u0142ugi sprz\u0105tania i prasowania dostosowanej do Twoich potrzeb. Dowiedz si\u0119, dlaczego ka\u017cdego dnia ufaj\u0105 nam tysi\u0105ce klient\u00f3w.<\/p>\n<\/div><\/div><div class=\"w-separator size_small\"><\/div><div class=\"w-btn-wrapper align_none\"><a class=\"w-btn us-btn-style_2\" href=\"https:\/\/www.aaxe.be\/pl\/dlaczego-warto-wybrac-aaxe\/nasze-uslugi\/\"><span class=\"w-btn-label\">Nasze us\u0142ugi<\/span><\/a><\/div><div class=\"w-btn-wrapper align_none\"><a class=\"w-btn us-btn-style_1\" href=\"https:\/\/www.aaxe.be\/pl\/blog\/czym-sa-czeki-uslugowe-i-jak-dzialaja\/\"><span class=\"w-btn-label\">Zosta\u0144 naszym klientem<\/span><\/a><\/div><\/div><\/div><\/div><div class=\"vc_col-sm-1 vc_hidden-sm vc_hidden-xs wpb_column vc_column_container\"><div class=\"vc_column-inner\"><div class=\"wpb_wrapper\"><\/div><\/div><\/div><div class=\"vc_col-sm-6 vc_col-lg-6 vc_col-md-6 vc_col-xs-12 wpb_column vc_column_container imagesliderheight\"><div class=\"vc_column-inner us_custom_976292b0\"><div class=\"wpb_wrapper\"><div class=\"w-slider style_none fit_cover nav_dots count_3\"><div class=\"w-slider-h\" aria-hidden=\"true\"><div class=\"royalSlider\"><div class=\"rsContent\"><a class=\"rsImg\" data-rsw=\"2560\" data-rsh=\"1707\" href=\"https:\/\/www.aaxe.be\/wp-content\/uploads\/2025\/04\/IMGL7568-2-scaled.jpg\"><span data-alt=\"\"><\/span><\/a><\/div><div class=\"rsContent\"><a class=\"rsImg\" data-rsw=\"2560\" data-rsh=\"1707\" href=\"https:\/\/www.aaxe.be\/wp-content\/uploads\/2025\/04\/IMGL7926-2-scaled.jpg\"><span data-alt=\"\"><\/span><\/a><\/div><div class=\"rsContent\"><a class=\"rsImg\" data-rsw=\"2560\" data-rsh=\"1707\" href=\"https:\/\/www.aaxe.be\/wp-content\/uploads\/2025\/04\/IMGL7798-2-scaled.jpg\"><span data-alt=\"\"><\/span><\/a><\/div><\/div><img decoding=\"async\" src=\"https:\/\/www.aaxe.be\/wp-content\/uploads\/2025\/04\/IMGL7568-2-scaled.jpg\" width=\"2560\" height=\"1707\" loading=\"lazy\" alt=\"\" title=\"\"><\/div><div class=\"w-slider-json\" onclick='return {&quot;autoScaleSlider&quot;:true,&quot;addActiveClass&quot;:true,&quot;loop&quot;:true,&quot;fadeInLoadedSlide&quot;:false,&quot;slidesSpacing&quot;:0,&quot;imageScalePadding&quot;:0,&quot;numImagesToPreload&quot;:2,&quot;arrowsNav&quot;:false,&quot;arrowsNavAutoHide&quot;:false,&quot;transitionType&quot;:&quot;move&quot;,&quot;transitionSpeed&quot;:250,&quot;block&quot;:{&quot;moveEffect&quot;:&quot;none&quot;,&quot;speed&quot;:300},&quot;thumbs&quot;:{&quot;fitInViewport&quot;:false,&quot;firstMargin&quot;:false,&quot;spacing&quot;:4},&quot;controlNavigation&quot;:&quot;bullets&quot;,&quot;autoplay&quot;:{&quot;enabled&quot;:true,&quot;pauseOnHover&quot;:true,&quot;delay&quot;:3000},&quot;autoScaleSliderWidth&quot;:2560,&quot;autoScaleSliderHeight&quot;:1707}'><\/div><\/div><\/div><\/div><\/div><\/div><\/div><\/section><section class=\"l-section wpb_row greyiconboxes height_large\"><div class=\"l-section-h i-cf\"><div class=\"g-cols vc_row via_flex valign_top type_default stacking_default\" style=\"--additional-gap:5px;\"><div class=\"vc_col-sm-6 vc_col-lg-4 vc_col-md-4 vc_col-xs-12 wpb_column vc_column_container\"><div class=\"vc_column-inner\"><div class=\"wpb_wrapper\"><div class=\"w-iconbox iconpos_top style_circle color_custom align_left\"><div class=\"w-iconbox-icon\" style=\"font-size:40px;--icon-color:#6A2383;--icon-bg-color:var(--color-lavender-custom);\"><i class=\"fal fa-star\"><\/i><\/div><div class=\"w-iconbox-meta\"><h5 class=\"w-iconbox-title\"><span>1<\/span> Do\u015bwiadczona i niezawodna pomoc domowa<\/h5><div class=\"w-iconbox-text\"><p>Nasi pomocnicy domowi s\u0105 wybierani ze wzgl\u0119du na swoje do\u015bwiadczenie i przechodz\u0105 ci\u0105g\u0142e szkolenia. Ich profesjonalizm potwierdza zadowolenie naszych klient\u00f3w.<\/p>\n<\/div><\/div><\/div><\/div><\/div><\/div><div class=\"vc_col-sm-6 vc_col-lg-4 vc_col-md-4 vc_col-xs-12 wpb_column vc_column_container\"><div class=\"vc_column-inner\"><div class=\"wpb_wrapper\"><div class=\"w-iconbox iconpos_top style_circle color_custom align_left\"><div class=\"w-iconbox-icon\" style=\"font-size:40px;--icon-color:#6A2383;--icon-bg-color:var(--color-lavender-custom);\"><i class=\"fal fa-users-class\"><\/i><\/div><div class=\"w-iconbox-meta\"><h5 class=\"w-iconbox-title\"><span>2<\/span> Kontynuacja i dalsze szkolenia<\/h5><div class=\"w-iconbox-text\"><p>Ka\u017cdej pomocy domowej oferujemy pe\u0142ny program szkoleniowy (techniki Sprz\u0105tania, ergonomia i prasowanie) w momencie rozpocz\u0119cia pracy. Organizujemy r\u00f3wnie\u017c regularne kursy doszkalaj\u0105ce.<\/p>\n<\/div><\/div><\/div><\/div><\/div><\/div><div class=\"vc_col-sm-6 vc_col-lg-4 vc_col-md-4 vc_col-xs-12 wpb_column vc_column_container\"><div class=\"vc_column-inner\"><div class=\"wpb_wrapper\"><div class=\"w-iconbox iconpos_top style_circle color_custom align_left\"><div class=\"w-iconbox-icon\" style=\"font-size:40px;--icon-color:#6A2383;--icon-bg-color:var(--color-lavender-custom);\"><i class=\"fal fa-shield-check\"><\/i><\/div><div class=\"w-iconbox-meta\"><h5 class=\"w-iconbox-title\"><span>3<\/span> Gwarantowane bezpiecze\u0144stwo i ubezpieczenie<\/h5><div class=\"w-iconbox-text\"><p>Dla Twojego spokoju nasi Pomocnicy domowi s\u0105 ubezpieczeni od wypadk\u00f3w przy pracy i wszelkich szk\u00f3d.<\/p>\n<\/div><\/div><\/div><\/div><\/div><\/div><div class=\"vc_col-sm-6 vc_col-lg-4 vc_col-md-4 vc_col-xs-12 wpb_column vc_column_container\"><div class=\"vc_column-inner\"><div class=\"wpb_wrapper\"><div class=\"w-iconbox iconpos_top style_circle color_custom align_left\"><div class=\"w-iconbox-icon\" style=\"font-size:40px;--icon-color:#6A2383;--icon-bg-color:var(--color-lavender-custom);\"><i class=\"fal fa-ear\"><\/i><\/div><div class=\"w-iconbox-meta\"><h5 class=\"w-iconbox-title\"><span>4<\/span> Spersonalizowana, uwa\u017cna obs\u0142uga<\/h5><div class=\"w-iconbox-text\"><p>Nasze us\u0142ugi dostosowujemy do konkretnych potrzeb. Mo\u017cesz liczy\u0107 na to, \u017ce zapewnimy Ci ludzkie i responsywne wsparcie podczas ca\u0142ej naszej wsp\u00f3\u0142pracy.<\/p>\n<\/div><\/div><\/div><\/div><\/div><\/div><div class=\"vc_col-sm-6 vc_col-lg-4 vc_col-md-4 vc_col-xs-12 wpb_column vc_column_container\"><div class=\"vc_column-inner\"><div class=\"wpb_wrapper\"><div class=\"w-iconbox iconpos_top style_circle color_custom align_left\"><div class=\"w-iconbox-icon\" style=\"font-size:40px;--icon-color:#6A2383;--icon-bg-color:var(--color-lavender-custom);\"><i class=\"fal fa-sitemap\"><\/i><\/div><div class=\"w-iconbox-meta\"><h5 class=\"w-iconbox-title\"><span>5<\/span> Rygorystyczna organizacja i spersonalizowane wsparcie<\/h5><div class=\"w-iconbox-text\"><p>Zostanie Ci przydzielona pomoc domowa. W przypadku nieobecno\u015bci, wykwalifikowany zast\u0119pca jest oferowany w celu zapewnienia ci\u0105g\u0142o\u015bci us\u0142ug.<\/p>\n<\/div><\/div><\/div><\/div><\/div><\/div><div class=\"vc_col-sm-6 vc_col-lg-4 vc_col-md-4 vc_col-xs-12 wpb_column vc_column_container\"><div class=\"vc_column-inner\"><div class=\"wpb_wrapper\"><div class=\"w-iconbox iconpos_top style_circle color_custom align_left\"><div class=\"w-iconbox-icon\" style=\"font-size:40px;--icon-color:#6A2383;--icon-bg-color:var(--color-lavender-custom);\"><i class=\"fal fa-lightbulb-on\"><\/i><\/div><div class=\"w-iconbox-meta\"><h5 class=\"w-iconbox-title\"><span>6<\/span> Motywacja i zaanga\u017cowanie naszych zespo\u0142\u00f3w<\/h5><div class=\"w-iconbox-text\"><p>Uczciwe wynagrodzenie i regularne monitorowanie zach\u0119caj\u0105 do zaanga\u017cowania naszych pomocy domowych, kt\u00f3re s\u0105 zawsze punktualne i zmotywowane.<\/p>\n<\/div><\/div><\/div><\/div><\/div><\/div><\/div><\/div><\/section>\n<section class=\"l-section wpb_row height_auto width_full\"><div class=\"l-section-h i-cf\"><div class=\"g-cols vc_row via_flex valign_top type_default stacking_default\"><div class=\"vc_col-sm-12 wpb_column vc_column_container\"><div class=\"vc_column-inner\"><div class=\"wpb_wrapper\"><div class=\"w-image us_custom_2d9ebfef align_none\"><div class=\"w-image-h\"><img decoding=\"async\" src=\"https:\/\/www.aaxe.be\/wp-content\/uploads\/2025\/04\/Aaxe-long-line.svg\" class=\"attachment-full size-full\" alt=\"\" loading=\"lazy\" title=\"\"><\/div><\/div><\/div><\/div><\/div><\/div><\/div><\/section><section class=\"l-section wpb_row height_auto\"><div class=\"l-section-h i-cf\"><div class=\"g-cols vc_row via_flex valign_top type_default stacking_default\"><div class=\"vc_col-sm-12 wpb_column vc_column_container\"><div class=\"vc_column-inner\"><div class=\"wpb_wrapper\"><\/div><\/div><\/div><\/div><\/div><\/section><section class=\"l-section wpb_row height_large\"><div class=\"l-section-h i-cf\"><div class=\"g-cols vc_row via_flex valign_top type_default stacking_default\"><div class=\"vc_col-sm-12 wpb_column vc_column_container\"><div class=\"vc_column-inner\"><div class=\"wpb_wrapper\"><div class=\"wpb_text_column tagtext left\"><div class=\"wpb_wrapper\"><p style=\"text-align: left;\">PRACA W AAXE TITRES-SERVICES<\/p>\n<\/div><\/div><div class=\"w-separator size_small\"><\/div><div class=\"wpb_text_column us_custom_9eee4631\"><div class=\"wpb_wrapper\"><h2 style=\"text-align: left;\">Chcesz do\u0142\u0105czy\u0107 do<strong>dynamicznego, wieloj\u0119zycznego zespo\u0142u<\/strong><br \/>\n<strong>?<\/strong><\/h2>\n<\/div><\/div><div class=\"w-separator size_small\"><\/div><div class=\"g-cols wpb_row via_flex valign_top type_default stacking_default\"><div class=\"vc_col-sm-6 wpb_column vc_column_container\"><div class=\"vc_column-inner\"><div class=\"wpb_wrapper\"><div class=\"wpb_text_column us_custom_f2746f9a has_text_color\"><div class=\"wpb_wrapper\"><h3>Pracownik biurowy w Aaxe<\/h3>\n<\/div><\/div><div class=\"w-separator size_small\"><\/div><div class=\"wpb_text_column\"><div class=\"wpb_wrapper\"><p>Do\u0142\u0105cz do naszego wieloj\u0119zycznego zespo\u0142u, oferujemy stabilne \u015brodowisko pracy, mo\u017cliwo\u015bci rozwoju i dynamiczne \u015brodowisko.<\/p>\n<ul>\n<li><span> <\/span>Stabilna, ustrukturyzowana praca.<\/li>\n<li><span> <\/span>Wsparcie i szkolenia.<\/li>\n<li><span> <\/span>Profesjonalny i zaanga\u017cowany zesp\u00f3\u0142.<\/li>\n<\/ul>\n<\/div><\/div><div class=\"w-separator size_small\"><\/div><div class=\"w-btn-wrapper align_none\"><a class=\"w-btn us-btn-style_1\" href=\"https:\/\/www.aaxe.be\/pl\/pracownik-biurowy-2\/\"><span class=\"w-btn-label\">Dowiedz si\u0119 wi\u0119cej<\/span><\/a><\/div><\/div><\/div><\/div><div class=\"vc_col-sm-6 wpb_column vc_column_container\"><div class=\"vc_column-inner\"><div class=\"wpb_wrapper\"><div class=\"wpb_text_column us_custom_f2746f9a has_text_color\"><div class=\"wpb_wrapper\"><h3>Pomoc domowa w Aaxe<\/h3>\n<\/div><\/div><div class=\"w-separator size_small\"><\/div><div class=\"wpb_text_column\"><div class=\"wpb_wrapper\"><p>Do\u0142\u0105cz do zespo\u0142u, kt\u00f3ry ceni Twoj\u0105 prac\u0119. Gwarantujemy bezpieczn\u0105 prac\u0119, spersonalizowane wsparcie i warunki dostosowane do Twojego tempa.<\/p>\n<ul>\n<li><span> <\/span>Zorganizowane, elastyczne planowanie.<\/li>\n<li><span> <\/span>Agencje wieloj\u0119zyczne.<\/li>\n<li><span> <\/span>Jasne i bezpieczne ramy prawne<\/li>\n<li>Korzy\u015bci: bony na posi\u0142ki, premia na koniec roku, bony ekologiczne itp.<\/li>\n<\/ul>\n<\/div><\/div><div class=\"w-separator size_small\"><\/div><div class=\"w-btn-wrapper align_none\"><a class=\"w-btn us-btn-style_1\" href=\"https:\/\/www.aaxe.be\/pl\/pracownik-biurowy-2\/pracownik-biurowy\/\"><span class=\"w-btn-label\">Dowiedz si\u0119 wi\u0119cej<\/span><\/a><\/div><\/div><\/div><\/div><\/div><\/div><\/div><\/div><\/div><\/div><\/section>\n","protected":false},"excerpt":{"rendered":"Witamy na stronie Aaxe Titres-Services Strona g\u0142\u00f3wnaStronyDlaczego warto korzysta\u0107 z Aaxe Titres-Services? Powod\u00f3w, dla kt\u00f3rych warto powierzy\u0107 swoje obowi\u0105zki domowe firmie Aaxe Titres-Services. Wyb\u00f3r Aaxe oznacza wyb\u00f3r niezawodnej, wydajnej us\u0142ugi sprz\u0105tania i prasowania dostosowanej do Twoich potrzeb. Dowiedz si\u0119, dlaczego ka\u017cdego dnia ufaj\u0105 nam tysi\u0105ce klient\u00f3w. Nasze us\u0142ugiZosta\u0144 naszym klientem1 Do\u015bwiadczona i niezawodna pomoc domowaNasi...","protected":false},"author":1,"featured_media":1726,"parent":0,"menu_order":3,"comment_status":"closed","ping_status":"closed","template":"","meta":{"_acf_changed":false,"footnotes":""},"class_list":["post-3296","page","type-page","status-publish","has-post-thumbnail","hentry"],"acf":[],"_links":{"self":[{"href":"https:\/\/www.aaxe.be\/pl\/wp-json\/wp\/v2\/pages\/3296","targetHints":{"allow":["GET"]}}],"collection":[{"href":"https:\/\/www.aaxe.be\/pl\/wp-json\/wp\/v2\/pages"}],"about":[{"href":"https:\/\/www.aaxe.be\/pl\/wp-json\/wp\/v2\/types\/page"}],"author":[{"embeddable":true,"href":"https:\/\/www.aaxe.be\/pl\/wp-json\/wp\/v2\/users\/1"}],"replies":[{"embeddable":true,"href":"https:\/\/www.aaxe.be\/pl\/wp-json\/wp\/v2\/comments?post=3296"}],"version-history":[{"count":3,"href":"https:\/\/www.aaxe.be\/pl\/wp-json\/wp\/v2\/pages\/3296\/revisions"}],"predecessor-version":[{"id":4077,"href":"https:\/\/www.aaxe.be\/pl\/wp-json\/wp\/v2\/pages\/3296\/revisions\/4077"}],"wp:featuredmedia":[{"embeddable":true,"href":"https:\/\/www.aaxe.be\/pl\/wp-json\/wp\/v2\/media\/1726"}],"wp:attachment":[{"href":"https:\/\/www.aaxe.be\/pl\/wp-json\/wp\/v2\/media?parent=3296"}],"curies":[{"name":"wp","href":"https:\/\/api.w.org\/{rel}","templated":true}]}}