{"id":3382,"date":"2025-04-29T11:29:44","date_gmt":"2025-04-29T09:29:44","guid":{"rendered":"https:\/\/aaxetitresservices.kinsta.cloud\/dlaczego-warto-wybrac-aaxe\/nasze-uslugi\/pomoc-domowa\/"},"modified":"2026-04-24T09:49:53","modified_gmt":"2026-04-24T07:49:53","slug":"pomoc-domowa","status":"publish","type":"page","link":"https:\/\/www.aaxe.be\/pl\/dlaczego-warto-wybrac-aaxe\/nasze-uslugi\/pomoc-domowa\/","title":{"rendered":"Pomoc domowa"},"content":{"rendered":"<section class=\"l-section wpb_row height_auto\"><div class=\"l-section-h i-cf\"><div class=\"g-cols vc_row via_flex valign_top type_default stacking_default\"><div class=\"vc_col-sm-12 wpb_column vc_column_container\"><div class=\"vc_column-inner\"><div class=\"wpb_wrapper\"><\/div><\/div><\/div><\/div><\/div><\/section><section class=\"l-section wpb_row us_custom_fb36e361 imgheader height_medium with_img\"><div class=\"l-section-img\" role=\"img\" aria-label=\"Obrazek\" data-img-width=\"2560\" data-img-height=\"806\" style=\"background-image: url(https:\/\/www.aaxe.be\/wp-content\/uploads\/2025\/08\/services_nettoyage_-scaled.jpg);background-repeat: no-repeat;\"><\/div><div class=\"l-section-overlay\" style=\"background:linear-gradient(270deg, transparent 0%,rgba(54,54,54,0.3) 100%)\"><\/div><div class=\"l-section-h i-cf\"><div class=\"g-cols vc_row via_flex valign_bottom type_default stacking_default\"><div class=\"vc_col-sm-12 wpb_column vc_column_container\"><div class=\"vc_column-inner\"><div class=\"wpb_wrapper\"><div class=\"wpb_text_column us_custom_dcb699e1 has_text_color\"><div class=\"wpb_wrapper\"><h1><span lang=\"FR-BE\">Pomoc domowa<\/span><\/h1>\n<\/div><\/div><\/div><\/div><\/div><\/div><\/div><\/section><section class=\"l-section wpb_row us_custom_ac8bede8 height_auto\"><div class=\"l-section-h i-cf\"><div class=\"g-cols vc_row via_flex valign_top type_default stacking_default\"><div class=\"vc_col-sm-12 wpb_column vc_column_container\"><div class=\"vc_column-inner\"><div class=\"wpb_wrapper\"><nav class=\"g-breadcrumbs separator_icon align_none\" itemscope itemtype=\"http:\/\/schema.org\/BreadcrumbList\"><div class=\"g-breadcrumbs-item\" itemscope itemprop=\"itemListElement\" itemtype=\"http:\/\/schema.org\/ListItem\"><a itemprop=\"item\" href=\"https:\/\/www.aaxe.be\/pl\/\"><span itemprop=\"name\">Strona g\u0142\u00f3wna<\/span><\/a><meta itemprop=\"position\" content=\"1\"\/><\/div><div class=\"g-breadcrumbs-separator\"><i class=\"fas fa-circle\"><\/i><\/div><div class=\"g-breadcrumbs-item\">Strony<\/div><\/nav><\/div><\/div><\/div><\/div><\/div><\/section><section class=\"l-section wpb_row height_medium\"><div class=\"l-section-h i-cf\"><div class=\"g-cols vc_row via_flex valign_top type_default stacking_default\"><div class=\"vc_col-sm-7 wpb_column vc_column_container\"><div class=\"vc_column-inner\"><div class=\"wpb_wrapper\"><div class=\"wpb_text_column tagtext left\"><div class=\"wpb_wrapper\"><p style=\"text-align: left;\">Co robimy<\/p>\n<\/div><\/div><div class=\"w-separator size_small\"><\/div><div class=\"wpb_text_column us_custom_9eee4631\"><div class=\"wpb_wrapper\"><h2><strong>Upro\u015b\u0107 swoj\u0105 codzienn\u0105 rutyn\u0119 dzi\u0119ki naszym wykwalifikowanym Pomocom domowym!<\/strong><\/h2>\n<p><span>W Aaxe Titres-Services oferujemy wysokiej jako\u015bci us\u0142ugi krajowe w Brukseli i okolicach. \u200b <\/span><\/p>\n<\/div><\/div><div class=\"w-separator size_small\"><\/div><div class=\"w-btn-wrapper align_none\"><a class=\"w-btn us-btn-style_1\" href=\"https:\/\/www.aaxe.be\/pl\/potrzebujesz-pomocy-domowej\/\"><span class=\"w-btn-label\">Zosta\u0144 naszym klientem<\/span><\/a><\/div><div class=\"w-btn-wrapper align_none\"><a class=\"w-btn us-btn-style_2\" href=\"https:\/\/www.aaxe.be\/pl\/dlaczego-warto-wybrac-aaxe\/nasze-uslugi\/\"><span class=\"w-btn-label\">Nasze us\u0142ugi<\/span><\/a><\/div><div class=\"w-separator size_medium\"><\/div><div class=\"wpb_text_column\"><div class=\"wpb_wrapper\"><h3>Nasze us\u0142ugi obejmuj\u0105 :<\/h3>\n<ul>\n<li><strong><span>Sprz\u0105tanie kompleksowe<\/span><\/strong><span> Konserwacja domu lub drugiego domu. <\/span><\/li>\n<li><strong><span>Sprz\u0105tanie okien<\/span><\/strong><span> Dla optymalnej czysto\u015bci w domu. <\/span><\/li>\n<li><strong><span>Pranie i prasowanie<\/span><\/strong><span> Dbamy o Twoje pranie, aby uzyska\u0107 nieskazitelne rezultaty. <\/span><\/li>\n<li><strong><span>Naprawianie ubra\u0144<\/span><\/strong><span> Drobne prace krawieckie przed\u0142u\u017caj\u0105ce \u017cywotno\u015b\u0107 ubra\u0144. <\/span><\/li>\n<li><strong><span>Przygotowywanie posi\u0142k\u00f3w<\/span><\/strong><span> Przygotowywanie prostych potraw na codzienne potrzeby. <\/span><\/li>\n<li><strong><span>Zakupy dla gospodarstw domowych<\/span><\/strong><span> Lokalne zakupy zaspokajaj\u0105ce codzienne potrzeby. <\/span><\/li>\n<\/ul>\n<\/div><\/div><div class=\"w-separator size_medium\"><\/div><div class=\"wpb_text_column\"><div class=\"wpb_wrapper\"><h3>Dlaczego warto wybra\u0107 pomoc domow\u0105 z Aaxe Titres-Services?<\/h3>\n<ul>\n<li><strong><span>Profesjonalizm<\/span><\/strong><span> Nasze pomoce domowe s\u0105 przeszkolone i zmotywowane do oferowania wysokiej jako\u015bci us\u0142ug. <\/span><\/li>\n<li><strong><span>Elastyczno\u015b\u0107<\/span><\/strong><span> Dostosowujemy si\u0119 do Twoich potrzeb i harmonogramu. <\/span><\/li>\n<li><strong><span>Blisko\u015b\u0107<\/span><\/strong><span> Dzi\u0119ki pi\u0119ciu Naszym biurom w Brukseli jeste\u015bmy zawsze blisko Ciebie. <\/span><\/li>\n<\/ul>\n<\/div><\/div><\/div><\/div><\/div><div class=\"vc_col-sm-2 wpb_column vc_column_container\"><div class=\"vc_column-inner\"><div class=\"wpb_wrapper\"><\/div><\/div><\/div><div class=\"vc_col-sm-3 wpb_column vc_column_container\"><div class=\"vc_column-inner type_sticky\"><div class=\"wpb_wrapper\"><div class=\"w-vwrapper align_none valign_top us_custom_608ccab3\" style=\"--vwrapper-gap:0.7rem\"><div class=\"wpb_text_column us_custom_f2746f9a has_text_color\"><div class=\"wpb_wrapper\"><h5>Nasze us\u0142ugi<\/h5>\n<\/div><\/div><div class=\"w-btn-wrapper align_none\"><a class=\"w-btn us-btn-style_5\" href=\"https:\/\/www.aaxe.be\/pl\/dlaczego-warto-wybrac-aaxe\/nasze-uslugi\/sprzatanie\/\"><span class=\"w-btn-label\">Sprz\u0105tanie<\/span><\/a><\/div><div class=\"w-btn-wrapper align_none\"><a class=\"w-btn us-btn-style_5\" href=\"https:\/\/www.aaxe.be\/pl\/dlaczego-warto-wybrac-aaxe\/nasze-uslugi\/przygotowywanie-posilkow\/\"><span class=\"w-btn-label\">Przygotowywanie posi\u0142k\u00f3w<\/span><\/a><\/div><div class=\"w-btn-wrapper align_none\"><a class=\"w-btn us-btn-style_5\" href=\"https:\/\/www.aaxe.be\/pl\/dlaczego-warto-wybrac-aaxe\/nasze-uslugi\/centra-prasowania\/\"><span class=\"w-btn-label\">Centra prasowania<\/span><\/a><\/div><div class=\"w-btn-wrapper align_none\"><a class=\"w-btn us-btn-style_5\" href=\"https:\/\/www.aaxe.be\/pl\/dlaczego-warto-wybrac-aaxe\/nasze-uslugi\/pranie-szycie-prasowanie\/\"><span class=\"w-btn-label\">Pranie, szycie, prasowanie<\/span><\/a><\/div><\/div><\/div><\/div><\/div><\/div><\/div><\/section><section class=\"l-section wpb_row height_large\"><div class=\"l-section-h i-cf\"><div class=\"g-cols vc_row via_flex valign_top type_default stacking_default\"><div class=\"vc_col-sm-12 wpb_column vc_column_container\"><div class=\"vc_column-inner\"><div class=\"wpb_wrapper\"><div class=\"w-grid us_post_carousel temoincarou apply_url_params type_carousel layout_1428 preload_style_spinner items_3\" id=\"us_post_list_y9de\" style=\"--items:3;--gap:10px;\"><style>.layout_1428 .w-grid-item-h{}.layout_1428 .usg_post_image_1{border-radius:10px!important}<\/style><div class=\"w-grid-list owl-carousel valign_stretch dotstyle_circle navstyle_circle arrows-ver-pos_middle arrows-hor-pos_on_sides_outside arrows-disabled_hide owl-responsive-2000 with_dots\" style=\"--transition-duration:350ms;\">\t<article class=\"w-grid-item size_1x1 post-857 attachment type-attachment status-inherit hentry\" data-id=\"857\">\r\n\t\t<div class=\"w-grid-item-h\">\r\n\t\t\t\t\t\t<div class=\"w-post-elm post_image usg_post_image_1 has_ratio\"><a ref=\"magnificPopup\" href=\"https:\/\/www.aaxe.be\/wp-content\/uploads\/2025\/04\/IMGL8453.jpg\" aria-label=\"IMGL8453\"><img loading=\"lazy\" decoding=\"async\" width=\"1024\" height=\"801\" src=\"https:\/\/www.aaxe.be\/wp-content\/uploads\/2025\/04\/IMGL8453-1024x801.jpg\" class=\"attachment-large size-large\" alt=\"\" title=\"\"><\/a><div style=\"padding-bottom:100%\"><\/div><\/div>\t\t<\/div>\r\n\t\t\t<\/article>\r\n\t<article class=\"w-grid-item size_1x1 post-590 attachment type-attachment status-inherit hentry\" data-id=\"590\">\r\n\t\t<div class=\"w-grid-item-h\">\r\n\t\t\t\t\t\t<div class=\"w-post-elm post_image usg_post_image_1 has_ratio\"><a ref=\"magnificPopup\" href=\"https:\/\/www.aaxe.be\/wp-content\/uploads\/2025\/04\/IMGL8198.jpg\" aria-label=\"IMGL8198\"><img loading=\"lazy\" decoding=\"async\" width=\"682\" height=\"1024\" src=\"https:\/\/www.aaxe.be\/wp-content\/uploads\/2025\/04\/IMGL8198-682x1024.jpg\" class=\"attachment-large size-large\" alt=\"\" title=\"\"><\/a><div style=\"padding-bottom:100%\"><\/div><\/div>\t\t<\/div>\r\n\t\t\t<\/article>\r\n\t<article class=\"w-grid-item size_1x1 post-566 attachment type-attachment status-inherit hentry\" data-id=\"566\">\r\n\t\t<div class=\"w-grid-item-h\">\r\n\t\t\t\t\t\t<div class=\"w-post-elm post_image usg_post_image_1 has_ratio\"><a ref=\"magnificPopup\" href=\"https:\/\/www.aaxe.be\/wp-content\/uploads\/2025\/04\/IMGL8183.jpg\" aria-label=\"IMGL8183\"><img loading=\"lazy\" decoding=\"async\" width=\"682\" height=\"1024\" src=\"https:\/\/www.aaxe.be\/wp-content\/uploads\/2025\/04\/IMGL8183-682x1024.jpg\" class=\"attachment-large size-large\" alt=\"\" title=\"\"><\/a><div style=\"padding-bottom:100%\"><\/div><\/div>\t\t<\/div>\r\n\t\t\t<\/article>\r\n\t<article class=\"w-grid-item size_1x1 post-440 attachment type-attachment status-inherit hentry\" data-id=\"440\">\r\n\t\t<div class=\"w-grid-item-h\">\r\n\t\t\t\t\t\t<div class=\"w-post-elm post_image usg_post_image_1 has_ratio\"><a ref=\"magnificPopup\" href=\"https:\/\/www.aaxe.be\/wp-content\/uploads\/2025\/04\/IMGL8068-Modifier.jpg\" aria-label=\"IMGL8068-Modifier\"><img loading=\"lazy\" decoding=\"async\" width=\"1024\" height=\"711\" src=\"https:\/\/www.aaxe.be\/wp-content\/uploads\/2025\/04\/IMGL8068-Modifier-1024x711.jpg\" class=\"attachment-large size-large\" alt=\"\" title=\"\"><\/a><div style=\"padding-bottom:100%\"><\/div><\/div>\t\t<\/div>\r\n\t\t\t<\/article>\r\n\t<article class=\"w-grid-item size_1x1 post-422 attachment type-attachment status-inherit hentry\" data-id=\"422\">\r\n\t\t<div class=\"w-grid-item-h\">\r\n\t\t\t\t\t\t<div class=\"w-post-elm post_image usg_post_image_1 has_ratio\"><a ref=\"magnificPopup\" href=\"https:\/\/www.aaxe.be\/wp-content\/uploads\/2025\/04\/IMGL8034-Modifier.jpg\" aria-label=\"IMGL8034-Modifier\"><img loading=\"lazy\" decoding=\"async\" width=\"682\" height=\"1024\" src=\"https:\/\/www.aaxe.be\/wp-content\/uploads\/2025\/04\/IMGL8034-Modifier-682x1024.jpg\" class=\"attachment-large size-large\" alt=\"\" title=\"\"><\/a><div style=\"padding-bottom:100%\"><\/div><\/div>\t\t<\/div>\r\n\t\t\t<\/article>\r\n\t<article class=\"w-grid-item size_1x1 post-335 attachment type-attachment status-inherit hentry\" data-id=\"335\">\r\n\t\t<div class=\"w-grid-item-h\">\r\n\t\t\t\t\t\t<div class=\"w-post-elm post_image usg_post_image_1 has_ratio\"><a ref=\"magnificPopup\" href=\"https:\/\/www.aaxe.be\/wp-content\/uploads\/2025\/04\/IMGL7781.jpg\" aria-label=\"IMGL7781\"><img loading=\"lazy\" decoding=\"async\" width=\"1024\" height=\"677\" src=\"https:\/\/www.aaxe.be\/wp-content\/uploads\/2025\/04\/IMGL7781-1024x677.jpg\" class=\"attachment-large size-large\" alt=\"\" title=\"\"><\/a><div style=\"padding-bottom:100%\"><\/div><\/div>\t\t<\/div>\r\n\t\t\t<\/article>\r\n\t<article class=\"w-grid-item size_1x1 post-308 attachment type-attachment status-inherit hentry\" data-id=\"308\">\r\n\t\t<div class=\"w-grid-item-h\">\r\n\t\t\t\t\t\t<div class=\"w-post-elm post_image usg_post_image_1 has_ratio\"><a ref=\"magnificPopup\" href=\"https:\/\/www.aaxe.be\/wp-content\/uploads\/2025\/04\/IMGL7740.jpg\" aria-label=\"IMGL7740\"><img loading=\"lazy\" decoding=\"async\" width=\"661\" height=\"1024\" src=\"https:\/\/www.aaxe.be\/wp-content\/uploads\/2025\/04\/IMGL7740-661x1024.jpg\" class=\"attachment-large size-large\" alt=\"\" title=\"\"><\/a><div style=\"padding-bottom:100%\"><\/div><\/div>\t\t<\/div>\r\n\t\t\t<\/article>\r\n<\/div><div class=\"w-grid-carousel-json hidden\" onclick='return {&quot;carousel_settings&quot;:{&quot;aria_labels&quot;:{&quot;prev&quot;:&quot;Poprzedni&quot;,&quot;next&quot;:&quot;Nast\\u0119pny&quot;},&quot;autoplayContinual&quot;:false,&quot;autoplayContinualCss&quot;:false,&quot;autoplayHoverPause&quot;:false,&quot;autoplayTimeout&quot;:3000,&quot;autoWidth&quot;:false,&quot;smartSpeed&quot;:350,&quot;margin&quot;:0,&quot;mouseDrag&quot;:true,&quot;rtl&quot;:false,&quot;slideBy&quot;:&quot;1&quot;,&quot;touchDrag&quot;:true,&quot;slideTransition&quot;:&quot;&quot;,&quot;responsive&quot;:{&quot;0&quot;:{&quot;autoHeight&quot;:false,&quot;autoplay&quot;:false,&quot;autoplayContinualCss&quot;:false,&quot;autoWidth&quot;:false,&quot;center&quot;:false,&quot;dots&quot;:false,&quot;items&quot;:1,&quot;loop&quot;:false,&quot;nav&quot;:false,&quot;stagePadding&quot;:0,&quot;slideBy&quot;:&quot;1&quot;,&quot;touchDrag&quot;:true,&quot;mouseDrag&quot;:true},&quot;768&quot;:{&quot;items&quot;:3,&quot;autoplay&quot;:false,&quot;autoplayContinualCss&quot;:false,&quot;center&quot;:false,&quot;dots&quot;:true,&quot;nav&quot;:false,&quot;autoHeight&quot;:false,&quot;autoWidth&quot;:false,&quot;loop&quot;:true,&quot;stagePadding&quot;:0}}}}'><\/div><\/div><\/div><\/div><\/div><\/div><\/div><\/section><section class=\"l-section wpb_row height_small width_full\"><div class=\"l-section-h i-cf\"><div class=\"g-cols vc_row via_flex valign_top type_default stacking_default\"><div class=\"vc_col-sm-12 wpb_column vc_column_container\"><div class=\"vc_column-inner\"><div class=\"wpb_wrapper\"><div class=\"w-image us_custom_2d9ebfef align_none\"><div class=\"w-image-h\"><img decoding=\"async\" src=\"https:\/\/www.aaxe.be\/wp-content\/uploads\/2025\/04\/Aaxe-long-line.svg\" class=\"attachment-full size-full\" alt=\"\" loading=\"lazy\" title=\"\"><\/div><\/div><\/div><\/div><\/div><\/div><\/div><\/section>\n","protected":false},"excerpt":{"rendered":"","protected":false},"author":1,"featured_media":4263,"parent":3333,"menu_order":1,"comment_status":"closed","ping_status":"closed","template":"","meta":{"_acf_changed":false,"footnotes":""},"class_list":["post-3382","page","type-page","status-publish","has-post-thumbnail","hentry"],"acf":[],"_links":{"self":[{"href":"https:\/\/www.aaxe.be\/pl\/wp-json\/wp\/v2\/pages\/3382","targetHints":{"allow":["GET"]}}],"collection":[{"href":"https:\/\/www.aaxe.be\/pl\/wp-json\/wp\/v2\/pages"}],"about":[{"href":"https:\/\/www.aaxe.be\/pl\/wp-json\/wp\/v2\/types\/page"}],"author":[{"embeddable":true,"href":"https:\/\/www.aaxe.be\/pl\/wp-json\/wp\/v2\/users\/1"}],"replies":[{"embeddable":true,"href":"https:\/\/www.aaxe.be\/pl\/wp-json\/wp\/v2\/comments?post=3382"}],"version-history":[{"count":5,"href":"https:\/\/www.aaxe.be\/pl\/wp-json\/wp\/v2\/pages\/3382\/revisions"}],"predecessor-version":[{"id":5372,"href":"https:\/\/www.aaxe.be\/pl\/wp-json\/wp\/v2\/pages\/3382\/revisions\/5372"}],"up":[{"embeddable":true,"href":"https:\/\/www.aaxe.be\/pl\/wp-json\/wp\/v2\/pages\/3333"}],"wp:featuredmedia":[{"embeddable":true,"href":"https:\/\/www.aaxe.be\/pl\/wp-json\/wp\/v2\/media\/4263"}],"wp:attachment":[{"href":"https:\/\/www.aaxe.be\/pl\/wp-json\/wp\/v2\/media?parent=3382"}],"curies":[{"name":"wp","href":"https:\/\/api.w.org\/{rel}","templated":true}]}}