{"id":3420,"date":"2025-05-07T11:52:44","date_gmt":"2025-05-07T09:52:44","guid":{"rendered":"https:\/\/aaxetitresservices.kinsta.cloud\/potrzebujesz-pomocy-domowej\/"},"modified":"2025-08-26T08:51:21","modified_gmt":"2025-08-26T06:51:21","slug":"potrzebujesz-pomocy-domowej","status":"publish","type":"page","link":"https:\/\/www.aaxe.be\/pl\/potrzebujesz-pomocy-domowej\/","title":{"rendered":"Potrzebujesz pomocy domowej?"},"content":{"rendered":"<section class=\"l-section wpb_row height_auto\"><div class=\"l-section-h i-cf\"><div class=\"g-cols vc_row via_flex valign_top type_default stacking_default\"><div class=\"vc_col-sm-12 wpb_column vc_column_container\"><div class=\"vc_column-inner\"><div class=\"wpb_wrapper\"><div class=\"w-html\"><iframe loading=\"lazy\" id=\"frame\" src=\"https:\/\/app.aaxe.be\/ww_AAXE_web\/L34\/action.awp?type=formclient\" width=\"100%\" height=\"1200\"><\/iframe>\n<script>\nconst iframe = document.getElementById('frame');\niframe.src = iframe.src + window.location.search;\n<\/script>\n<\/div><\/div><\/div><\/div><\/div><\/div><\/section><section class=\"l-section wpb_row height_medium\"><div class=\"l-section-h i-cf\"><div class=\"g-cols vc_row via_flex valign_top type_default stacking_default\"><div class=\"vc_col-sm-12 wpb_column vc_column_container\"><div class=\"vc_column-inner\"><div class=\"wpb_wrapper\"><div class=\"wpb_text_column tagtext left\"><div class=\"wpb_wrapper\"><p style=\"text-align: left;\">Jakie\u015b pytania?<\/p>\n<\/div><\/div><div class=\"w-separator size_small\"><\/div><div class=\"wpb_text_column us_custom_9eee4631\"><div class=\"wpb_wrapper\"><h2 style=\"text-align: left;\"><strong>FAQ<\/strong><\/h2>\n<\/div><\/div><div class=\"w-separator size_medium\"><\/div><div class=\"w-tabs style_default switch_click accordion type_togglable has_scrolling remove_indents\" style=\"--sections-title-size:inherit\"><div class=\"w-tabs-sections titles-align_none icon_chevron cpos_right\"><div class=\"w-tabs-section\" id=\"x04f\" itemscope itemprop=\"mainEntity\" itemtype=\"https:\/\/schema.org\/Question\"><button class=\"w-tabs-section-header\" aria-controls=\"content-x04f\" aria-expanded=\"false\"><h3 class=\"w-tabs-section-title\" itemprop=\"name\">Godziny otwarcia Naszego biura :<\/h3><div class=\"w-tabs-section-control\"><\/div><\/button><div  class=\"w-tabs-section-content\" id=\"content-x04f\" itemscope itemprop=\"acceptedAnswer\" itemtype=\"https:\/\/schema.org\/Answer\"><div class=\"w-tabs-section-content-h i-cf\" itemprop=\"text\"><div class=\"wpb_text_column\"><div class=\"wpb_wrapper\"><ul>\n<li><strong>Codziennie<\/strong><span> <\/span>: od 9:00 do 12:30 \/ od 13:30 do 17:30<\/li>\n<li><strong>Siedziba g\u0142\u00f3wna (Avenue de Tervueren 124)<\/strong><span> <\/span>: 8.30-13.00 \/ 13.30-18.00<\/li>\n<\/ul>\n<\/div><\/div><\/div><\/div><\/div><div class=\"w-tabs-section\" id=\"f1ad\" itemscope itemprop=\"mainEntity\" itemtype=\"https:\/\/schema.org\/Question\"><button class=\"w-tabs-section-header\" aria-controls=\"content-f1ad\" aria-expanded=\"false\"><h3 class=\"w-tabs-section-title\" itemprop=\"name\">Pierwszy kontakt z AAXE Nasze us\u0142ugi<\/h3><div class=\"w-tabs-section-control\"><\/div><\/button><div  class=\"w-tabs-section-content\" id=\"content-f1ad\" itemscope itemprop=\"acceptedAnswer\" itemtype=\"https:\/\/schema.org\/Answer\"><div class=\"w-tabs-section-content-h i-cf\" itemprop=\"text\"><div class=\"wpb_text_column\"><div class=\"wpb_wrapper\"><p>Kiedy po raz pierwszy zadzwonisz do AAXE Titres-Services, nasz zesp\u00f3\u0142 wys\u0142ucha Ci\u0119. Rozumiemy Twoje potrzeby w zakresie pomocy domowej?<\/p>\n<p>Wyja\u015bniamy szczeg\u00f3\u0142owo system kupon\u00f3w us\u0142ugowych, jak p\u0142aci\u0107 i jak zarejestrowa\u0107 si\u0119 w odpowiednich organach, prowadz\u0105c naszych przysz\u0142ych klient\u00f3w przez proces rejestracji w Sodexo.<\/p>\n<\/div><\/div><\/div><\/div><\/div><div class=\"w-tabs-section\" id=\"t2d2\" itemscope itemprop=\"mainEntity\" itemtype=\"https:\/\/schema.org\/Question\"><button class=\"w-tabs-section-header\" aria-controls=\"content-t2d2\" aria-expanded=\"false\"><h3 class=\"w-tabs-section-title\" itemprop=\"name\">Spersonalizowane wyszukiwanie pomocy domowej<\/h3><div class=\"w-tabs-section-control\"><\/div><\/button><div  class=\"w-tabs-section-content\" id=\"content-t2d2\" itemscope itemprop=\"acceptedAnswer\" itemtype=\"https:\/\/schema.org\/Answer\"><div class=\"w-tabs-section-content-h i-cf\" itemprop=\"text\"><div class=\"wpb_text_column\"><div class=\"wpb_wrapper\"><p>Dzi\u0119ki dog\u0142\u0119bnemu zrozumieniu Twoich potrzeb, nasz oddany zesp\u00f3\u0142 znajdzie pomoc domow\u0105 najlepiej dopasowan\u0105 do Twoich wymaga\u0144.<\/p>\n<\/div><\/div><\/div><\/div><\/div><div class=\"w-tabs-section\" id=\"y3eb\" itemscope itemprop=\"mainEntity\" itemtype=\"https:\/\/schema.org\/Question\"><button class=\"w-tabs-section-header\" aria-controls=\"content-y3eb\" aria-expanded=\"false\"><h3 class=\"w-tabs-section-title\" itemprop=\"name\">Rygorystyczne planowanie i monitorowanie<\/h3><div class=\"w-tabs-section-control\"><\/div><\/button><div  class=\"w-tabs-section-content\" id=\"content-y3eb\" itemscope itemprop=\"acceptedAnswer\" itemtype=\"https:\/\/schema.org\/Answer\"><div class=\"w-tabs-section-content-h i-cf\" itemprop=\"text\"><div class=\"wpb_text_column\"><div class=\"wpb_wrapper\"><p>Skrupulatnie planujemy godziny pracy naszej pomocy domowej w Twoim domu. Prowadzone s\u0105 dok\u0142adne dzia\u0142ania nast\u0119pcze: wskazanie nowych us\u0142ug, dane kontaktowe klienta dla pomocy domowej oraz dostarczenie map u\u0142atwiaj\u0105cych poruszanie si\u0119.<\/p>\n<\/div><\/div><\/div><\/div><\/div><div class=\"w-tabs-section\" id=\"b4e9\" itemscope itemprop=\"mainEntity\" itemtype=\"https:\/\/schema.org\/Question\"><button class=\"w-tabs-section-header\" aria-controls=\"content-b4e9\" aria-expanded=\"false\"><h3 class=\"w-tabs-section-title\" itemprop=\"name\">Indywidualne instrukcje dotycz\u0105ce jako\u015bci Naszych us\u0142ug<\/h3><div class=\"w-tabs-section-control\"><\/div><\/button><div  class=\"w-tabs-section-content\" id=\"content-b4e9\" itemscope itemprop=\"acceptedAnswer\" itemtype=\"https:\/\/schema.org\/Answer\"><div class=\"w-tabs-section-content-h i-cf\" itemprop=\"text\"><div class=\"wpb_text_column\"><div class=\"wpb_wrapper\"><p>Po przybyciu pomocy domowej do domu upewniamy si\u0119, \u017ce jest ona \u015bwiadoma preferencji dotycz\u0105cych \u015brodk\u00f3w czyszcz\u0105cych i instrukcji, kt\u00f3re jej przekazujesz.<\/p>\n<p>Mo\u017cesz poda\u0107 szczeg\u00f3\u0142owe instrukcje dotycz\u0105ce pomieszcze\u0144 do sprz\u0105tania, metody, kt\u00f3r\u0105 nale\u017cy zastosowa\u0107 i produkt\u00f3w, kt\u00f3rych nale\u017cy u\u017cy\u0107.<\/p>\n<\/div><\/div><\/div><\/div><\/div><div class=\"w-tabs-section\" id=\"z5e7\" itemscope itemprop=\"mainEntity\" itemtype=\"https:\/\/schema.org\/Question\"><button class=\"w-tabs-section-header\" aria-controls=\"content-z5e7\" aria-expanded=\"false\"><h3 class=\"w-tabs-section-title\" itemprop=\"name\">Bie\u017c\u0105ce monitorowanie i wsparcie<\/h3><div class=\"w-tabs-section-control\"><\/div><\/button><div  class=\"w-tabs-section-content\" id=\"content-z5e7\" itemscope itemprop=\"acceptedAnswer\" itemtype=\"https:\/\/schema.org\/Answer\"><div class=\"w-tabs-section-content-h i-cf\" itemprop=\"text\"><div class=\"wpb_text_column\"><div class=\"wpb_wrapper\"><p>Zapewniamy sta\u0142e monitorowanie us\u0142ug \u015bwiadczonych w Twoim domu. Pomoc domowa regularnie sk\u0142ada raporty do AAXE, aby zapewni\u0107 wysok\u0105 jako\u015b\u0107 us\u0142ug.<\/p>\n<p>Je\u015bli pomoc domowa jest nieobecna z powodu urlopu lub niezdolno\u015bci do pracy, oferujemy zast\u0119pstwo, aby zapewni\u0107 ci\u0105g\u0142o\u015b\u0107 us\u0142ug.<\/p>\n<\/div><\/div><\/div><\/div><\/div><div class=\"w-tabs-section\" id=\"p734\" itemscope itemprop=\"mainEntity\" itemtype=\"https:\/\/schema.org\/Question\"><button class=\"w-tabs-section-header\" aria-controls=\"content-p734\" aria-expanded=\"false\"><h3 class=\"w-tabs-section-title\" itemprop=\"name\">\u0141atwa rejestracja z AAXE Nasze us\u0142ugi<\/h3><div class=\"w-tabs-section-control\"><\/div><\/button><div  class=\"w-tabs-section-content\" id=\"content-p734\" itemscope itemprop=\"acceptedAnswer\" itemtype=\"https:\/\/schema.org\/Answer\"><div class=\"w-tabs-section-content-h i-cf\" itemprop=\"text\"><div class=\"wpb_text_column\"><div class=\"wpb_wrapper\"><div class=\"wpb_column vc_column_container vc_col-sm-12 vc_col-lg-9\">\n<div class=\"vc_column-inner \">\n<div class=\"wpb_wrapper\">\n<div class=\"wpb_text_column wpb_content_element\">\n<div class=\"wpb_wrapper\">\n<p>Je\u015bli jeste\u015b przekonany o naszym profesjonalizmie i chcia\u0142by\u015b zarejestrowa\u0107 si\u0119 w naszej agencji, procedura jest prosta i nieskomplikowana.<\/p>\n<\/div>\n<\/div>\n<\/div>\n<\/div>\n<\/div>\n<div class=\"wpb_column vc_column_container vc_col-sm-12 vc_col-lg-3\">\n<div class=\"vc_column-inner \">\n<div class=\"wpb_wrapper\">\n<div class=\"stm_sidebar\">\n<div class=\"wpb-content-wrapper\">\n<div class=\"vc_row wpb_row vc_row-fluid\">\n<div class=\"wpb_column vc_column_container vc_col-sm-12\">\n<div class=\"vc_column-inner \">\n<div class=\"wpb_wrapper\">\n<div class=\"vc_wp_custommenu wpb_content_element\">\n<div class=\"widget widget_nav_menu\">\n<div class=\"menu-sidebar-menu-2-container\"><\/div>\n<\/div>\n<\/div>\n<\/div>\n<\/div>\n<\/div>\n<\/div>\n<\/div>\n<\/div>\n<\/div>\n<\/div>\n<\/div>\n<\/div><\/div><\/div><\/div><\/div><\/div><\/div><\/div><\/div><\/div><\/div><\/div><\/section>\n","protected":false},"excerpt":{"rendered":"Jakie\u015b pytania? FAQ Godziny otwarcia Naszego biura : Codziennie : od 9:00 do 12:30 \/ od 13:30 do 17:30 Siedziba g\u0142\u00f3wna (Avenue de Tervueren 124) : 8.30-13.00 \/ 13.30-18.00 Pierwszy kontakt z AAXE Nasze us\u0142ugiKiedy po raz pierwszy zadzwonisz do AAXE Titres-Services, nasz zesp\u00f3\u0142 wys\u0142ucha Ci\u0119. Rozumiemy Twoje potrzeby w zakresie pomocy domowej? Wyja\u015bniamy szczeg\u00f3\u0142owo...","protected":false},"author":1,"featured_media":0,"parent":0,"menu_order":0,"comment_status":"closed","ping_status":"closed","template":"","meta":{"_acf_changed":false,"footnotes":""},"class_list":["post-3420","page","type-page","status-publish","hentry"],"acf":[],"_links":{"self":[{"href":"https:\/\/www.aaxe.be\/pl\/wp-json\/wp\/v2\/pages\/3420","targetHints":{"allow":["GET"]}}],"collection":[{"href":"https:\/\/www.aaxe.be\/pl\/wp-json\/wp\/v2\/pages"}],"about":[{"href":"https:\/\/www.aaxe.be\/pl\/wp-json\/wp\/v2\/types\/page"}],"author":[{"embeddable":true,"href":"https:\/\/www.aaxe.be\/pl\/wp-json\/wp\/v2\/users\/1"}],"replies":[{"embeddable":true,"href":"https:\/\/www.aaxe.be\/pl\/wp-json\/wp\/v2\/comments?post=3420"}],"version-history":[{"count":19,"href":"https:\/\/www.aaxe.be\/pl\/wp-json\/wp\/v2\/pages\/3420\/revisions"}],"predecessor-version":[{"id":4652,"href":"https:\/\/www.aaxe.be\/pl\/wp-json\/wp\/v2\/pages\/3420\/revisions\/4652"}],"wp:attachment":[{"href":"https:\/\/www.aaxe.be\/pl\/wp-json\/wp\/v2\/media?parent=3420"}],"curies":[{"name":"wp","href":"https:\/\/api.w.org\/{rel}","templated":true}]}}