{"id":3816,"date":"2025-04-22T11:58:36","date_gmt":"2025-04-22T09:58:36","guid":{"rendered":"https:\/\/aaxetitresservices.kinsta.cloud\/dlaczego-warto-wybrac-aaxe\/pierwsze-kroki-z-czekami-serwisowymi\/"},"modified":"2026-02-25T16:38:48","modified_gmt":"2026-02-25T15:38:48","slug":"pierwsze-kroki-z-czekami-serwisowymi","status":"publish","type":"page","link":"https:\/\/www.aaxe.be\/pl\/dlaczego-warto-wybrac-aaxe\/pierwsze-kroki-z-czekami-serwisowymi\/","title":{"rendered":"Pierwsze kroki z czekami serwisowymi"},"content":{"rendered":"<section class=\"l-section wpb_row height_auto\"><div class=\"l-section-h i-cf\"><div class=\"g-cols vc_row via_flex valign_top type_default stacking_default\"><div class=\"vc_col-sm-12 wpb_column vc_column_container\"><div class=\"vc_column-inner\"><div class=\"wpb_wrapper\"><\/div><\/div><\/div><\/div><\/div><\/section><section class=\"l-section wpb_row us_custom_fb36e361 imgheader height_medium with_img\"><div class=\"l-section-img\" role=\"img\" aria-label=\"Obrazek\" data-img-width=\"2560\" data-img-height=\"806\" style=\"background-image: url(https:\/\/www.aaxe.be\/wp-content\/uploads\/2025\/08\/large_IMGL8397-1-scaled.jpg);background-repeat: no-repeat;\"><\/div><div class=\"l-section-overlay\" style=\"background:linear-gradient(270deg, transparent 0%,rgba(54,54,54,0.3) 100%)\"><\/div><div class=\"l-section-h i-cf\"><div class=\"g-cols vc_row via_flex valign_bottom type_default stacking_default\"><div class=\"vc_col-sm-12 wpb_column vc_column_container\"><div class=\"vc_column-inner\"><div class=\"wpb_wrapper\"><div class=\"wpb_text_column us_custom_dcb699e1 has_text_color\"><div class=\"wpb_wrapper\"><h1>Pierwsze kroki z czekami serwisowymi<\/h1>\n<\/div><\/div><\/div><\/div><\/div><\/div><\/div><\/section><section class=\"l-section wpb_row us_custom_ac8bede8 height_auto\"><div class=\"l-section-h i-cf\"><div class=\"g-cols vc_row via_flex valign_top type_default stacking_default\"><div class=\"vc_col-sm-12 wpb_column vc_column_container\"><div class=\"vc_column-inner\"><div class=\"wpb_wrapper\"><nav class=\"g-breadcrumbs separator_icon align_none\" itemscope itemtype=\"http:\/\/schema.org\/BreadcrumbList\"><div class=\"g-breadcrumbs-item\" itemscope itemprop=\"itemListElement\" itemtype=\"http:\/\/schema.org\/ListItem\"><a itemprop=\"item\" href=\"https:\/\/www.aaxe.be\/pl\/\"><span itemprop=\"name\">Strona g\u0142\u00f3wna<\/span><\/a><meta itemprop=\"position\" content=\"1\"\/><\/div><div class=\"g-breadcrumbs-separator\"><i class=\"fas fa-circle\"><\/i><\/div><div class=\"g-breadcrumbs-item\">Strony<\/div><\/nav><\/div><\/div><\/div><\/div><\/div><\/section><section class=\"l-section wpb_row height_medium\" id=\"target\"><div class=\"l-section-h i-cf\"><div class=\"g-cols vc_row via_flex valign_top type_default stacking_default\"><div class=\"vc_col-sm-7 wpb_column vc_column_container\"><div class=\"vc_column-inner\"><div class=\"wpb_wrapper\"><div class=\"w-separator size_medium\"><\/div><div class=\"w-iconbox iconpos_left style_default color_primary align_left icontype_img\"><div class=\"w-iconbox-icon\" style=\"font-size:75px;\"><img loading=\"lazy\" decoding=\"async\" width=\"60\" height=\"59\" src=\"https:\/\/www.aaxe.be\/wp-content\/uploads\/2025\/05\/1-100x100-1-e1747299748782.png\" class=\"attachment-full size-full\" alt=\"\" title=\"\"><\/div><div class=\"w-iconbox-meta\"><h3 class=\"w-iconbox-title\">Zarejestruj si\u0119 w Sodexo zgodnie ze swoim regionem.<\/h3><div class=\"w-iconbox-text\"><p>Je\u015bli mieszkasz w regionie &#8230; :<\/p>\n<ul>\n<li>Bruksela:<span> <\/span><span style=\"text-decoration: underline;\"><a href=\"https:\/\/mes.titresservices.brussels\/register\" target=\"_blank\" rel=\"noopener\">www.titre-service.brussels<\/a><\/span><\/li>\n<li>Walonia :<span> <\/span><span style=\"text-decoration: underline;\"><a href=\"https:\/\/mes.titresservices.brussels\/register\" target=\"_blank\" rel=\"noopener\">www.titres-services.wallonie.be<\/a><\/span><\/li>\n<li>Flamandzki :<span> <\/span><span style=\"text-decoration: underline;\"><a href=\"https:\/\/mes.titres-services.flandre.be\/register\" target=\"_blank\" rel=\"noopener\">www.titres-services.flandre.be<\/a><\/span><\/li>\n<\/ul>\n<p>Kliknij<span> <\/span><strong>Zarejestruj si\u0119<\/strong>&#8221; i post\u0119puj zgodnie z instrukcjami, aby si\u0119 zarejestrowa\u0107.<\/p>\n<p>&nbsp;<\/p>\n<p><strong>Wi\u0119cej informacji na temat<span> <\/span><span style=\"text-decoration: underline;\"><a href=\"https:\/\/www.titre-service.brussels\/citoyen\/information\/inscription\/comment\" target=\"_blank\" rel=\"noopener\">Jak zarejestrowa\u0107 si\u0119 w systemie czek\u00f3w us\u0142ugowych.<\/a><\/span><\/strong><\/p>\n<\/div><\/div><\/div><div class=\"w-hwrapper valign_middle us_custom_b0523e73 align_left\" style=\"--hwrapper-gap:1rem\"><div class=\"w-image align_none\"><div class=\"w-image-h\"><img decoding=\"async\" width=\"110\" height=\"75\" src=\"https:\/\/www.aaxe.be\/wp-content\/uploads\/2025\/05\/Be_Brussels_logo-110x75-1.jpg\" class=\"attachment-large size-large\" alt=\"\" loading=\"lazy\" title=\"\"><\/div><\/div><div class=\"w-image align_none\"><div class=\"w-image-h\"><img decoding=\"async\" width=\"110\" height=\"75\" src=\"https:\/\/www.aaxe.be\/wp-content\/uploads\/2025\/05\/vlaanderen-110x75-1.jpg\" class=\"attachment-large size-large\" alt=\"\" loading=\"lazy\" title=\"\"><\/div><\/div><div class=\"w-image align_none\"><div class=\"w-image-h\"><img decoding=\"async\" width=\"65\" height=\"105\" src=\"https:\/\/www.aaxe.be\/wp-content\/uploads\/2025\/05\/wallonie-65x105-1.png\" class=\"attachment-large size-large\" alt=\"\" loading=\"lazy\" title=\"\"><\/div><\/div><\/div><\/div><\/div><\/div><div class=\"vc_col-sm-2 wpb_column vc_column_container\"><div class=\"vc_column-inner\"><div class=\"wpb_wrapper\"><\/div><\/div><\/div><div class=\"vc_col-sm-3 wpb_column vc_column_container wilfixed\"><div class=\"vc_column-inner\"><div class=\"wpb_wrapper\"><div class=\"w-vwrapper align_none valign_top us_custom_608ccab3\" style=\"--vwrapper-gap:0.7rem\"><div class=\"wpb_text_column us_custom_f2746f9a has_text_color\"><div class=\"wpb_wrapper\"><h5>Nasze us\u0142ugi<\/h5>\n<\/div><\/div><div class=\"w-btn-wrapper align_none\"><a class=\"w-btn us-btn-style_5\" href=\"https:\/\/www.aaxe.be\/pourquoi-choisir-aaxe\/nos-services\/nettoyage\/\"><span class=\"w-btn-label\">Sprz\u0105tanie<\/span><\/a><\/div><div class=\"w-btn-wrapper align_none\"><a class=\"w-btn us-btn-style_5\" href=\"https:\/\/www.aaxe.be\/pourquoi-choisir-aaxe\/nos-services\/aide-menagere\/\"><span class=\"w-btn-label\">Pomoc domowa<\/span><\/a><\/div><div class=\"w-btn-wrapper align_none\"><a class=\"w-btn us-btn-style_5\" href=\"https:\/\/www.aaxe.be\/pourquoi-choisir-aaxe\/nos-services\/preparation-de-repas\/\"><span class=\"w-btn-label\">Przygotowywanie posi\u0142k\u00f3w<\/span><\/a><\/div><div class=\"w-btn-wrapper align_none\"><a class=\"w-btn us-btn-style_5\" href=\"https:\/\/www.aaxe.be\/pourquoi-choisir-aaxe\/nos-services\/centrales-de-repassage\/\"><span class=\"w-btn-label\">Centra prasowania<\/span><\/a><\/div><div class=\"w-btn-wrapper align_none\"><a class=\"w-btn us-btn-style_5\" href=\"https:\/\/www.aaxe.be\/pourquoi-choisir-aaxe\/nos-services\/linge-couture-repassage\/\"><span class=\"w-btn-label\">Pranie, szycie, prasowanie<\/span><\/a><\/div><\/div><\/div><\/div><\/div><\/div><\/div><\/section><section class=\"l-section wpb_row us_custom_5ddd5430 steps height_medium\"><div class=\"l-section-h i-cf\"><div class=\"g-cols vc_row via_flex valign_top type_default stacking_default\"><div class=\"vc_col-sm-12 wpb_column vc_column_container\"><div class=\"vc_column-inner\"><div class=\"wpb_wrapper\"><div class=\"w-iconbox iconpos_left style_default color_primary align_left icontype_img\"><div class=\"w-iconbox-icon\" style=\"font-size:75px;\"><img loading=\"lazy\" decoding=\"async\" width=\"59\" height=\"57\" src=\"https:\/\/www.aaxe.be\/wp-content\/uploads\/2025\/05\/2-100x100-1-e1747299730907.png\" class=\"attachment-full size-full\" alt=\"\" title=\"\"><\/div><div class=\"w-iconbox-meta\"><h3 class=\"w-iconbox-title\">Zam\u00f3w bilety papierowe lub elektroniczne.<\/h3><div class=\"w-iconbox-text\"><p><span>W zale\u017cno\u015bci od preferencji, mo\u017cesz zam\u00f3wi\u0107 Nasze czeki na pierwsze us\u0142ugi w <\/span><strong>wersji papierowej<\/strong><span> lub <\/span><strong>elektronicznej<\/strong><span>.<\/span><br \/>\n<span>Wyb\u00f3r mo\u017cna zmieni\u0107 w swoim profilu.<\/span><\/p>\n<\/div><\/div><\/div><\/div><\/div><\/div><\/div><\/div><\/section><section class=\"l-section wpb_row steps height_medium\"><div class=\"l-section-h i-cf\"><div class=\"g-cols vc_row via_flex valign_top type_default stacking_default\"><div class=\"vc_col-sm-12 wpb_column vc_column_container\"><div class=\"vc_column-inner\"><div class=\"wpb_wrapper\"><div class=\"w-iconbox iconpos_left style_default color_primary align_left icontype_img\"><div class=\"w-iconbox-icon\" style=\"font-size:75px;\"><img loading=\"lazy\" decoding=\"async\" width=\"59\" height=\"59\" src=\"https:\/\/www.aaxe.be\/wp-content\/uploads\/2025\/05\/3-100x100-1-e1747299767753.png\" class=\"attachment-full size-full\" alt=\"\" title=\"\"><\/div><div class=\"w-iconbox-meta\"><h3 class=\"w-iconbox-title\">Zapytaj nas o pomoc domow\u0105.<\/h3><div class=\"w-iconbox-text\"><p><strong>Prosimy o kontakt:<\/strong><\/p>\n<ul>\n<li>Za po\u015brednictwem naszego<span> <\/span><span style=\"text-decoration: underline;\"><a href=\"https:\/\/www.aaxe.be\/pl\/potrzebujesz-pomocy-domowej\/\">formularz online.<\/a><\/span><\/li>\n<li>Przez e-mail (<span style=\"text-decoration: underline;\"><a href=\"mailto:titres-services@aaxe.be\">titres-services@aaxe.be<\/a><\/span>)<\/li>\n<li>Telefonicznie (<a title=\"Nasze biura\" href=\"https:\/\/www.aaxe.be\/pl\/nasze-biura\/\"><span style=\"text-decoration: underline;\">zobacz Nasze biura<\/span><\/a>)<\/li>\n<\/ul>\n<p>Ws\u0142uchujemy si\u0119 w Twoje potrzeby i dostosowujemy Twoj\u0105 pro\u015bb\u0119 do Twoich wymaga\u0144: preferowany dzie\u0144, liczba godzin itp.<\/p>\n<\/div><\/div><\/div><\/div><\/div><\/div><\/div><\/div><\/section><section class=\"l-section wpb_row us_custom_5ddd5430 steps height_medium\"><div class=\"l-section-h i-cf\"><div class=\"g-cols vc_row via_flex valign_top type_default stacking_default\"><div class=\"vc_col-sm-12 wpb_column vc_column_container\"><div class=\"vc_column-inner\"><div class=\"wpb_wrapper\"><div class=\"w-iconbox iconpos_left style_default color_primary align_left icontype_img\"><div class=\"w-iconbox-icon\" style=\"font-size:75px;\"><img loading=\"lazy\" decoding=\"async\" width=\"59\" height=\"61\" src=\"https:\/\/www.aaxe.be\/wp-content\/uploads\/2025\/05\/4-100x100-1-e1747299787414.png\" class=\"attachment-full size-full\" alt=\"\" title=\"\"><\/div><div class=\"w-iconbox-meta\"><h3 class=\"w-iconbox-title\">Aby zap\u0142aci\u0107 za godziny przepracowane podczas us\u0142ugi:<\/h3><div class=\"w-iconbox-text\"><ul>\n<li><strong>Elektroniczne vouchery:<\/strong>To nie mo\u017ce by\u0107 prostsze: kodujemy us\u0142ugi za Ciebie.<br \/>\nWszystko, co musisz zrobi\u0107, to je zatwierdzi\u0107.<\/li>\n<\/ul>\n<ul>\n<li><strong>Bony papierowe<\/strong>: Pomoc domowa otrzymuje tyle bon\u00f3w us\u0142ugowych, ile godzin przepracowa\u0142a. (dla przypomnienia: 1 godzina = 1 bon)<\/li>\n<\/ul>\n<\/div><\/div><\/div><\/div><\/div><\/div><\/div><\/div><\/section><section class=\"l-section wpb_row height_medium\" id=\"stop\"><div class=\"l-section-h i-cf\"><div class=\"g-cols vc_row via_flex valign_top type_default stacking_default\"><div class=\"vc_col-sm-12 wpb_column vc_column_container\"><div class=\"vc_column-inner\"><div class=\"wpb_wrapper\"><div class=\"wpb_text_column\"><div class=\"wpb_wrapper\"><h3>Zobacz tak\u017ce :<\/h3>\n<ul>\n<li><span style=\"text-decoration: underline;\"><a title=\"Korzy\u015bci\" href=\"https:\/\/www.aaxe.be\/pl\/dlaczego-warto-wybrac-aaxe\/korzysci\/\" target=\"_blank\" rel=\"noopener\">Ceny bilet\u00f3w wed\u0142ug regionu.<\/a><\/span><\/li>\n<li><span style=\"text-decoration: underline;\"><a title=\"Potrzebujesz pomocy domowej?\" href=\"https:\/\/www.aaxe.be\/pl\/potrzebujesz-pomocy-domowej\/\" target=\"_blank\" rel=\"noopener\">Wniosek o pomoc domow\u0105 (formularz)<\/a><\/span><\/li>\n<\/ul>\n<\/div><\/div><\/div><\/div><\/div><\/div><\/div><\/section>\n","protected":false},"excerpt":{"rendered":"Pierwsze kroki z czekami serwisowymi Strona g\u0142\u00f3wnaStronyZarejestruj si\u0119 w Sodexo zgodnie ze swoim regionem.Je\u015bli mieszkasz w regionie ... : Bruksela: www.titre-service.brussels Walonia : www.titres-services.wallonie.be Flamandzki : www.titres-services.flandre.be Kliknij Zarejestruj si\u0119\" i post\u0119puj zgodnie z instrukcjami, aby si\u0119 zarejestrowa\u0107. &nbsp; Wi\u0119cej informacji na temat Jak zarejestrowa\u0107 si\u0119 w systemie czek\u00f3w us\u0142ugowych. Nasze us\u0142ugi Sprz\u0105taniePomoc domowaPrzygotowywanie posi\u0142k\u00f3wCentra...","protected":false},"author":1,"featured_media":4227,"parent":3296,"menu_order":2,"comment_status":"closed","ping_status":"closed","template":"","meta":{"_acf_changed":false,"footnotes":""},"class_list":["post-3816","page","type-page","status-publish","has-post-thumbnail","hentry"],"acf":[],"_links":{"self":[{"href":"https:\/\/www.aaxe.be\/pl\/wp-json\/wp\/v2\/pages\/3816","targetHints":{"allow":["GET"]}}],"collection":[{"href":"https:\/\/www.aaxe.be\/pl\/wp-json\/wp\/v2\/pages"}],"about":[{"href":"https:\/\/www.aaxe.be\/pl\/wp-json\/wp\/v2\/types\/page"}],"author":[{"embeddable":true,"href":"https:\/\/www.aaxe.be\/pl\/wp-json\/wp\/v2\/users\/1"}],"replies":[{"embeddable":true,"href":"https:\/\/www.aaxe.be\/pl\/wp-json\/wp\/v2\/comments?post=3816"}],"version-history":[{"count":6,"href":"https:\/\/www.aaxe.be\/pl\/wp-json\/wp\/v2\/pages\/3816\/revisions"}],"predecessor-version":[{"id":5329,"href":"https:\/\/www.aaxe.be\/pl\/wp-json\/wp\/v2\/pages\/3816\/revisions\/5329"}],"up":[{"embeddable":true,"href":"https:\/\/www.aaxe.be\/pl\/wp-json\/wp\/v2\/pages\/3296"}],"wp:featuredmedia":[{"embeddable":true,"href":"https:\/\/www.aaxe.be\/pl\/wp-json\/wp\/v2\/media\/4227"}],"wp:attachment":[{"href":"https:\/\/www.aaxe.be\/pl\/wp-json\/wp\/v2\/media?parent=3816"}],"curies":[{"name":"wp","href":"https:\/\/api.w.org\/{rel}","templated":true}]}}