{"id":3828,"date":"2025-04-22T11:58:35","date_gmt":"2025-04-22T09:58:35","guid":{"rendered":"https:\/\/aaxetitresservices.kinsta.cloud\/dlaczego-warto-wybrac-aaxe\/korzysci\/"},"modified":"2026-01-08T10:46:39","modified_gmt":"2026-01-08T09:46:39","slug":"korzysci","status":"publish","type":"page","link":"https:\/\/www.aaxe.be\/pl\/dlaczego-warto-wybrac-aaxe\/korzysci\/","title":{"rendered":"Korzy\u015bci"},"content":{"rendered":"<section class=\"l-section wpb_row height_auto\"><div class=\"l-section-h i-cf\"><div class=\"g-cols vc_row via_flex valign_top type_default stacking_default\"><div class=\"vc_col-sm-12 wpb_column vc_column_container\"><div class=\"vc_column-inner\"><div class=\"wpb_wrapper\"><\/div><\/div><\/div><\/div><\/div><\/section><section class=\"l-section wpb_row us_custom_fb36e361 imgheader height_medium with_img\"><div class=\"l-section-img\" role=\"img\" aria-label=\"Obrazek\" data-img-width=\"2560\" data-img-height=\"806\" style=\"background-image: url(https:\/\/www.aaxe.be\/wp-content\/uploads\/2025\/08\/advend-1-scaled.jpg);background-repeat: no-repeat;\"><\/div><div class=\"l-section-overlay\" style=\"background:linear-gradient(270deg, transparent 0%,rgba(54,54,54,0.3) 100%)\"><\/div><div class=\"l-section-h i-cf\"><div class=\"g-cols vc_row via_flex valign_bottom type_default stacking_default\"><div class=\"vc_col-sm-12 wpb_column vc_column_container\"><div class=\"vc_column-inner\"><div class=\"wpb_wrapper\"><div class=\"wpb_text_column us_custom_dcb699e1 has_text_color\"><div class=\"wpb_wrapper\"><h1>Jakie s\u0105 korzy\u015bci<br \/>\nz systemu bon\u00f3w us\u0142ugowych?<\/h1>\n<\/div><\/div><\/div><\/div><\/div><\/div><\/div><\/section><section class=\"l-section wpb_row us_custom_ac8bede8 height_auto\"><div class=\"l-section-h i-cf\"><div class=\"g-cols vc_row via_flex valign_top type_default stacking_default\"><div class=\"vc_col-sm-12 wpb_column vc_column_container\"><div class=\"vc_column-inner\"><div class=\"wpb_wrapper\"><nav class=\"g-breadcrumbs separator_icon align_none\" itemscope itemtype=\"http:\/\/schema.org\/BreadcrumbList\"><div class=\"g-breadcrumbs-item\" itemscope itemprop=\"itemListElement\" itemtype=\"http:\/\/schema.org\/ListItem\"><a itemprop=\"item\" href=\"https:\/\/www.aaxe.be\/pl\/\"><span itemprop=\"name\">Strona g\u0142\u00f3wna<\/span><\/a><meta itemprop=\"position\" content=\"1\"\/><\/div><div class=\"g-breadcrumbs-separator\"><i class=\"fas fa-circle\"><\/i><\/div><div class=\"g-breadcrumbs-item\">Strony<\/div><\/nav><\/div><\/div><\/div><\/div><\/div><\/section><section class=\"l-section wpb_row us_custom_e11ab399 height_medium\"><div class=\"l-section-h i-cf\"><div class=\"g-cols vc_row via_flex valign_top type_default stacking_default\"><div class=\"vc_col-sm-6 vc_col-lg-5 vc_col-md-5 vc_col-xs-12 wpb_column vc_column_container\"><div class=\"vc_column-inner\"><div class=\"wpb_wrapper\"><div class=\"wpb_text_column tagtext left\"><div class=\"wpb_wrapper\"><p style=\"text-align: left;\">Korzy\u015bci<\/p>\n<\/div><\/div><div class=\"w-separator size_small\"><\/div><div class=\"wpb_text_column us_custom_9eee4631\"><div class=\"wpb_wrapper\"><h2 style=\"text-align: left;\">Jakie s\u0105 <strong>korzy\u015bci?<\/strong><\/h2>\n<\/div><\/div><div class=\"w-separator size_small\"><\/div><div class=\"wpb_text_column\"><div class=\"wpb_wrapper\"><p>Za ka\u017cd\u0105 przepracowan\u0105 godzin\u0119 p\u0142aci si\u0119 kupon us\u0142ugowy. Prawo przewiduje minimum 3 godziny na interwencj\u0119 pomocy domowej.<\/p>\n<p>Matki prowadz\u0105ce dzia\u0142alno\u015b\u0107 na w\u0142asny rachunek otrzymuj\u0105 nast\u0119puj\u0105ce \u015bwiadczenia macierzy\u0144skie<span> <\/span><strong><span>105 czeki serwisowe<\/span><\/strong><span> <\/span>bezp\u0142atnie z ich Funduszu Ubezpiecze\u0144 Spo\u0142ecznych.<\/p>\n<p><strong>Korzy\u015bci podatkowe r\u00f3\u017cni\u0105 si\u0119 w zale\u017cno\u015bci od regionu.<\/strong><\/p>\n<\/div><\/div><div class=\"w-separator size_small\"><\/div><div class=\"w-btn-wrapper align_none\"><a class=\"w-btn us-btn-style_2\" href=\"https:\/\/www.aaxe.be\/pl\/potrzebujesz-pomocy-domowej\/\"><span class=\"w-btn-label\">Zosta\u0144 naszym klientem<\/span><\/a><\/div><\/div><\/div><\/div><div class=\"vc_col-sm-1 vc_hidden-sm vc_hidden-xs wpb_column vc_column_container\"><div class=\"vc_column-inner\"><div class=\"wpb_wrapper\"><\/div><\/div><\/div><div class=\"vc_col-sm-6 vc_col-lg-6 vc_col-md-6 vc_col-xs-12 wpb_column vc_column_container imagesliderheight\"><div class=\"vc_column-inner us_custom_976292b0\"><div class=\"wpb_wrapper\"><div class=\"w-slider style_none fit_cover nav_dots count_4\"><div class=\"w-slider-h\" aria-hidden=\"true\"><div class=\"royalSlider\"><div class=\"rsContent\"><a class=\"rsImg\" data-rsw=\"2000\" data-rsh=\"1479\" href=\"https:\/\/www.aaxe.be\/wp-content\/uploads\/2025\/04\/IMGL8490.jpg\"><span data-alt=\"\"><\/span><\/a><\/div><div class=\"rsContent\"><a class=\"rsImg\" data-rsw=\"2000\" data-rsh=\"1387\" href=\"https:\/\/www.aaxe.be\/wp-content\/uploads\/2025\/04\/IMGL8388.jpg\"><span data-alt=\"\"><\/span><\/a><\/div><div class=\"rsContent\"><a class=\"rsImg\" data-rsw=\"2000\" data-rsh=\"1389\" href=\"https:\/\/www.aaxe.be\/wp-content\/uploads\/2025\/04\/IMGL8068-Modifier.jpg\"><span data-alt=\"\"><\/span><\/a><\/div><div class=\"rsContent\"><a class=\"rsImg\" data-rsw=\"2000\" data-rsh=\"1701\" href=\"https:\/\/www.aaxe.be\/wp-content\/uploads\/2025\/04\/IMGL8334.jpg\"><span data-alt=\"\"><\/span><\/a><\/div><\/div><img decoding=\"async\" src=\"https:\/\/www.aaxe.be\/wp-content\/uploads\/2025\/04\/IMGL8490.jpg\" width=\"2000\" height=\"1479\" loading=\"lazy\" alt=\"\" title=\"\"><\/div><div class=\"w-slider-json\" onclick='return {&quot;autoScaleSlider&quot;:true,&quot;addActiveClass&quot;:true,&quot;loop&quot;:true,&quot;fadeInLoadedSlide&quot;:false,&quot;slidesSpacing&quot;:0,&quot;imageScalePadding&quot;:0,&quot;numImagesToPreload&quot;:2,&quot;arrowsNav&quot;:false,&quot;arrowsNavAutoHide&quot;:false,&quot;transitionType&quot;:&quot;move&quot;,&quot;transitionSpeed&quot;:250,&quot;block&quot;:{&quot;moveEffect&quot;:&quot;none&quot;,&quot;speed&quot;:300},&quot;thumbs&quot;:{&quot;fitInViewport&quot;:false,&quot;firstMargin&quot;:false,&quot;spacing&quot;:4},&quot;controlNavigation&quot;:&quot;bullets&quot;,&quot;autoplay&quot;:{&quot;enabled&quot;:true,&quot;pauseOnHover&quot;:true,&quot;delay&quot;:3000},&quot;autoScaleSliderWidth&quot;:2000,&quot;autoScaleSliderHeight&quot;:1479}'><\/div><\/div><\/div><\/div><\/div><\/div><\/div><\/section><section class=\"l-section wpb_row height_medium\"><div class=\"l-section-h i-cf\"><div class=\"g-cols vc_row via_flex valign_top type_default stacking_default\"><div class=\"vc_col-sm-9 wpb_column vc_column_container\"><div class=\"vc_column-inner\"><div class=\"wpb_wrapper\"><div class=\"wpb_text_column tagtext left\"><div class=\"wpb_wrapper\"><p style=\"text-align: left;\">Jakie\u015b pytania?<\/p>\n<\/div><\/div><div class=\"w-separator size_small\"><\/div><div class=\"wpb_text_column us_custom_9eee4631\"><div class=\"wpb_wrapper\"><h2 style=\"text-align: left;\">Ile <strong>kosztuje voucher serwisowy?<\/strong><\/h2>\n<\/div><\/div><div class=\"w-separator size_small\"><\/div><div class=\"w-btn-wrapper align_none\"><a class=\"w-btn us-btn-style_2\" href=\"https:\/\/www.aaxe.be\/pl\/dlaczego-warto-wybrac-aaxe\/nasze-uslugi\/\"><span class=\"w-btn-label\">Nasze us\u0142ugi<\/span><\/a><\/div><div class=\"w-separator size_medium\"><\/div><div class=\"w-tabs us_custom_b5598487 style_default switch_click accordion type_togglable has_scrolling remove_indents\" style=\"--sections-title-size:inherit\"><div class=\"w-tabs-sections titles-align_none icon_chevron cpos_right\"><div class=\"w-tabs-section active\" id=\"k4a0\" itemscope itemprop=\"mainEntity\" itemtype=\"https:\/\/schema.org\/Question\"><button class=\"w-tabs-section-header active\" aria-controls=\"content-k4a0\" aria-expanded=\"true\"><h3 class=\"w-tabs-section-title\" itemprop=\"name\">W Brukseli<\/h3><div class=\"w-tabs-section-control\"><\/div><\/button><div  class=\"w-tabs-section-content\" id=\"content-k4a0\" itemscope itemprop=\"acceptedAnswer\" itemtype=\"https:\/\/schema.org\/Answer\"><div class=\"w-tabs-section-content-h i-cf\" itemprop=\"text\"><div class=\"wpb_text_column\"><div class=\"wpb_wrapper\"><h3>Nasze us\u0142ugi w Brukseli<\/h3>\n<h5 class=\"no_stripe\"><span><strong>Jako u\u017cytkownik<\/strong><\/span><\/h5>\n<p>W ci\u0105gu roku kalendarzowego mo\u017cna zam\u00f3wi\u0107 <strong>maksymalnie 500 Naszych czek\u00f3w<\/strong> na us\u0142ugi w cenie :<\/p>\n<ul>\n<li>11,40\u20ac za pierwsze 300 akcji nabytych w 2025 r.<\/li>\n<li>14,00\u20ac za kolejne 200<\/li>\n<\/ul>\n<h5 class=\"no_stripe\"><span>Jako gospodarstwo domowe<\/span><\/h5>\n<p>Gospodarstwo domowe obejmuje wszystkie osoby zameldowane pod danym adresem.<br \/>\nMo\u017cesz zam\u00f3wi\u0107 <strong>maksymalnie 1000<\/strong> Naszych <strong>us\u0142ug<\/strong> rocznie:<\/p>\n<ul>\n<li>11,40\u20ac za pierwsze 600 tytu\u0142\u00f3w<\/li>\n<li>14,00\u20ac za nast\u0119puj\u0105ce 400<\/li>\n<\/ul>\n<p>Ceny te obowi\u0105zuj\u0105 niezale\u017cnie od tego, kt\u00f3ry cz\u0142onek gospodarstwa domowego sk\u0142ada zam\u00f3wienie.<\/p>\n<\/div><\/div><div class=\"w-separator size_medium\"><\/div><div class=\"wpb_text_column us_custom_25b9763b\"><div class=\"wpb_wrapper\"><h5><strong>Informacje o odliczeniach podatkowych<\/strong><\/h5>\n<p><strong data-start=\"79\" data-end=\"98\">Ulga podatkowa:<\/strong> <strong data-start=\"99\" data-end=\"126\" data-is-last-node=\"\" data-is-only-node=\"\">zniesiona od 2026 roku.<\/strong><\/p>\n<p>2025 : Je\u015bli Tw\u00f3j g\u0142\u00f3wny adres jest zarejestrowany w Brukseli, Ty (jako u\u017cytkownik lub gospodarstwo domowe) korzystasz z <strong>15% ulgi podatkowej<\/strong><strong>na pierwsze 172 kupony us\u0142ugowe<\/strong> na osob\u0119. Oznacza to oszcz\u0119dno\u015b\u0107 w wysoko\u015bci 1,53 euro na ka\u017cdym kuponie: zamiast 10,20 euro za kupony p\u0142aci si\u0119 <strong>8<\/strong> <strong>,67<\/strong><strong>euro<\/strong>.<\/p>\n<\/div><\/div><\/div><\/div><\/div><div class=\"w-tabs-section active\" id=\"r756\" itemscope itemprop=\"mainEntity\" itemtype=\"https:\/\/schema.org\/Question\"><button class=\"w-tabs-section-header active\" aria-controls=\"content-r756\" aria-expanded=\"true\"><h3 class=\"w-tabs-section-title\" itemprop=\"name\">We Flandrii<\/h3><div class=\"w-tabs-section-control\"><\/div><\/button><div  class=\"w-tabs-section-content\" id=\"content-r756\" itemscope itemprop=\"acceptedAnswer\" itemtype=\"https:\/\/schema.org\/Answer\"><div class=\"w-tabs-section-content-h i-cf\" itemprop=\"text\"><div class=\"wpb_text_column\"><div class=\"wpb_wrapper\"><h3>Bony na us\u0142ugi we Flandrii<\/h3>\n<h5><strong>Jako u\u017cytkownik<\/strong><\/h5>\n<p>W ci\u0105gu roku kalendarzowego mo\u017cna zam\u00f3wi\u0107 <strong>maksymalnie 500 Naszych czek\u00f3w<\/strong> na us\u0142ugi w cenie :<\/p>\n<ul>\n<li>10,00\u20ac za pierwsze 400 tytu\u0142\u00f3w<\/li>\n<li>11,00\u20ac za kolejne 100<\/li>\n<\/ul>\n<h5><strong>Jako gospodarstwo domowe<\/strong><\/h5>\n<p>Gospodarstwo domowe obejmuje wszystkie osoby zameldowane pod danym adresem. Mo\u017cesz zam\u00f3wi\u0107 <strong>maksymalnie<\/strong><strong>1000<\/strong> Naszych <strong>us\u0142ug<\/strong> rocznie:<\/p>\n<ul>\n<li>10,00\u20ac za pierwsze 800 tytu\u0142\u00f3w<\/li>\n<li>11,00\u20ac za kolejne 200<\/li>\n<\/ul>\n<p>Ceny te obowi\u0105zuj\u0105 niezale\u017cnie od tego, kt\u00f3ry cz\u0142onek gospodarstwa domowego sk\u0142ada zam\u00f3wienie.<\/p>\n<\/div><\/div><div class=\"w-separator size_medium\"><\/div><div class=\"wpb_text_column us_custom_25b9763b\"><div class=\"wpb_wrapper\"><h5><strong>Informacje o odliczeniach podatkowych<\/strong><\/h5>\n<p>Czy Tw\u00f3j g\u0142\u00f3wny adres (zgodnie z rejestrem ludno\u015bci) znajduje si\u0119 w Regionie Flamandzkim?<\/p>\n<p><strong>Od 1\u1d49\u02b3<\/strong><strong>stycznia 2025 r<\/strong>. ulga podatkowa zostanie <strong>zniesiona<\/strong>, wi\u0119c od tego momentu <strong>voucher na us\u0142ug\u0119 kosztuje <\/strong><strong>10 euro<\/strong>.<\/p>\n<\/div><\/div><\/div><\/div><\/div><div class=\"w-tabs-section active\" id=\"aa10\" itemscope itemprop=\"mainEntity\" itemtype=\"https:\/\/schema.org\/Question\"><button class=\"w-tabs-section-header active\" aria-controls=\"content-aa10\" aria-expanded=\"true\"><h3 class=\"w-tabs-section-title\" itemprop=\"name\">W Walonii<\/h3><div class=\"w-tabs-section-control\"><\/div><\/button><div  class=\"w-tabs-section-content\" id=\"content-aa10\" itemscope itemprop=\"acceptedAnswer\" itemtype=\"https:\/\/schema.org\/Answer\"><div class=\"w-tabs-section-content-h i-cf\" itemprop=\"text\"><div class=\"wpb_text_column\"><div class=\"wpb_wrapper\"><h3>Nasze bony na us\u0142ugi w Walonii<\/h3>\n<h5><strong>Jako u\u017cytkownik<\/strong><\/h5>\n<p>W ci\u0105gu roku kalendarzowego mo\u017cna zam\u00f3wi\u0107 <strong>maksymalnie 500 Naszych czek\u00f3w<\/strong> na us\u0142ugi w cenie :<\/p>\n<ul>\n<li>10,40\u20ac za pierwsze 175 tytu\u0142\u00f3w<\/li>\n<li>11,40\u20ac dla tytu\u0142\u00f3w od 176\u1d49 do 400\u1d49<\/li>\n<li>12,40\u20ac dla papier\u00f3w warto\u015bciowych od 401\u1d49 do 500\u1d49<\/li>\n<\/ul>\n<h5><strong>Jako gospodarstwo domowe<\/strong><\/h5>\n<p>Gospodarstwo domowe obejmuje wszystkie osoby zameldowane pod danym adresem. Mo\u017cesz zam\u00f3wi\u0107 <strong>maksymalnie<\/strong><strong>1000<\/strong> Naszych<strong>us\u0142ug<\/strong> rocznie:<\/p>\n<ul>\n<li>10,40\u20ac za pierwsze 350 tytu\u0142\u00f3w<\/li>\n<li>11,40\u20ac za 351\u1d49 do 800\u1d49 akcji<\/li>\n<li>12,40\u20ac za 801\u1d49 do 1,000\u1d49 akcji<\/li>\n<\/ul>\n<p>Ceny te obowi\u0105zuj\u0105 niezale\u017cnie od tego, kt\u00f3ry cz\u0142onek gospodarstwa domowego sk\u0142ada zam\u00f3wienie.<\/p>\n<h5><strong>Okre\u015blone kwoty<\/strong><\/h5>\n<p>Nast\u0119puj\u0105ce kategorie (rodziny niepe\u0142ne, osoby starsze lub niepe\u0142nosprawne) mog\u0105 zam\u00f3wi\u0107 <strong>do <\/strong><strong>2000 kupon\u00f3w na us\u0142ugi rocznie<\/strong>, wszystkie za <strong>10<\/strong><strong>,40 <\/strong><strong>euro<\/strong>.<\/p>\n<\/div><\/div><div class=\"w-separator size_medium\"><\/div><div class=\"wpb_text_column us_custom_25b9763b\"><div class=\"wpb_wrapper\"><h5><strong>Informacje o odliczeniach podatkowych<\/strong><\/h5>\n<p>Czy Tw\u00f3j g\u0142\u00f3wny adres znajduje si\u0119 w regionie Walonii? U\u017cytkownik (jako u\u017cytkownik lub gospodarstwo domowe) korzysta z <strong>ulgi podatkowej w wysoko\u015bci <\/strong><strong>9%<\/strong> na <strong>pierwsze 150 kupon\u00f3w us\u0142ugowych<\/strong> na osob\u0119, tj. <strong>0,90 \u20ac<\/strong> na kupon.<br \/>\n=&gt; Za kupon reklamowany w cenie 10,40 \u20ac zap\u0142acisz tylko <strong>9<\/strong><strong>,50<\/strong><strong>\u20ac<\/strong> po odliczeniu podatku.<\/p>\n<\/div><\/div><\/div><\/div><\/div><\/div><\/div><\/div><\/div><\/div><div class=\"vc_col-sm-3 wpb_column vc_column_container\"><div class=\"vc_column-inner\"><div class=\"wpb_wrapper\"><\/div><\/div><\/div><\/div><\/div><\/section>\n","protected":false},"excerpt":{"rendered":"Jakie s\u0105 korzy\u015bci z systemu bon\u00f3w us\u0142ugowych? Strona g\u0142\u00f3wnaStronyKorzy\u015bci Jakie s\u0105 korzy\u015bci? Za ka\u017cd\u0105 przepracowan\u0105 godzin\u0119 p\u0142aci si\u0119 kupon us\u0142ugowy. Prawo przewiduje minimum 3 godziny na interwencj\u0119 pomocy domowej. Matki prowadz\u0105ce dzia\u0142alno\u015b\u0107 na w\u0142asny rachunek otrzymuj\u0105 nast\u0119puj\u0105ce \u015bwiadczenia macierzy\u0144skie 105 czeki serwisowe bezp\u0142atnie z ich Funduszu Ubezpiecze\u0144 Spo\u0142ecznych. Korzy\u015bci podatkowe r\u00f3\u017cni\u0105 si\u0119 w zale\u017cno\u015bci od...","protected":false},"author":1,"featured_media":4245,"parent":3296,"menu_order":1,"comment_status":"closed","ping_status":"closed","template":"","meta":{"_acf_changed":false,"footnotes":""},"class_list":["post-3828","page","type-page","status-publish","has-post-thumbnail","hentry"],"acf":[],"_links":{"self":[{"href":"https:\/\/www.aaxe.be\/pl\/wp-json\/wp\/v2\/pages\/3828","targetHints":{"allow":["GET"]}}],"collection":[{"href":"https:\/\/www.aaxe.be\/pl\/wp-json\/wp\/v2\/pages"}],"about":[{"href":"https:\/\/www.aaxe.be\/pl\/wp-json\/wp\/v2\/types\/page"}],"author":[{"embeddable":true,"href":"https:\/\/www.aaxe.be\/pl\/wp-json\/wp\/v2\/users\/1"}],"replies":[{"embeddable":true,"href":"https:\/\/www.aaxe.be\/pl\/wp-json\/wp\/v2\/comments?post=3828"}],"version-history":[{"count":4,"href":"https:\/\/www.aaxe.be\/pl\/wp-json\/wp\/v2\/pages\/3828\/revisions"}],"predecessor-version":[{"id":5305,"href":"https:\/\/www.aaxe.be\/pl\/wp-json\/wp\/v2\/pages\/3828\/revisions\/5305"}],"up":[{"embeddable":true,"href":"https:\/\/www.aaxe.be\/pl\/wp-json\/wp\/v2\/pages\/3296"}],"wp:featuredmedia":[{"embeddable":true,"href":"https:\/\/www.aaxe.be\/pl\/wp-json\/wp\/v2\/media\/4245"}],"wp:attachment":[{"href":"https:\/\/www.aaxe.be\/pl\/wp-json\/wp\/v2\/media?parent=3828"}],"curies":[{"name":"wp","href":"https:\/\/api.w.org\/{rel}","templated":true}]}}