{"id":3896,"date":"2025-04-22T11:58:01","date_gmt":"2025-04-22T09:58:01","guid":{"rendered":"https:\/\/aaxetitresservices.kinsta.cloud\/pracownik-biurowy-2\/"},"modified":"2025-08-19T16:08:07","modified_gmt":"2025-08-19T14:08:07","slug":"pracownik-biurowy-2","status":"publish","type":"page","link":"https:\/\/www.aaxe.be\/pl\/pracownik-biurowy-2\/","title":{"rendered":"Pracownik biurowy"},"content":{"rendered":"<section class=\"l-section wpb_row height_auto\"><div class=\"l-section-h i-cf\"><div class=\"g-cols vc_row via_flex valign_top type_default stacking_default\"><div class=\"vc_col-sm-12 wpb_column vc_column_container\"><div class=\"vc_column-inner\"><div class=\"wpb_wrapper\"><\/div><\/div><\/div><\/div><\/div><\/section><section class=\"l-section wpb_row height_auto\"><div class=\"l-section-h i-cf\"><div class=\"g-cols vc_row via_flex valign_top type_default stacking_default\"><div class=\"vc_col-sm-12 wpb_column vc_column_container\"><div class=\"vc_column-inner\"><div class=\"wpb_wrapper\"><\/div><\/div><\/div><\/div><\/div><\/section><section class=\"l-section wpb_row height_large\"><div class=\"l-section-h i-cf\"><div class=\"g-cols vc_row via_flex valign_top type_default stacking_default\"><div class=\"vc_col-sm-12 wpb_column vc_column_container\"><div class=\"vc_column-inner\"><div class=\"wpb_wrapper\"><div class=\"wpb_text_column tagtext left\"><div class=\"wpb_wrapper\"><p style=\"text-align: left;\">PRACA W AAXE TITRES-SERVICES<\/p>\n<\/div><\/div><div class=\"w-separator size_small\"><\/div><div class=\"wpb_text_column us_custom_9eee4631\"><div class=\"wpb_wrapper\"><h2 style=\"text-align: left;\">Chcesz do\u0142\u0105czy\u0107 do<strong>dynamicznego, wieloj\u0119zycznego zespo\u0142u<\/strong><br \/><strong>?<\/strong><\/h2>\n<\/div><\/div><div class=\"w-separator size_small\"><\/div><div class=\"g-cols wpb_row via_flex valign_top type_default stacking_default\"><div class=\"vc_col-sm-6 wpb_column vc_column_container\"><div class=\"vc_column-inner\"><div class=\"wpb_wrapper\"><div class=\"wpb_text_column us_custom_f2746f9a has_text_color\"><div class=\"wpb_wrapper\"><h3>Pracownik biurowy w Aaxe<\/h3>\n<\/div><\/div><div class=\"w-separator size_small\"><\/div><div class=\"wpb_text_column\"><div class=\"wpb_wrapper\"><p>Do\u0142\u0105cz do naszego wieloj\u0119zycznego zespo\u0142u, oferujemy stabilne \u015brodowisko pracy, mo\u017cliwo\u015bci rozwoju i dynamiczne \u015brodowisko.<\/p>\n<ul>\n<li><span> <\/span>Stabilna, ustrukturyzowana praca.<\/li>\n<li><span> <\/span>Wsparcie i szkolenia.<\/li>\n<li><span> <\/span>Profesjonalny i zaanga\u017cowany zesp\u00f3\u0142.<\/li>\n<\/ul>\n<\/div><\/div><div class=\"w-separator size_small\"><\/div><div class=\"w-btn-wrapper align_none\"><a class=\"w-btn us-btn-style_1\" href=\"https:\/\/www.aaxe.be\/emploi\/employe\/\"><span class=\"w-btn-label\">Dowiedz si\u0119 wi\u0119cej<\/span><\/a><\/div><\/div><\/div><\/div><div class=\"vc_col-sm-6 wpb_column vc_column_container\"><div class=\"vc_column-inner\"><div class=\"wpb_wrapper\"><div class=\"wpb_text_column us_custom_f2746f9a has_text_color\"><div class=\"wpb_wrapper\"><h3>Pomoc domowa w Aaxe<\/h3>\n<\/div><\/div><div class=\"w-separator size_small\"><\/div><div class=\"wpb_text_column\"><div class=\"wpb_wrapper\"><p>Do\u0142\u0105cz do zespo\u0142u, kt\u00f3ry ceni Twoj\u0105 prac\u0119. Gwarantujemy bezpieczn\u0105 prac\u0119, spersonalizowane wsparcie i warunki dostosowane do Twojego tempa. <\/p>\n<ul>\n<li><span> <\/span>Zorganizowane, elastyczne planowanie.<\/li>\n<li><span> <\/span>Agencje wieloj\u0119zyczne.<\/li>\n<li><span> <\/span>Jasne i bezpieczne ramy prawne<\/li>\n<li>Korzy\u015bci: bony na posi\u0142ki, premia na koniec roku, bony ekologiczne itp.<\/li>\n<\/ul>\n<\/div><\/div><div class=\"w-separator size_small\"><\/div><div class=\"w-btn-wrapper align_none\"><a class=\"w-btn us-btn-style_1\" href=\"https:\/\/www.aaxe.be\/emploi\/ouvrier\/\"><span class=\"w-btn-label\">Dowiedz si\u0119 wi\u0119cej<\/span><\/a><\/div><\/div><\/div><\/div><\/div><\/div><\/div><\/div><\/div><\/div><\/section>\n","protected":false},"excerpt":{"rendered":"PRACA W AAXE TITRES-SERVICES Chcesz do\u0142\u0105czy\u0107 dodynamicznego, wieloj\u0119zycznego zespo\u0142u? Pracownik biurowy w Aaxe Do\u0142\u0105cz do naszego wieloj\u0119zycznego zespo\u0142u, oferujemy stabilne \u015brodowisko pracy, mo\u017cliwo\u015bci rozwoju i dynamiczne \u015brodowisko. Stabilna, ustrukturyzowana praca. Wsparcie i szkolenia. Profesjonalny i zaanga\u017cowany zesp\u00f3\u0142. Dowiedz si\u0119 wi\u0119cej Pomoc domowa w Aaxe Do\u0142\u0105cz do zespo\u0142u, kt\u00f3ry ceni Twoj\u0105 prac\u0119. Gwarantujemy bezpieczn\u0105 prac\u0119, spersonalizowane...","protected":false},"author":1,"featured_media":0,"parent":0,"menu_order":4,"comment_status":"closed","ping_status":"closed","template":"","meta":{"_acf_changed":false,"footnotes":""},"class_list":["post-3896","page","type-page","status-publish","hentry"],"acf":[],"_links":{"self":[{"href":"https:\/\/www.aaxe.be\/pl\/wp-json\/wp\/v2\/pages\/3896","targetHints":{"allow":["GET"]}}],"collection":[{"href":"https:\/\/www.aaxe.be\/pl\/wp-json\/wp\/v2\/pages"}],"about":[{"href":"https:\/\/www.aaxe.be\/pl\/wp-json\/wp\/v2\/types\/page"}],"author":[{"embeddable":true,"href":"https:\/\/www.aaxe.be\/pl\/wp-json\/wp\/v2\/users\/1"}],"replies":[{"embeddable":true,"href":"https:\/\/www.aaxe.be\/pl\/wp-json\/wp\/v2\/comments?post=3896"}],"version-history":[{"count":19,"href":"https:\/\/www.aaxe.be\/pl\/wp-json\/wp\/v2\/pages\/3896\/revisions"}],"predecessor-version":[{"id":4565,"href":"https:\/\/www.aaxe.be\/pl\/wp-json\/wp\/v2\/pages\/3896\/revisions\/4565"}],"wp:attachment":[{"href":"https:\/\/www.aaxe.be\/pl\/wp-json\/wp\/v2\/media?parent=3896"}],"curies":[{"name":"wp","href":"https:\/\/api.w.org\/{rel}","templated":true}]}}