{"id":3305,"date":"2025-04-22T11:58:01","date_gmt":"2025-04-22T09:58:01","guid":{"rendered":"https:\/\/aaxetitresservices.kinsta.cloud\/angajat\/"},"modified":"2025-08-19T16:08:07","modified_gmt":"2025-08-19T14:08:07","slug":"angajat","status":"publish","type":"page","link":"https:\/\/www.aaxe.be\/ro\/angajat\/","title":{"rendered":"Angajat"},"content":{"rendered":"<section class=\"l-section wpb_row height_auto\"><div class=\"l-section-h i-cf\"><div class=\"g-cols vc_row via_flex valign_top type_default stacking_default\"><div class=\"vc_col-sm-12 wpb_column vc_column_container\"><div class=\"vc_column-inner\"><div class=\"wpb_wrapper\"><\/div><\/div><\/div><\/div><\/div><\/section><section class=\"l-section wpb_row height_auto\"><div class=\"l-section-h i-cf\"><div class=\"g-cols vc_row via_flex valign_top type_default stacking_default\"><div class=\"vc_col-sm-12 wpb_column vc_column_container\"><div class=\"vc_column-inner\"><div class=\"wpb_wrapper\"><\/div><\/div><\/div><\/div><\/div><\/section><section class=\"l-section wpb_row height_large\"><div class=\"l-section-h i-cf\"><div class=\"g-cols vc_row via_flex valign_top type_default stacking_default\"><div class=\"vc_col-sm-12 wpb_column vc_column_container\"><div class=\"vc_column-inner\"><div class=\"wpb_wrapper\"><div class=\"wpb_text_column tagtext left\"><div class=\"wpb_wrapper\"><p style=\"text-align: left;\">LUCRUL LA AAXE TITRES-SERVICES<\/p>\n<\/div><\/div><div class=\"w-separator size_small\"><\/div><div class=\"wpb_text_column us_custom_9eee4631\"><div class=\"wpb_wrapper\"><h2 style=\"text-align: left;\">Dori\u021bi s\u0103 v\u0103 al\u0103tura\u021bi unei echipe<strong>dinamice, multilingve<\/strong><br \/><strong>?<\/strong><\/h2>\n<\/div><\/div><div class=\"w-separator size_small\"><\/div><div class=\"g-cols wpb_row via_flex valign_top type_default stacking_default\"><div class=\"vc_col-sm-6 wpb_column vc_column_container\"><div class=\"vc_column-inner\"><div class=\"wpb_wrapper\"><div class=\"wpb_text_column us_custom_f2746f9a has_text_color\"><div class=\"wpb_wrapper\"><h3>Angajat la Aaxe<\/h3>\n<\/div><\/div><div class=\"w-separator size_small\"><\/div><div class=\"wpb_text_column\"><div class=\"wpb_wrapper\"><p>Al\u0103tura\u021bi-v\u0103 echipei noastre multilingve, oferim un mediu de lucru stabil, oportunit\u0103\u021bi de dezvoltare \u0219i un mediu dinamic.<\/p>\n<ul>\n<li><span> <\/span>Un loc de munc\u0103 stabil, structurat.<\/li>\n<li><span> <\/span>Asisten\u021b\u0103 \u0219i formare.<\/li>\n<li><span> <\/span>O echip\u0103 profesionist\u0103 \u0219i dedicat\u0103.<\/li>\n<\/ul>\n<\/div><\/div><div class=\"w-separator size_small\"><\/div><div class=\"w-btn-wrapper align_none\"><a class=\"w-btn us-btn-style_1\" href=\"https:\/\/www.aaxe.be\/emploi\/employe\/\"><span class=\"w-btn-label\">Afla\u021bi mai multe<\/span><\/a><\/div><\/div><\/div><\/div><div class=\"vc_col-sm-6 wpb_column vc_column_container\"><div class=\"vc_column-inner\"><div class=\"wpb_wrapper\"><div class=\"wpb_text_column us_custom_f2746f9a has_text_color\"><div class=\"wpb_wrapper\"><h3>Ajutor menajer la Aaxe<\/h3>\n<\/div><\/div><div class=\"w-separator size_small\"><\/div><div class=\"wpb_text_column\"><div class=\"wpb_wrapper\"><p>Al\u0103tura\u021bi-v\u0103 unei echipe care v\u0103 apreciaz\u0103 munca. Garant\u0103m locuri de munc\u0103 sigure, asisten\u021b\u0103 personalizat\u0103 \u0219i condi\u021bii adaptate ritmului dumneavoastr\u0103. <\/p>\n<ul>\n<li><span> <\/span>Planificare organizat\u0103, flexibil\u0103.<\/li>\n<li><span> <\/span>Agen\u021bii multilingve.<\/li>\n<li><span> <\/span>Un cadru juridic clar \u0219i sigur<\/li>\n<li>Avantaje: tichete de mas\u0103, bonus de sf\u00e2r\u0219it de an, eco-vouchere etc.<\/li>\n<\/ul>\n<\/div><\/div><div class=\"w-separator size_small\"><\/div><div class=\"w-btn-wrapper align_none\"><a class=\"w-btn us-btn-style_1\" href=\"https:\/\/www.aaxe.be\/emploi\/ouvrier\/\"><span class=\"w-btn-label\">Afla\u021bi mai multe<\/span><\/a><\/div><\/div><\/div><\/div><\/div><\/div><\/div><\/div><\/div><\/div><\/section>\n","protected":false},"excerpt":{"rendered":"LUCRUL LA AAXE TITRES-SERVICES Dori\u021bi s\u0103 v\u0103 al\u0103tura\u021bi unei echipedinamice, multilingve? Angajat la Aaxe Al\u0103tura\u021bi-v\u0103 echipei noastre multilingve, oferim un mediu de lucru stabil, oportunit\u0103\u021bi de dezvoltare \u0219i un mediu dinamic. Un loc de munc\u0103 stabil, structurat. Asisten\u021b\u0103 \u0219i formare. O echip\u0103 profesionist\u0103 \u0219i dedicat\u0103. Afla\u021bi mai multe Ajutor menajer la Aaxe Al\u0103tura\u021bi-v\u0103 unei echipe...","protected":false},"author":1,"featured_media":0,"parent":0,"menu_order":4,"comment_status":"closed","ping_status":"closed","template":"","meta":{"_acf_changed":false,"footnotes":""},"class_list":["post-3305","page","type-page","status-publish","hentry"],"acf":[],"_links":{"self":[{"href":"https:\/\/www.aaxe.be\/ro\/wp-json\/wp\/v2\/pages\/3305","targetHints":{"allow":["GET"]}}],"collection":[{"href":"https:\/\/www.aaxe.be\/ro\/wp-json\/wp\/v2\/pages"}],"about":[{"href":"https:\/\/www.aaxe.be\/ro\/wp-json\/wp\/v2\/types\/page"}],"author":[{"embeddable":true,"href":"https:\/\/www.aaxe.be\/ro\/wp-json\/wp\/v2\/users\/1"}],"replies":[{"embeddable":true,"href":"https:\/\/www.aaxe.be\/ro\/wp-json\/wp\/v2\/comments?post=3305"}],"version-history":[{"count":25,"href":"https:\/\/www.aaxe.be\/ro\/wp-json\/wp\/v2\/pages\/3305\/revisions"}],"predecessor-version":[{"id":4564,"href":"https:\/\/www.aaxe.be\/ro\/wp-json\/wp\/v2\/pages\/3305\/revisions\/4564"}],"wp:attachment":[{"href":"https:\/\/www.aaxe.be\/ro\/wp-json\/wp\/v2\/media?parent=3305"}],"curies":[{"name":"wp","href":"https:\/\/api.w.org\/{rel}","templated":true}]}}