{"id":3322,"date":"2025-04-22T11:58:35","date_gmt":"2025-04-22T09:58:35","guid":{"rendered":"https:\/\/aaxetitresservices.kinsta.cloud\/serviciile-noastre\/"},"modified":"2025-08-19T08:18:56","modified_gmt":"2025-08-19T06:18:56","slug":"serviciile-noastre","status":"publish","type":"page","link":"https:\/\/www.aaxe.be\/ro\/de-ce-sa-alegeti-aaxe\/serviciile-noastre\/","title":{"rendered":"Serviciile noastre"},"content":{"rendered":"<section class=\"l-section wpb_row height_auto\"><div class=\"l-section-h i-cf\"><div class=\"g-cols vc_row via_flex valign_top type_default stacking_default\"><div class=\"vc_col-sm-12 wpb_column vc_column_container\"><div class=\"vc_column-inner\"><div class=\"wpb_wrapper\"><\/div><\/div><\/div><\/div><\/div><\/section><section class=\"l-section wpb_row us_custom_fb36e361 imgheader height_medium with_img\"><div class=\"l-section-img\" role=\"img\" aria-label=\"Imagine\" data-img-width=\"2560\" data-img-height=\"806\" style=\"background-image: url(https:\/\/www.aaxe.be\/wp-content\/uploads\/2025\/08\/IMGL8151-Modifier-1-scaled.jpg);background-repeat: no-repeat;\"><\/div><div class=\"l-section-overlay\" style=\"background:linear-gradient(270deg, transparent 0%,rgba(54,54,54,0.3) 100%)\"><\/div><div class=\"l-section-h i-cf\"><div class=\"g-cols vc_row via_flex valign_bottom type_default stacking_default\"><div class=\"vc_col-sm-12 wpb_column vc_column_container\"><div class=\"vc_column-inner\"><div class=\"wpb_wrapper\"><div class=\"wpb_text_column us_custom_dcb699e1 has_text_color\"><div class=\"wpb_wrapper\"><h1>Descoperi\u021bi serviciile noastre de calitate<\/h1>\n<\/div><\/div><\/div><\/div><\/div><\/div><\/div><\/section><section class=\"l-section wpb_row us_custom_ac8bede8 height_auto\"><div class=\"l-section-h i-cf\"><div class=\"g-cols vc_row via_flex valign_top type_default stacking_default\"><div class=\"vc_col-sm-12 wpb_column vc_column_container\"><div class=\"vc_column-inner\"><div class=\"wpb_wrapper\"><nav class=\"g-breadcrumbs separator_icon align_none\" itemscope itemtype=\"http:\/\/schema.org\/BreadcrumbList\"><div class=\"g-breadcrumbs-item\" itemscope itemprop=\"itemListElement\" itemtype=\"http:\/\/schema.org\/ListItem\"><a itemprop=\"item\" href=\"https:\/\/www.aaxe.be\/ro\/\"><span itemprop=\"name\">Acas\u0103<\/span><\/a><meta itemprop=\"position\" content=\"1\"\/><\/div><div class=\"g-breadcrumbs-separator\"><i class=\"fas fa-circle\"><\/i><\/div><div class=\"g-breadcrumbs-item\">Pagini<\/div><\/nav><\/div><\/div><\/div><\/div><\/div><\/section><section class=\"l-section wpb_row height_large\"><div class=\"l-section-h i-cf\"><div class=\"g-cols vc_row via_flex valign_top type_default stacking_default\"><div class=\"vc_col-sm-4 wpb_column vc_column_container m300 imgHover has_bg_color\"><div class=\"vc_column-inner us_custom_f464ae0a\"><div class=\"vc_column-overlay\" style=\"background:rgba(255,255,255,0)\"><\/div><div class=\"wpb_wrapper\"><\/div><\/div><\/div><div class=\"vc_col-sm-8 wpb_column vc_column_container\"><div class=\"vc_column-inner\"><div class=\"wpb_wrapper\"><div class=\"g-cols wpb_row greyiconboxes links via_flex valign_top type_default stacking_default\" style=\"--additional-gap:5px;\"><div class=\"vc_col-sm-6 wpb_column vc_column_container has-link\"><div class=\"vc_column-inner\"><div class=\"wpb_wrapper\"><div class=\"w-iconbox iconpos_left style_circle color_custom align_left no_text icontype_img\"><div class=\"w-iconbox-icon\" style=\"font-size:40px;--icon-color:#6A2383;--icon-bg-color:var(--color-lavender-custom);\"><?xml version=\"1.0\" encoding=\"UTF-8\"?><svg id=\"a\" xmlns=\"http:\/\/www.w3.org\/2000\/svg\" width=\"1000\" height=\"1000\" viewBox=\"0 0 1000 1000\"><path d=\"M819.66,372.35c-3.9-79.05-37.98-152.05-96.2-205.85-58.96-54.51-135.92-82.9-215.87-79.63-154.67,6.09-280.78,131.22-288.43,285.51-24.1,6.71-40.68,28.33-40.72,53.63v16.95c.06,24.73,16.28,46.24,39.76,53.22l5.94,34.43c.85,4.97,3.58,9.3,7.69,12.22,4.12,2.91,9.08,4.02,14.11,3.19,4.97-.85,9.3-3.6,12.21-7.72,2.91-4.12,4.04-9.12,3.18-14.09l-4.36-25.53h524.95l-59.4,345.98c-5.82,19.49-24.86,32.48-45.33,30.83h-270.73c-10.4,0-18.87,8.47-18.87,18.87s8.47,18.87,18.87,18.87h270.49c1.6.09,3.18.14,4.76.14,36.91,0,69.24-25.27,77.92-61.85l61.04-355.36c23.49-6.99,39.71-28.5,39.77-53.23v-16.95c-.05-25.3-16.67-46.94-40.78-53.64ZM781.79,370.25H257.08c9.22-137.9,123.65-245.43,262.35-245.6,138.7.17,253.13,107.69,262.35,245.6ZM822.65,442.92c-.02,9.91-8.09,17.97-17.99,17.99H234.21c-9.91-.02-17.98-8.09-18.01-17.99v-16.91c.02-9.92,8.09-17.99,17.99-18.01h570.41c9.92.02,17.99,8.09,18.01,18.01l.03,16.91Z\" fill=\"#692b83\"\/><path d=\"M415.73,776.25l-2.17.4,2.22-.42c-1.01-5.32.91-10.82,5.1-14.41,14.83-13.33,26.4-30.24,33.43-48.82,21.41-53.32-1.85-107.12-60.69-140.38l-2.44-1.41c-16.55-9.93-34.26-17.99-53.45-24.11l-1.33-.49c-.8-.3-1.6-.6-2.4-.83-61.87-18.58-127.41,16.68-145.99,78.6-5.42,18.06-6.39,37.38-2.84,55.86.88,4.75-.83,9.65-4.46,12.8-23.83,20.33-38.29,48.72-40.76,79.94-2.46,31.22,7.38,61.53,27.71,85.34,12.24,14.34,27.95,25.63,45.4,32.65.85.35,1.71.64,2.57.92l1.95.8c17.82,6.95,36.34,12.52,55.21,16.59,9.96,1.69,20.09,2.58,29.91,2.61,2.05.12,4.09.18,6.12.18,47.04,0,88.61-30.58,102.3-75.95,6.7-19.18,8.29-39.88,4.62-59.87ZM396.07,733.41c-14.08,12.27-20.74,31.31-17.37,49.71,2.51,13.49,1.42,27.48-3.18,40.68-5.67,20.06-19.93,35.99-38.38,44.02,29.03-26.9,42.68-66.91,35.25-106.87-1.01-5.32.93-10.81,5.07-14.35,29.48-25.58,43.99-64.25,39.5-102.32,8.87,16.59,9.96,36.59,2.24,54.65-4.87,13.09-12.88,24.98-23.17,34.4l.05.06ZM335.35,767.91c7.86,43.15-20.85,84.67-64,92.53-14.81,2.72-30.04,1.16-44.01-4.47-38.38-16.12-58.18-58.29-46.05-98.12l-.05-.02c4.51-14.03,12.82-26.49,24.02-36.03,14.03-11.96,20.55-30.62,17.05-48.71-2.8-14.49-1.5-29.43,3.74-43.15,12.35-31.03,41.9-51.12,75.3-51.17h.08c7.4,0,14.73,1.07,21.8,3.19,20.36,6.04,37.15,19.65,47.27,38.32,10.13,18.67,12.37,40.16,6.33,60.53-4.3,14.49-12.61,27.4-24.03,37.34-14.14,12.28-20.82,31.35-17.43,49.78ZM398.83,736.42s0,0,0,0l-.19-.22.16.18.03.04Z\" fill=\"#692b83\"\/><\/svg><\/div><div class=\"w-iconbox-meta\"><h5 class=\"w-iconbox-title\">Cur\u0103\u021benie<\/h5><\/div><\/div><div class=\"wpb_text_column\"><div class=\"wpb_wrapper\"><p><span>O cas\u0103 f\u0103r\u0103 pat\u0103, f\u0103r\u0103 efort. Ajutoarele noastre menajere se vor ocupa de toate lucr\u0103rile de \u00eentre\u021binere din casa dvs., de la \u0219tergerea prafului p\u00e2n\u0103 la cur\u0103\u021barea podelelor \u0219i a suprafe\u021belor. <\/span><\/p>\n<\/div><\/div><\/div><\/div><a href=\"https:\/\/www.aaxe.be\/ro\/de-ce-sa-alegeti-aaxe\/serviciile-noastre\/curatenie\/\" class=\"vc_column-link smooth-scroll\" aria-label=\"Leg\u0103tur\u0103\"><\/a><\/div><div class=\"vc_col-sm-6 wpb_column vc_column_container has-link\"><div class=\"vc_column-inner\"><div class=\"wpb_wrapper\"><div class=\"w-iconbox iconpos_left style_circle color_custom align_left no_text icontype_img\"><div class=\"w-iconbox-icon\" style=\"font-size:40px;--icon-color:#6A2383;--icon-bg-color:var(--color-lavender-custom);\"><?xml version=\"1.0\" encoding=\"UTF-8\"?><svg id=\"a\" xmlns=\"http:\/\/www.w3.org\/2000\/svg\" width=\"1000\" height=\"1000\" viewBox=\"0 0 1000 1000\"><path d=\"M865.53,764.31l-3.82,1.5c-.03-.08-.05-.17-.08-.25h-.09l3.87-1.33c-.38-1.09-.86-2.17-1.47-3.29-52.8-89.56-66.76-198.25-38.32-298.17,48-161.87,23.76-284.3,11.11-329.41-2.68-9.76-12.9-15.71-22.52-13.28-94.65,17.97-193.29,12.24-285.32-16.59-157.03-46.56-287.49,15.02-351.26,55.88-6.5,4.15-9.78,11.72-8.39,19.22,15.13,90.92,8.6,185.46-18.94,273.44-46.76,157.65,15.4,288.44,56.6,352.36,3.47,5.43,9.38,8.66,15.82,8.66,3.58.26,6.55-.85,9.3-2.44,29.59-15.4,60.99-27.28,93.4-35.32,7.91,20.98,18.26,41.04,30.81,59.69,34.23,49.13,90.03,78.22,150.02,78.22.97,0,1.95,0,2.92-.02,79.07-.1,139.34-40.02,161.91-106.98,61.41,4.45,122.5-1.56,181.88-17.84,9.96-2.9,15.69-13.37,12.58-24.04ZM630.09,450.73c-4.59.02-9.19.73-13.58,2.08v-33.46c.14-15.36-5.18-30.35-14.92-42.18-9.76-12.06-24.24-19.06-39.82-19.19-6.74.04-13.42,1.47-19.59,4.15-2.38-8.5-6.55-16.47-12.18-23.28-9.75-12.06-24.24-19.06-40.08-19.18-31.51,2.17-55.72,29.32-54.38,60.55-5.43-1.99-11.23-3.03-17.23-3.04-31.82,2.18-56.18,29.87-54.33,61.47l.18,131.3c-20.81-31.79-43.37-43.62-67.18-35.18-46.28,16.32-27.4,72.62-12.16,118.07l.54,1.63c3.28,9.8,6.86,21.22,10.69,33.65,5.13,16.51,10.61,34.03,16.59,51.54-28.51,7.29-56.36,17.35-82.93,29.97-56.54-91.57-72.29-203.22-43.22-306.82,27.77-89.41,35.36-185.55,21.99-278.21,92.15-57.85,204.87-74.23,309.64-44.93,92.19,28.54,191.15,35.63,286.43,20.61,20.01,96.72,14.81,197.48-15.1,291.77-29.72,102.73-19,211.15,30.15,305.92-46.09,9.93-93.26,13.58-140.25,10.91,1.44-10.71,2.19-21.56,2.22-32.33v-228.14c1.61-29.85-21.35-55.72-51.47-57.67ZM309.36,570.3c7.03-2.48,23.73,14.96,43.03,59.51,2.89,6.62,6.12,16.17,9.89,27.37l2.76,8.07c1.49,4.8,4.76,8.73,9.2,11.07,4.47,2.33,9.57,2.79,14.35,1.31,8.02-2.5,13.45-10.12,13.22-18.4l-.3-220.74c0-12.64,7.91-23.73,16.92-23.73s16.97,11.04,16.99,24.42l.22,162.58c0,10.38,8.44,18.82,18.82,18.82s18.81-8.44,18.81-18.82l-.3-220.75c0-12.64,7.91-23.73,16.78-23.73,4.3.14,8.26,2.19,10.95,5.64,4.06,5.08,6.23,11.44,6.14,17.98l.29,220.89c0,10.38,8.44,18.82,18.81,18.82s18.82-8.44,18.82-18.91l-.3-182.41c0-12.64,7.89-23.72,16.76-23.72,4.31.14,8.29,2.18,10.98,5.65,4.04,5.05,6.22,11.41,6.14,17.96l.29,186.19c0,10.38,8.44,18.82,18.81,18.82s18.82-8.44,18.82-18.9l.22-97.09c0-10.52,6.38-19.77,13.63-19.78,7.29,0,13.68,9.22,13.69,19.72v228.43c0,128.71-103.13,138.81-134.74,138.84v3.04l-.32-3c-49.09.96-94.31-22.32-121.96-62.63-22.04-30.27-41-91.35-54.89-135.99l-.54-1.76c-3.72-11.99-7.19-23.1-10.4-32.69l-.56-1.66c-8.33-24.83-22.28-66.4-11.03-70.39ZM674.68,772.65v.04h0l-.03-.05h.04Z\" fill=\"#692b83\"\/><\/svg><\/div><div class=\"w-iconbox-meta\"><h5 class=\"w-iconbox-title\">Ajutor menajer<\/h5><\/div><\/div><div class=\"wpb_text_column\"><div class=\"wpb_wrapper\"><p>\u00cencredin\u021ba\u021bi-v\u0103 casa unor profesioni\u0219ti. Ajutoarele noastre casnice calificate sunt la \u00eendem\u00e2n\u0103 pentru a v\u0103 asigura c\u0103 locuin\u021ba dvs. este curat\u0103, s\u0103n\u0103toas\u0103 \u0219i pl\u0103cut\u0103 \u00een fiecare zi.<\/p>\n<\/div><\/div><\/div><\/div><a href=\"https:\/\/www.aaxe.be\/ro\/de-ce-sa-alegeti-aaxe\/serviciile-noastre\/ajutor-menajer\/\" class=\"vc_column-link smooth-scroll\" aria-label=\"Leg\u0103tur\u0103\"><\/a><\/div><div class=\"vc_col-sm-6 wpb_column vc_column_container has-link\"><div class=\"vc_column-inner\"><div class=\"wpb_wrapper\"><div class=\"w-iconbox iconpos_left style_circle color_custom align_left no_text icontype_img\"><div class=\"w-iconbox-icon\" style=\"font-size:40px;--icon-color:#6A2383;--icon-bg-color:var(--color-lavender-custom);\"><?xml version=\"1.0\" encoding=\"UTF-8\"?><svg id=\"a\" xmlns=\"http:\/\/www.w3.org\/2000\/svg\" width=\"1000\" height=\"1000\" viewBox=\"0 0 1000 1000\"><path d=\"M927.81,280.16c.18-4.72-1.42-9.33-4.47-12.93-5.1-5.99-127.98-146.11-390-78.28-28.17,7.29-55.18,15.49-81.8,25.62l-16.14-16.2c-10.96-12.69-26.21-20.34-42.94-21.56-16.89-1.27-32.93,4.16-46.66,16.1l-54.78,55.23c-17.56,18.85-20.83,45.71-10.41,67.76-22.96,18.93-46.66,40.51-71.6,65.65-33.27,33.5-46.12,67.28-48.11,99.12-59.84-9.84-103.15-51.53-124.68-77.25-6.66-7.94-18.49-9.01-26.51-2.35-7.97,6.67-9.01,18.54-2.35,26.51,26.06,31.13,79.75,82.47,155.94,91.55,6.1,32.42,20.74,61.41,32.18,84.02l91.37,160.92c4.07,7.2,11.44,11.86,21.03,12.51l162,.42c.83.04,1.66.06,2.49.06,12.37,0,24.1-5.1,32.09-13.8,0,0,168.15-169.79,253.77-256.06,159.2-160.32,169.18-217.27,169.56-227.05ZM318.16,274.23l53.32-53.82c5.1-4.4,11.67-6.54,18.26-6.06,6.7.49,12.78,3.55,18.07,9.59l6.32,6.35c-33.48,15.51-66.91,35.09-101.79,60.79-.35-6.1,1.51-12.22,5.82-16.85ZM477.25,737.29c-1.34,1.47-3.02,2.18-6.26,2.11l-155.07-.38-87.26-153.65c-31.21-61.68-52.21-117.6,7.08-177.31,114.77-115.65,202.56-155.64,307.03-182.68,208.53-53.93,318.25,33.37,345.32,59.42-7.13,18.62-36.63,75.13-156.55,195.89-85.62,86.29-253.8,256.1-254.28,256.59Z\" fill=\"#692b83\"\/><path d=\"M996.13,300.52c-2.86-9.99-13.25-15.71-23.28-12.9-8.93,2.56-14.49,11.17-13.52,20.1-.69,5.37-11.09,53.77-167.66,211.49l-276.21,278.25c-7.32,7.37-7.27,19.29.1,26.61,3.68,3.64,8.47,5.46,13.26,5.46s9.68-1.85,13.36-5.56l276.21-278.25c122.31-123.22,187.11-212.59,177.74-245.21Z\" fill=\"#692b83\"\/><path d=\"M332.67,393.2c-88.43,64.93-96.58,81.3-72.68,146.07l.77,2.08h0c12.06,32.63,27.33,63.87,57.11,71.57,4.3,1.11,8.68,1.67,13.12,1.67,17.85,0,36.99-8.96,58.1-27.14,78.04-67.13,203.55-186.69,167.15-233.1-23.27-29.71-83.24-64.2-223.57,38.85ZM364.55,558.92c-15.66,13.49-28.89,19.71-37.26,17.56-14.83-3.84-26.72-36.03-31.21-48.16l-.77-2.09c-16.47-44.61-17.11-46.35,59.64-102.71,39.34-28.88,134.26-90.91,170.84-47,.78,22.32-75.22,108.4-161.23,182.4Z\" fill=\"#692b83\"\/><\/svg><\/div><div class=\"w-iconbox-meta\"><h5 class=\"w-iconbox-title\">Lenjerie , cusut, c\u0103lcat<\/h5><\/div><\/div><div class=\"wpb_text_column\"><div class=\"wpb_wrapper\"><p><span>Ave\u021bi grij\u0103 de hainele dvs. f\u0103r\u0103 griji. Serviciile noastre includ sp\u0103lare, c\u0103lcare \u0219i modific\u0103ri minore pentru ca garderoba dvs. s\u0103 arate c\u00e2t mai bine. <\/span><\/p>\n<\/div><\/div><\/div><\/div><a href=\"https:\/\/www.aaxe.be\/ro\/de-ce-sa-alegeti-aaxe\/serviciile-noastre\/lenjerie-cusut-calcat\/\" class=\"vc_column-link smooth-scroll\" aria-label=\"Leg\u0103tur\u0103\"><\/a><\/div><div class=\"vc_col-sm-6 wpb_column vc_column_container has-link\"><div class=\"vc_column-inner\"><div class=\"wpb_wrapper\"><div class=\"w-iconbox iconpos_left style_circle color_custom align_left no_text icontype_img\"><div class=\"w-iconbox-icon\" style=\"font-size:40px;--icon-color:#6A2383;--icon-bg-color:var(--color-lavender-custom);\"><?xml version=\"1.0\" encoding=\"UTF-8\"?><svg id=\"a\" xmlns=\"http:\/\/www.w3.org\/2000\/svg\" width=\"1000\" height=\"1000\" viewBox=\"0 0 1000 1000\"><path d=\"M733.1,444.77H113.25c-10.39,0-18.82,8.42-18.82,18.82v28.85c0,5.31,2.25,10.38,6.18,13.94l25.66,23.26v237.66c0,52.43,42.67,95.09,95.09,95.09h403.63c52.43,0,95.08-42.66,95.08-95.09v-237.66l25.66-23.26c3.93-3.56,6.18-8.63,6.18-13.94v-28.85c0-10.39-8.44-18.82-18.82-18.82ZM714.27,484.09l-25.66,23.26c-3.93,3.56-6.18,8.63-6.18,13.94v246.01c0,31.68-25.76,57.45-57.43,57.45H221.37c-31.69,0-57.45-25.78-57.45-57.45v-246.01c0-5.31-2.25-10.38-6.18-13.94l-25.66-23.26v-1.69h582.2v1.69Z\" fill=\"#692b83\"\/><path d=\"M638.19,279.46l-5.46-28.17c-5.16-26.6-39.09-40.47-103.72-42.42-48.95-1.42-111.07,4.17-176.44,15.83l-1.21-6.23,18.59-3.61c10.21-1.98,16.87-11.85,14.89-22.05-1.97-10.2-11.84-16.87-22.05-14.89l-37.04,7.18s-.02,0-.03,0c-.01,0-.02,0-.03.01l-37.06,7.19c-10.21,1.98-16.87,11.85-14.89,22.05,1.74,9,9.62,15.24,18.46,15.24,1.18,0,2.4-.12,3.6-.35l18.62-3.61,1.21,6.24c-65.92,14.15-262.89,62.27-249.89,129.51l5.47,28.17c.94,4.9,3.8,9.22,7.94,12.01,3.13,2.12,6.81,3.22,10.53,3.22,1.2,0,2.4-.11,3.58-.34l530.06-102.92c10.21-1.98,16.87-11.86,14.89-22.06ZM104.36,363.94l-1.68-8.19c4.65-16.83,88.35-61.55,238.61-90.74,71.88-13.95,130.95-18.9,174.11-18.9,47,0,75.14,5.86,80.38,12.34l1.89,9.7-493.31,95.78Z\" fill=\"#692b83\"\/><path d=\"M931.75,265.18c-6.31-23.25-21.28-42.65-42.19-54.63-15.28-8.76-32.38-12.66-49.54-11.73-12.1-35.54-45.72-61.21-85.29-61.21-49.71,0-90.16,40.44-90.16,90.14,0,10.39,8.44,18.82,18.82,18.82s18.82-8.42,18.82-18.82c0-28.96,23.55-52.51,52.51-52.51s52.49,23.55,52.49,52.51-23.54,52.51-52.49,52.51c-10.39,0-18.82,8.42-18.82,18.82s8.44,18.82,18.82,18.82c46.76,0,85.31-35.81,89.7-81.45,9.17-.07,18.24,2.07,26.42,6.77,12.18,6.98,20.9,18.27,24.56,31.82,7.57,27.96-9,56.86-36.93,64.45-4.51,1.21-9.14,1.84-13.77,1.84-10.39,0-18.82,8.42-18.82,18.82s8.44,18.82,18.82,18.82c7.96,0,15.92-1.05,23.62-3.15,5.71-1.55,11.13-3.65,16.25-6.17,13.21,12.73,16.71,33.24,7.13,49.83-5.47,9.47-14.29,16.24-24.83,19.06-10.55,2.84-21.57,1.4-31.06-4.1-3.08-1.77-5.91-3.94-8.41-6.46-7.35-7.36-19.27-7.38-26.62-.02-7.35,7.34-7.37,19.26-.03,26.61,4.86,4.85,10.32,9.05,16.25,12.47,12.11,6.99,25.54,10.56,39.15,10.55,6.82,0,13.69-.89,20.45-2.71,20.26-5.43,37.2-18.42,47.7-36.59,17.51-30.33,12.12-67.37-10.28-91.98,18.06-21.82,25.68-51.75,17.73-81.11Z\" fill=\"#692b83\"\/><path d=\"M549.83,389.74c3.32,6.51,9.92,10.26,16.76,10.26,2.88,0,5.82-.67,8.55-2.07l111.84-57.19c9.25-4.73,12.93-16.07,8.18-25.32-4.71-9.25-16.09-12.91-25.31-8.19l-111.84,57.19c-9.25,4.73-12.93,16.07-8.18,25.32Z\" fill=\"#692b83\"\/><path d=\"M756.23,358.71l-73.71,22.24c-9.96,3-15.58,13.5-12.58,23.45,2.44,8.14,9.92,13.39,18.01,13.39,1.79,0,3.63-.26,5.43-.81l73.71-22.24c9.96-3,15.58-13.5,12.58-23.45-2.99-9.95-13.47-15.6-23.44-12.58Z\" fill=\"#692b83\"\/><\/svg><\/div><div class=\"w-iconbox-meta\"><h5 class=\"w-iconbox-title\">Preg\u0103tirea meselor<\/h5><\/div><\/div><div class=\"wpb_text_column\"><div class=\"wpb_wrapper\"><p><span>Economisi\u021bi timp cu mese simple \u0219i echilibrate preg\u0103tite de ajutoarele noastre menajere. Un serviciu practic pentru a v\u0103 u\u0219ura rutina zilnic\u0103. <\/span><\/p>\n<\/div><\/div><\/div><\/div><a href=\"https:\/\/www.aaxe.be\/ro\/de-ce-sa-alegeti-aaxe\/serviciile-noastre\/pregatirea-meselor\/\" class=\"vc_column-link smooth-scroll\" aria-label=\"Leg\u0103tur\u0103\"><\/a><\/div><div class=\"vc_col-sm-6 wpb_column vc_column_container has-link\"><div class=\"vc_column-inner\"><div class=\"wpb_wrapper\"><div class=\"w-iconbox iconpos_left style_circle color_custom align_left no_text icontype_img\"><div class=\"w-iconbox-icon\" style=\"font-size:40px;--icon-color:#6A2383;--icon-bg-color:var(--color-lavender-custom);\"><?xml version=\"1.0\" encoding=\"UTF-8\"?><svg id=\"a\" xmlns=\"http:\/\/www.w3.org\/2000\/svg\" width=\"1000\" height=\"1000\" viewBox=\"0 0 1000 1000\"><path d=\"M915.69,413.37l-3.61,1.93h0s0,0,0,0l3.61-1.92c-2.14-4.01-52.75-99.19-87.47-171.82-16.06-33.44-41.87-70.04-111.75-87.99-38.43-8.21-74.21-26.4-103.18-52.32-2.81-3.07-6.63-5.16-10.8-5.9-33.81-5.42-68.26-8.29-102.49-8.52-34.18.23-68.65,3.1-102.54,8.53-4.14.74-7.85,2.76-10.43,5.61-29.15,26.34-64.89,44.53-103.53,52.63-69.91,17.92-95.67,54.52-111.67,87.96-21.05,43.99-52.09,104.98-87.49,171.84-4.62,8.61-3.44,19.34,3.04,26.83,37.7,40.86,88.97,65.6,144.28,69.68,9.68.96,18.74-3.81,23.31-12.22l5.43-9.76c2.88,148.55-4.09,268.58-20.73,356.94l-.4,2.1c-2.32,12.15,3.95,24.16,15.26,29.19,19.5,8.68,94.84,37.01,245.49,37.01s226.1-28.36,245.48-37.04c11.31-5.03,17.61-17.03,15.28-29.2l-.38-2.09c-16.67-88.32-23.65-208.3-20.76-356.79l5.24,9.28c4.12,7.82,12.16,12.67,21,12.67,1.07-.09,1.76-.02,2.38-.1,55.42-4.09,106.7-28.84,144.5-69.78,6.36-7.39,7.54-18.14,2.94-26.73ZM739.11,351.23c-3.4-3.76-8.05-5.96-13.1-6.22-5.21-.34-9.91,1.47-13.65,4.86-3.76,3.39-5.98,8.04-6.23,13.09-7.17,140.49-10.23,337.66,15.72,481.98-26.09,10.04-94.68,30.35-221.86,30.35s-195.81-20.32-221.88-30.35c23.38-130.06,22.8-303.48,18.17-426.2.03-.74.03-1.48,0-2.17-.72-18.55-1.52-36.51-2.38-53.6-.26-5.05-2.48-9.7-6.23-13.09-3.76-3.4-8.53-5.17-13.65-4.86-5.05.26-9.7,2.46-13.1,6.22-3.39,3.76-5.11,8.61-4.86,13.65.81,15.7,1.61,32.17,2.24,49.15l-31.86,57.15c-38.78-4.87-75.49-22.16-103.96-48.93,16.57-31.37,54.81-104.4,83.45-164.32,11.97-25.01,29.55-52.92,86.85-67.65,32.23-7.88,62.72-20.89,90.68-38.7,23.6,27.98,77.9,45.16,116.48,45.16s92.86-17.18,116.46-45.16c27.98,17.81,58.49,30.82,90.65,38.69,57.38,14.73,74.96,42.63,86.93,67.61,29.27,61.24,69.62,138.13,83.45,164.32-28.44,26.76-65.12,44.04-103.87,48.94l-31.83-56.18c.67-17.29,1.45-34.09,2.25-50.1.26-5.05-1.47-9.9-4.86-13.65ZM584.19,130.9c-13.93,11.88-48.64,27.93-84.18,27.93s-70.39-16.1-84.21-28c27.84-3.87,56.12-5.96,84.18-6.21v.07c28.04.24,56.34,2.33,84.21,6.2ZM500.01,120.56v-.03h0v.03Z\" fill=\"#692b83\"\/><\/svg><\/div><div class=\"w-iconbox-meta\"><h5 class=\"w-iconbox-title\">Centre de c\u0103lcat<\/h5><\/div><\/div><div class=\"wpb_text_column\"><div class=\"wpb_wrapper\"><p><span>Haine perfect c\u0103lcate. Depune\u021bi rufele la unul dintre centrele noastre de c\u0103lcat \u0219i ridica\u021bi-le perfect \u00eemp\u0103turite. <\/span><\/p>\n<\/div><\/div><\/div><\/div><a href=\"https:\/\/www.aaxe.be\/ro\/de-ce-sa-alegeti-aaxe\/serviciile-noastre\/centre-de-calcat\/\" class=\"vc_column-link smooth-scroll\" aria-label=\"Leg\u0103tur\u0103\"><\/a><\/div><div class=\"vc_col-sm-6 wpb_column vc_column_container purple\"><div class=\"vc_column-inner\"><div class=\"wpb_wrapper\"><div class=\"wpb_text_column us_custom_dcb699e1 has_text_color\"><div class=\"wpb_wrapper\"><h4>Bucura\u021bi-v\u0103 de ceea ce v\u0103 place s\u0103 face\u021bi.<br \/>\nVom avea grij\u0103 de restul!<\/h4>\n<\/div><\/div><div class=\"w-separator size_medium\"><\/div><div class=\"w-btn-wrapper align_none\"><a class=\"w-btn us-btn-style_4\" href=\"https:\/\/www.aaxe.be\/ro\/aveti-nevoie-de-o-menajera\/\"><span class=\"w-btn-label\">Deveni\u021bi clientul nostru<\/span><\/a><\/div><\/div><\/div><\/div><\/div><div class=\"w-html\"><script>var aaxeImg = document.getElementsByClassName(\"us_custom_f464ae0a\");\nvar aaxeOverlay = document.querySelector(\".us_custom_f464ae0a .vc_column-overlay\");\nvar aaxeLinks = document.getElementsByClassName(\"has-link\");\nvar imgLinks = [\n\"http:\/\/aaxetitresservices.kinsta.cloud\/wp-content\/uploads\/2025\/04\/IMGL7472.jpg\",\n\"http:\/\/aaxetitresservices.kinsta.cloud\/wp-content\/uploads\/2025\/04\/IMGL7926-2-scaled.jpg\",\n\"http:\/\/aaxetitresservices.kinsta.cloud\/wp-content\/uploads\/2025\/06\/IMGL77491-scaled.jpg\",\n\"http:\/\/aaxetitresservices.kinsta.cloud\/wp-content\/uploads\/2025\/06\/large_IMGL7715-scaled.jpg\",\n\"http:\/\/aaxetitresservices.kinsta.cloud\/wp-content\/uploads\/2025\/06\/large_IMGL8036-scaled.jpg\"\n];\n\nfor (let i=0; i<aaxeLinks.length; i++){\n\n     aaxeLinks[i].onmouseover = function(){\n         \naaxeOverlay.style.background = 'url('+imgLinks[i]+') center center \/ cover';\naaxeOverlay.style.opacity = 1;\nsetTimeout(() => {\n    aaxeImg[0].style.background = 'url('+imgLinks[i]+') center center \/ cover';\n          aaxeImg[0].style.setProperty(\"background\", \"url(\"+imgLinks[i]+\") center center \/ cover\", \"important\");\naaxeOverlay.style.opacity = 0;\n\n  }, 500); \/\/ Match transition time\n\n            }\n        }\n<\/script><\/div><\/div><\/div><\/div><\/div><\/div><\/section><section class=\"l-section wpb_row us_custom_b03640aa height_small width_full\"><div class=\"l-section-h i-cf\"><div class=\"g-cols vc_row via_flex valign_top type_default stacking_default\"><div class=\"vc_col-sm-12 wpb_column vc_column_container\"><div class=\"vc_column-inner\"><div class=\"wpb_wrapper\"><div class=\"w-image us_custom_2d9ebfef align_none\"><div class=\"w-image-h\"><img decoding=\"async\" src=\"https:\/\/www.aaxe.be\/wp-content\/uploads\/2025\/04\/Aaxe-long-line.svg\" class=\"attachment-full size-full\" alt=\"\" loading=\"lazy\" title=\"\"><\/div><\/div><\/div><\/div><\/div><\/div><\/div><\/section>\n","protected":false},"excerpt":{"rendered":"Descoperi\u021bi serviciile noastre de calitate Acas\u0103PaginiCur\u0103\u021benieO cas\u0103 f\u0103r\u0103 pat\u0103, f\u0103r\u0103 efort. Ajutoarele noastre menajere se vor ocupa de toate lucr\u0103rile de \u00eentre\u021binere din casa dvs., de la \u0219tergerea prafului p\u00e2n\u0103 la cur\u0103\u021barea podelelor \u0219i a suprafe\u021belor. Ajutor menajer\u00cencredin\u021ba\u021bi-v\u0103 casa unor profesioni\u0219ti. Ajutoarele noastre casnice calificate sunt la \u00eendem\u00e2n\u0103 pentru a v\u0103 asigura c\u0103 locuin\u021ba dvs....","protected":false},"author":1,"featured_media":4234,"parent":3921,"menu_order":0,"comment_status":"closed","ping_status":"closed","template":"","meta":{"_acf_changed":false,"footnotes":""},"class_list":["post-3322","page","type-page","status-publish","has-post-thumbnail","hentry"],"acf":[],"_links":{"self":[{"href":"https:\/\/www.aaxe.be\/ro\/wp-json\/wp\/v2\/pages\/3322","targetHints":{"allow":["GET"]}}],"collection":[{"href":"https:\/\/www.aaxe.be\/ro\/wp-json\/wp\/v2\/pages"}],"about":[{"href":"https:\/\/www.aaxe.be\/ro\/wp-json\/wp\/v2\/types\/page"}],"author":[{"embeddable":true,"href":"https:\/\/www.aaxe.be\/ro\/wp-json\/wp\/v2\/users\/1"}],"replies":[{"embeddable":true,"href":"https:\/\/www.aaxe.be\/ro\/wp-json\/wp\/v2\/comments?post=3322"}],"version-history":[{"count":4,"href":"https:\/\/www.aaxe.be\/ro\/wp-json\/wp\/v2\/pages\/3322\/revisions"}],"predecessor-version":[{"id":4300,"href":"https:\/\/www.aaxe.be\/ro\/wp-json\/wp\/v2\/pages\/3322\/revisions\/4300"}],"up":[{"embeddable":true,"href":"https:\/\/www.aaxe.be\/ro\/wp-json\/wp\/v2\/pages\/3921"}],"wp:featuredmedia":[{"embeddable":true,"href":"https:\/\/www.aaxe.be\/ro\/wp-json\/wp\/v2\/media\/4234"}],"wp:attachment":[{"href":"https:\/\/www.aaxe.be\/ro\/wp-json\/wp\/v2\/media?parent=3322"}],"curies":[{"name":"wp","href":"https:\/\/api.w.org\/{rel}","templated":true}]}}