{"id":3355,"date":"2025-04-22T12:08:54","date_gmt":"2025-04-22T10:08:54","guid":{"rendered":"https:\/\/aaxetitresservices.kinsta.cloud\/uccle-vanderkindere\/"},"modified":"2026-04-24T09:50:19","modified_gmt":"2026-04-24T07:50:19","slug":"uccle-vanderkindere","status":"publish","type":"page","link":"https:\/\/www.aaxe.be\/ro\/birourile-noastre\/uccle-vanderkindere\/","title":{"rendered":"UCCLE - VANDERKINDERE"},"content":{"rendered":"<section class=\"l-section wpb_row us_custom_ac8bede8 height_auto\"><div class=\"l-section-h i-cf\"><div class=\"g-cols vc_row via_flex valign_top type_default stacking_default\"><div class=\"vc_col-sm-12 wpb_column vc_column_container\"><div class=\"vc_column-inner\"><div class=\"wpb_wrapper\"><nav class=\"g-breadcrumbs separator_icon align_none\" itemscope itemtype=\"http:\/\/schema.org\/BreadcrumbList\"><div class=\"g-breadcrumbs-item\" itemscope itemprop=\"itemListElement\" itemtype=\"http:\/\/schema.org\/ListItem\"><a itemprop=\"item\" href=\"https:\/\/www.aaxe.be\/ro\/\"><span itemprop=\"name\">Acas\u0103<\/span><\/a><meta itemprop=\"position\" content=\"1\"\/><\/div><div class=\"g-breadcrumbs-separator\"><i class=\"fas fa-circle\"><\/i><\/div><div class=\"g-breadcrumbs-item\">Pagini<\/div><\/nav><\/div><\/div><\/div><\/div><\/div><\/section><section class=\"l-section wpb_row height_auto\"><div class=\"l-section-h i-cf\"><div class=\"g-cols vc_row via_flex valign_top type_default stacking_default\"><div class=\"vc_col-sm-8 wpb_column vc_column_container\"><div class=\"vc_column-inner\"><div class=\"wpb_wrapper\"><div class=\"w-separator size_large\"><\/div><\/div><\/div><\/div><div class=\"vc_col-sm-4 wpb_column vc_column_container\"><div class=\"vc_column-inner\"><div class=\"wpb_wrapper\"><\/div><\/div><\/div><\/div><\/div><\/section><section class=\"l-section wpb_row us_custom_e11ab399 height_auto\"><div class=\"l-section-h i-cf\"><div class=\"g-cols vc_row via_flex valign_top type_default stacking_default\"><div class=\"vc_col-sm-6 wpb_column vc_column_container has_bg_color\"><div class=\"vc_column-inner us_custom_a7aea675\"><div class=\"wpb_wrapper\"><div class=\"wpb_text_column\"><div class=\"wpb_wrapper\"><h1>Sucursala dumneavoastr\u0103 de cecuri de serviciu \u00een Uccle - Vanderkindere<\/h1>\n<p>Filiala noastr\u0103 din Uccle ofer\u0103 servicii de ajutor la domiciliu, inclusiv Cur\u0103\u021benie, c\u0103lcat \u0219i Preg\u0103tirea meselor.<\/p>\n<p>Datorit\u0103 centrului nostru de c\u0103lcat, pute\u021bi primi \u00eenapoi hainele curate \u0219i c\u0103lcate \u00een mai pu\u021bin de 24 de ore.<\/p>\n<\/div><\/div><div class=\"w-separator size_medium\"><\/div><div class=\"w-iconbox iconpos_left style_circle color_primary align_left\"><div class=\"w-iconbox-icon\" style=\"font-size:30px;\"><i class=\"fal fa-phone\"><\/i><\/div><div class=\"w-iconbox-meta\"><h4 class=\"w-iconbox-title\">Telefon<\/h4><div class=\"w-iconbox-text\"><p><span>Tel: <a href=\"tel:023444471\">02\/344.44.71<\/a><\/span><\/p>\n<p>Mobil: <a href=\"tel:0489065000\">0489 06 50 00<\/a><\/p>\n<\/div><\/div><\/div><div class=\"w-separator size_small\"><\/div><div class=\"w-iconbox iconpos_left style_circle color_primary align_left\"><div class=\"w-iconbox-icon\" style=\"font-size:30px;\"><i class=\"fal fa-envelope\"><\/i><\/div><div class=\"w-iconbox-meta\"><h4 class=\"w-iconbox-title\">Po\u0219t\u0103<\/h4><div class=\"w-iconbox-text\"><p><a href=\"mailto:titres-services@aaxe.be\">titres-services@aaxe.be<\/a><\/p>\n<\/div><\/div><\/div><div class=\"w-separator size_small\"><\/div><div class=\"w-iconbox iconpos_left style_circle color_primary align_left\"><div class=\"w-iconbox-icon\" style=\"font-size:30px;\"><i class=\"fal fa-business-time\"><\/i><\/div><div class=\"w-iconbox-meta\"><h4 class=\"w-iconbox-title\">Birourile noastre :<\/h4><div class=\"w-iconbox-text\"><table>\n<tbody>\n<tr>\n<td><span>De luni p\u00e2n\u0103 vineri<\/span><\/td>\n<td><span> 9am - 12.30pm<br \/>\n1.30pm - 5.30pm<\/span><\/td>\n<\/tr>\n<tr>\n<td><span>S\u00e2mb\u0103t\u0103<\/span><\/td>\n<td>\u00cenchis<\/td>\n<\/tr>\n<\/tbody>\n<\/table>\n<\/div><\/div><\/div><div class=\"w-separator size_small\"><\/div><div class=\"w-iconbox iconpos_left style_circle color_primary align_left icontype_img\"><div class=\"w-iconbox-icon\" style=\"font-size:30px;\"><?xml version=\"1.0\" encoding=\"UTF-8\"?>\n<svg id=\"a\" xmlns=\"http:\/\/www.w3.org\/2000\/svg\" version=\"1.1\" viewBox=\"0 0 1000 1000\">\n  <!-- Generator: Adobe Illustrator 29.4.0, SVG Export Plug-In . SVG Version: 2.1.0 Build 152)  -->\n  <defs>\n    <style>\n      .st0 {\n        fill: #fff;\n      }\n    <\/style>\n  <\/defs>\n  <path class=\"st0\" d=\"M927.8,280.2c.2-4.7-1.4-9.3-4.5-12.9-5.1-6-128-146.1-390-78.3-28.2,7.3-55.2,15.5-81.8,25.6l-16.1-16.2c-11-12.7-26.2-20.3-42.9-21.6-16.9-1.3-32.9,4.2-46.7,16.1l-54.8,55.2c-17.6,18.9-20.8,45.7-10.4,67.8-23,18.9-46.7,40.5-71.6,65.6-33.3,33.5-46.1,67.3-48.1,99.1-59.8-9.8-103.2-51.5-124.7-77.2-6.7-7.9-18.5-9-26.5-2.4-8,6.7-9,18.5-2.3,26.5,26.1,31.1,79.7,82.5,155.9,91.5,6.1,32.4,20.7,61.4,32.2,84l91.4,160.9c4.1,7.2,11.4,11.9,21,12.5l162,.4c.8,0,1.7,0,2.5,0,12.4,0,24.1-5.1,32.1-13.8,0,0,168.1-169.8,253.8-256.1,159.2-160.3,169.2-217.3,169.6-227h0ZM318.2,274.2l53.3-53.8c5.1-4.4,11.7-6.5,18.3-6.1,6.7.5,12.8,3.6,18.1,9.6l6.3,6.4c-33.5,15.5-66.9,35.1-101.8,60.8-.4-6.1,1.5-12.2,5.8-16.9h0ZM477.2,737.3c-1.3,1.5-3,2.2-6.3,2.1l-155.1-.4-87.3-153.6c-31.2-61.7-52.2-117.6,7.1-177.3,114.8-115.6,202.6-155.6,307-182.7,208.5-53.9,318.2,33.4,345.3,59.4-7.1,18.6-36.6,75.1-156.5,195.9-85.6,86.3-253.8,256.1-254.3,256.6h0Z\"\/>\n  <path class=\"st0\" d=\"M996.1,300.5c-2.9-10-13.2-15.7-23.3-12.9-8.9,2.6-14.5,11.2-13.5,20.1-.7,5.4-11.1,53.8-167.7,211.5l-276.2,278.2c-7.3,7.4-7.3,19.3,0,26.6,3.7,3.6,8.5,5.5,13.3,5.5s9.7-1.8,13.4-5.6l276.2-278.2c122.3-123.2,187.1-212.6,177.7-245.2h0Z\"\/>\n  <path class=\"st0\" d=\"M332.7,393.2c-88.4,64.9-96.6,81.3-72.7,146.1l.8,2.1h0c12.1,32.6,27.3,63.9,57.1,71.6,4.3,1.1,8.7,1.7,13.1,1.7,17.9,0,37-9,58.1-27.1,78-67.1,203.6-186.7,167.1-233.1-23.3-29.7-83.2-64.2-223.6,38.9h0ZM364.5,558.9c-15.7,13.5-28.9,19.7-37.3,17.6-14.8-3.8-26.7-36-31.2-48.2l-.8-2.1c-16.5-44.6-17.1-46.4,59.6-102.7,39.3-28.9,134.3-90.9,170.8-47,.8,22.3-75.2,108.4-161.2,182.4h0Z\"\/>\n<\/svg><\/div><div class=\"w-iconbox-meta\"><h4 class=\"w-iconbox-title\">C\u0103lcat :<\/h4><div class=\"w-iconbox-text\"><table>\n<tbody>\n<tr>\n<td><span>Luni, mar\u021bi, miercuri<\/span><\/td>\n<td><span> 9am - 5.30pm<\/span><\/td>\n<\/tr>\n<tr>\n<td><span>joi<\/span><\/td>\n<td><span>9am - 7pm<\/span><\/td>\n<\/tr>\n<tr>\n<td><span>Vineri<\/span><\/td>\n<td><span>9am - 5.30pm<\/span><\/td>\n<\/tr>\n<tr>\n<td><span>S\u00e2mb\u0103t\u0103<\/span><\/td>\n<td><span>8.30am - 3pm<\/span><\/td>\n<\/tr>\n<\/tbody>\n<\/table>\n<\/div><\/div><\/div><div class=\"w-separator size_small\"><\/div><div class=\"w-iconbox iconpos_left style_circle color_primary align_left\"><div class=\"w-iconbox-icon\" style=\"font-size:30px;\"><i class=\"fal fa-map-marker-alt\"><\/i><\/div><div class=\"w-iconbox-meta\"><h4 class=\"w-iconbox-title\">Adres\u0103<\/h4><div class=\"w-iconbox-text\"><p><span>Rue Vanderkindere 205, <\/span><span>1180 Bruxelles (Uccle)<\/span><\/p>\n<\/div><\/div><\/div><div class=\"w-separator size_medium\"><\/div><div class=\"w-btn-wrapper align_none\"><a class=\"w-btn us-btn-style_2\" target=\"_blank\" href=\"https:\/\/maps.app.goo.gl\/ocfQcjGvN95VkkxJ7\" rel=\"noopener\"><span class=\"w-btn-label\">Birourile noastre Google Maps<\/span><\/a><\/div><div class=\"w-btn-wrapper align_none\"><a class=\"w-btn us-btn-style_2\" target=\"_blank\" href=\"https:\/\/maps.app.goo.gl\/v2FXJTGC9EC6feb58\" rel=\"noopener\"><span class=\"w-btn-label\">Google Maps C\u0103lcatul<\/span><\/a><\/div><\/div><\/div><\/div><div class=\"vc_col-sm-6 wpb_column vc_column_container\"><div class=\"vc_column-inner type_sticky\"><div class=\"wpb_wrapper\"><div class=\"w-image us_custom_9cf479d2 has_ratio align_none\"><div class=\"w-image-h\"><div style=\"padding-bottom:100%\"><\/div><img decoding=\"async\" width=\"2560\" height=\"1707\" src=\"https:\/\/www.aaxe.be\/wp-content\/uploads\/2025\/04\/bureau_vanderkindere-scaled.jpg\" class=\"attachment-full size-full\" alt=\"\" loading=\"lazy\" title=\"\"><\/div><\/div><div class=\"w-separator size_small\"><\/div><div class=\"w-map provider_google\" id=\"us_map_1\"><div class=\"w-map-inner\"><div class=\"w-map-json\" onclick='return {&quot;address&quot;:&quot;Rue Vanderkindere 205, 1180 Bruxelles (Uccle)&quot;,&quot;disableDragging&quot;:0,&quot;disableZoom&quot;:0,&quot;hideControls&quot;:0,&quot;zoom&quot;:14,&quot;markers&quot;:[{&quot;address&quot;:&quot;Rue Vanderkindere 205, 1180 Bruxelles (Uccle)&quot;,&quot;html&quot;:&quot;Birourile noastre &amp;amp; Centre de c\\u0103lcat &lt;br&gt;Rue Vanderkindere 205, &lt;br&gt;1180 Uccle &lt;br&gt;Tel : 02 344 44 71 &lt;br&gt;GSM : 0489 06 50 00  &lt;br&gt;\\n&quot;,&quot;infowindow&quot;:0}],&quot;icon&quot;:{&quot;url&quot;:&quot;https:\\\/\\\/www.aaxe.be\\\/wp-content\\\/uploads\\\/2025\\\/04\\\/Aaxe-bureaux.svg&quot;,&quot;size&quot;:[50,50]},&quot;maptype&quot;:&quot;ROADMAP&quot;}'><\/div><\/div><\/div><\/div><\/div><\/div><\/div><\/div><\/section><section class=\"l-section wpb_row height_auto\"><div class=\"l-section-h i-cf\"><div class=\"g-cols vc_row via_flex valign_top type_default stacking_default\"><div class=\"vc_col-sm-8 wpb_column vc_column_container\"><div class=\"vc_column-inner\"><div class=\"wpb_wrapper\"><div class=\"w-separator size_large\"><\/div><\/div><\/div><\/div><div class=\"vc_col-sm-4 wpb_column vc_column_container\"><div class=\"vc_column-inner\"><div class=\"wpb_wrapper\"><\/div><\/div><\/div><\/div><\/div><\/section><section class=\"l-section wpb_row height_medium\"><div class=\"l-section-h i-cf\"><div class=\"g-cols vc_row via_flex valign_top type_default stacking_default\"><div class=\"vc_col-sm-12 wpb_column vc_column_container\"><div class=\"vc_column-inner\"><div class=\"wpb_wrapper\"><div class=\"w-grid us_post_list apply_url_params type_grid layout_1933 cols_3 preload_style_spinner\" id=\"us_post_list_f513\" style=\"--columns:3;--gap:1.5rem;\"><style>@media (max-width:1024px){#us_post_list_f513{--columns:2!important}}@media (max-width:767px){#us_post_list_f513{--columns:1!important}}.layout_1933 .w-grid-item-h{}.layout_1933 .usg_post_image_1{transition-duration:0.3s;transform-origin:50% 50%;transform:scale(1) translate(0%,0%)}.layout_1933 .w-grid-item-h:focus-within .usg_post_image_1,.layout_1933 .w-grid-item-h:hover .usg_post_image_1{transform:scale(1.05) translate(0%,0%);opacity:1}.layout_1933 .usg_post_title_1{transition-duration:0.3s;transform-origin:50% 50%;transform:scale(1) translate(0%,0%)}.layout_1933 .w-grid-item-h:focus-within .usg_post_title_1,.layout_1933 .w-grid-item-h:hover .usg_post_title_1{transform:scale(1) translate(0%,0%);opacity:1;color:var(--color-paars-custom)!important}.layout_1933 .usg_post_title_1{margin-top:15px!important}<\/style><div class=\"w-grid-list\">\t<article class=\"w-grid-item size_1x1 post-3350 page type-page status-publish has-post-thumbnail hentry\" data-id=\"3350\">\r\n\t\t<div class=\"w-grid-item-h\">\r\n\t\t\t\t\t\t<div class=\"w-post-elm post_image usg_post_image_1 has_ratio\"><a href=\"https:\/\/www.aaxe.be\/ro\/birourile-noastre\/stockel-kraainem\/\" aria-label=\"STOCKEL - KRAAINEM\"><img loading=\"lazy\" decoding=\"async\" width=\"768\" height=\"1024\" src=\"https:\/\/www.aaxe.be\/wp-content\/uploads\/2025\/04\/bureau_kraainem-768x1024.jpg\" class=\"attachment-large size-large wp-post-image\" alt=\"\" title=\"\"><\/a><div style=\"padding-bottom:66.6667%\"><\/div><\/div><h4 class=\"w-post-elm post_title usg_post_title_1 entry-title color_link_inherit\"><a href=\"https:\/\/www.aaxe.be\/ro\/birourile-noastre\/stockel-kraainem\/\">STOCKEL - KRAAINEM<\/a><\/h4>\t\t<\/div>\r\n\t\t\t<\/article>\r\n\t<article class=\"w-grid-item size_1x1 post-3736 page type-page status-publish has-post-thumbnail hentry\" data-id=\"3736\">\r\n\t\t<div class=\"w-grid-item-h\">\r\n\t\t\t\t\t\t<div class=\"w-post-elm post_image usg_post_image_1 has_ratio\"><a href=\"https:\/\/www.aaxe.be\/ro\/birourile-noastre\/woluwe-gribaumont\/\" aria-label=\"WOLUWE - GRIBAUMONT\"><img loading=\"lazy\" decoding=\"async\" width=\"1024\" height=\"681\" src=\"https:\/\/www.aaxe.be\/wp-content\/uploads\/2025\/04\/bureau_duc-1024x681.jpg\" class=\"attachment-large size-large wp-post-image\" alt=\"\" title=\"\"><\/a><div style=\"padding-bottom:66.6667%\"><\/div><\/div><h4 class=\"w-post-elm post_title usg_post_title_1 entry-title color_link_inherit\"><a href=\"https:\/\/www.aaxe.be\/ro\/birourile-noastre\/woluwe-gribaumont\/\">WOLUWE - GRIBAUMONT<\/a><\/h4>\t\t<\/div>\r\n\t\t\t<\/article>\r\n\t<article class=\"w-grid-item size_1x1 post-3691 page type-page status-publish has-post-thumbnail hentry\" data-id=\"3691\">\r\n\t\t<div class=\"w-grid-item-h\">\r\n\t\t\t\t\t\t<div class=\"w-post-elm post_image usg_post_image_1 has_ratio\"><a href=\"https:\/\/www.aaxe.be\/ro\/birourile-noastre\/centre-de-calcat-in-woluwe-saint-pierre\/\" aria-label=\"CENTRE DE C\u0102LCAT \u00ceN WOLUWE-SAINT-PIERRE\"><img loading=\"lazy\" decoding=\"async\" width=\"1024\" height=\"681\" src=\"https:\/\/www.aaxe.be\/wp-content\/uploads\/2025\/06\/repasse_bois-1024x681.jpg\" class=\"attachment-large size-large wp-post-image\" alt=\"\" title=\"\"><\/a><div style=\"padding-bottom:66.6667%\"><\/div><\/div><h4 class=\"w-post-elm post_title usg_post_title_1 entry-title color_link_inherit\"><a href=\"https:\/\/www.aaxe.be\/ro\/birourile-noastre\/centre-de-calcat-in-woluwe-saint-pierre\/\">CENTRE DE C\u0102LCAT \u00ceN WOLUWE-SAINT-PIERRE<\/a><\/h4>\t\t<\/div>\r\n\t\t\t<\/article>\r\n\t<article class=\"w-grid-item size_1x1 post-3737 page type-page status-publish has-post-thumbnail hentry\" data-id=\"3737\">\r\n\t\t<div class=\"w-grid-item-h\">\r\n\t\t\t\t\t\t<div class=\"w-post-elm post_image usg_post_image_1 has_ratio\"><a href=\"https:\/\/www.aaxe.be\/ro\/birourile-noastre\/basilica-molenbeek\/\" aria-label=\"BASILICA - MOLENBEEK\"><img loading=\"lazy\" decoding=\"async\" width=\"1024\" height=\"681\" src=\"https:\/\/www.aaxe.be\/wp-content\/uploads\/2025\/04\/bureau_jub-1024x681.jpg\" class=\"attachment-large size-large wp-post-image\" alt=\"\" title=\"\"><\/a><div style=\"padding-bottom:66.6667%\"><\/div><\/div><h4 class=\"w-post-elm post_title usg_post_title_1 entry-title color_link_inherit\"><a href=\"https:\/\/www.aaxe.be\/ro\/birourile-noastre\/basilica-molenbeek\/\">BASILICA - MOLENBEEK<\/a><\/h4>\t\t<\/div>\r\n\t\t\t<\/article>\r\n\t<article class=\"w-grid-item size_1x1 post-3772 page type-page status-publish has-post-thumbnail hentry\" data-id=\"3772\">\r\n\t\t<div class=\"w-grid-item-h\">\r\n\t\t\t\t\t\t<div class=\"w-post-elm post_image usg_post_image_1 has_ratio\"><a href=\"https:\/\/www.aaxe.be\/ro\/birourile-noastre\/patrat-montgomery\/\" aria-label=\"P\u0102TRAT MONTGOMERY\"><img loading=\"lazy\" decoding=\"async\" width=\"1024\" height=\"683\" src=\"https:\/\/www.aaxe.be\/wp-content\/uploads\/2025\/04\/bureau_MGY-1024x683.jpg\" class=\"attachment-large size-large wp-post-image\" alt=\"\" title=\"\"><\/a><div style=\"padding-bottom:66.6667%\"><\/div><\/div><h4 class=\"w-post-elm post_title usg_post_title_1 entry-title color_link_inherit\"><a href=\"https:\/\/www.aaxe.be\/ro\/birourile-noastre\/patrat-montgomery\/\">P\u0102TRAT MONTGOMERY<\/a><\/h4>\t\t<\/div>\r\n\t\t\t<\/article>\r\n<\/div><div class=\"g-loadmore hidden\"><div class=\"g-preloader type_1\"><div><\/div><\/div><\/div><div class=\"w-grid-list-json hidden\" onclick='return {&quot;max_num_pages&quot;:0,&quot;paginationBase&quot;:&quot;page&quot;,&quot;pagination&quot;:&quot;none&quot;,&quot;paged&quot;:1,&quot;ajaxData&quot;:{&quot;action&quot;:&quot;us_ajax_post_list&quot;,&quot;meta_type&quot;:&quot;post&quot;,&quot;object_id&quot;:0,&quot;template_vars&quot;:{&quot;shortcode_base&quot;:&quot;us_post_list&quot;,&quot;paged&quot;:1,&quot;max_num_pages&quot;:0,&quot;no_results&quot;:false,&quot;us_post_content_design_css&quot;:[],&quot;found_posts&quot;:0,&quot;per_page&quot;:100,&quot;items_count&quot;:5,&quot;orderby_random_seed&quot;:null,&quot;source&quot;:&quot;post__in&quot;,&quot;custom_field_name&quot;:&quot;&quot;,&quot;ids&quot;:&quot;49,51,53,55,57&quot;,&quot;post_type&quot;:&quot;&quot;,&quot;attachment_ids&quot;:null,&quot;include_post_thumbnail&quot;:0,&quot;post_author&quot;:&quot;any&quot;,&quot;post_author_ids&quot;:&quot;&quot;,&quot;apply_url_params&quot;:&quot;1&quot;,&quot;ignore_sticky_posts&quot;:&quot;0&quot;,&quot;exclude_children&quot;:0,&quot;exclude_current_post&quot;:1,&quot;exclude_prev_posts&quot;:0,&quot;exclude_past_events&quot;:&quot;1&quot;,&quot;enable_items_offset&quot;:0,&quot;items_offset&quot;:&quot;1&quot;,&quot;tax_query_relation&quot;:&quot;none&quot;,&quot;tax_query&quot;:[{&quot;operator&quot;:&quot;IN&quot;,&quot;taxonomy&quot;:&quot;category&quot;,&quot;terms&quot;:&quot;&quot;,&quot;include_children&quot;:0}],&quot;meta_query_relation&quot;:&quot;none&quot;,&quot;meta_query&quot;:[{&quot;key&quot;:&quot;custom_field_name&quot;,&quot;compare&quot;:&quot;=&quot;,&quot;value&quot;:&quot;&quot;}],&quot;orderby&quot;:&quot;date&quot;,&quot;orderby_custom_field&quot;:&quot;&quot;,&quot;orderby_custom_type&quot;:0,&quot;order_invert&quot;:&quot;1&quot;,&quot;show_all&quot;:0,&quot;quantity&quot;:&quot;100&quot;,&quot;posts_per_archive_page&quot;:0,&quot;no_items_action&quot;:&quot;message&quot;,&quot;no_items_message&quot;:&quot;Nu am g\\u0103sit niciun rezultat.&quot;,&quot;no_items_page_block&quot;:&quot;&quot;,&quot;pagination&quot;:&quot;none&quot;,&quot;pagination_style&quot;:&quot;&quot;,&quot;pagination_btn_text&quot;:&quot;Load More&quot;,&quot;pagination_btn_size&quot;:&quot;&quot;,&quot;pagination_btn_style&quot;:&quot;1&quot;,&quot;pagination_btn_fullwidth&quot;:0,&quot;items_layout&quot;:&quot;1933&quot;,&quot;type&quot;:&quot;grid&quot;,&quot;items_valign&quot;:0,&quot;ignore_items_size&quot;:0,&quot;columns&quot;:&quot;3&quot;,&quot;items_gap&quot;:&quot;1.5rem&quot;,&quot;load_animation&quot;:&quot;none&quot;,&quot;items_preload_style&quot;:&quot;spinner&quot;,&quot;img_size&quot;:&quot;default&quot;,&quot;title_size&quot;:&quot;&quot;,&quot;items_ratio&quot;:&quot;default&quot;,&quot;items_ratio_width&quot;:&quot;21&quot;,&quot;items_ratio_height&quot;:&quot;9&quot;,&quot;overriding_link&quot;:&quot;%7B%22url%22%3A%22%22%7D&quot;,&quot;popup_page_template&quot;:&quot;0&quot;,&quot;popup_width&quot;:&quot;&quot;,&quot;popup_arrows&quot;:1,&quot;breakpoint_1_width&quot;:&quot;1381px&quot;,&quot;breakpoint_1_cols&quot;:&quot;3&quot;,&quot;breakpoint_1_quantity&quot;:&quot;&quot;,&quot;breakpoint_1_gap&quot;:&quot;&quot;,&quot;breakpoint_2_width&quot;:&quot;1025px&quot;,&quot;breakpoint_2_cols&quot;:&quot;2&quot;,&quot;breakpoint_2_quantity&quot;:&quot;&quot;,&quot;breakpoint_2_gap&quot;:&quot;&quot;,&quot;breakpoint_3_width&quot;:&quot;768px&quot;,&quot;breakpoint_3_cols&quot;:&quot;1&quot;,&quot;breakpoint_3_quantity&quot;:&quot;&quot;,&quot;breakpoint_3_gap&quot;:&quot;&quot;,&quot;conditions_operator&quot;:&quot;always&quot;,&quot;conditions&quot;:[],&quot;css&quot;:null,&quot;el_class&quot;:&quot;&quot;,&quot;el_id&quot;:&quot;&quot;,&quot;enable_custom_html_atts&quot;:0,&quot;custom_html_atts&quot;:null,&quot;hide_on_states&quot;:&quot;&quot;,&quot;hide_for_sticky&quot;:0,&quot;hide_for_not_sticky&quot;:0,&quot;hide_below&quot;:&quot;0px&quot;,&quot;hide_above&quot;:&quot;0px&quot;,&quot;classes&quot;:&quot;&quot;},&quot;found_posts&quot;:0,&quot;per_page&quot;:100,&quot;list_filters&quot;:&quot;[]&quot;},&quot;facetedFilter&quot;:{&quot;query_args_unfiltered&quot;:&quot;{\\&quot;ignore_sticky_posts\\&quot;:false,\\&quot;post__not_in\\&quot;:[],\\&quot;tax_query\\&quot;:[],\\&quot;meta_query\\&quot;:[],\\&quot;posts_per_page\\&quot;:100,\\&quot;paged\\&quot;:1,\\&quot;apply_list_url_params\\&quot;:true,\\&quot;post_type\\&quot;:\\&quot;any\\&quot;,\\&quot;no_found_rows\\&quot;:true,\\&quot;post_status\\&quot;:\\&quot;publish\\&quot;,\\&quot;post__in\\&quot;:[\\&quot;49\\&quot;,\\&quot;51\\&quot;,\\&quot;53\\&quot;,\\&quot;55\\&quot;,\\&quot;57\\&quot;]}&quot;}}'><\/div><\/div><\/div><\/div><\/div><\/div><\/div><\/section>\n","protected":false},"excerpt":{"rendered":"Acas\u0103PaginiSucursala dumneavoastr\u0103 de cecuri de serviciu \u00een inima ora\u0219ului Woluwe-Saint-Pierre Situat\u0103 la sensul giratoriu Montgomery, agen\u021bia noastr\u0103 ofer\u0103 servicii de ajutor la domiciliu, inclusiv Cur\u0103\u021benie, c\u0103lcat \u0219i Preg\u0103tirea meselor. Managerii no\u0219tri de cont asigur\u0103 gestionarea eficient\u0103 a cererilor dumneavoastr\u0103, garant\u00e2nd continuitatea serviciilor \u0219i o calitate optim\u0103. TelefonTel: 02 770 70 68 Mobil: 0489 06 10...","protected":false},"author":1,"featured_media":3152,"parent":3847,"menu_order":5,"comment_status":"closed","ping_status":"closed","template":"","meta":{"_acf_changed":false,"footnotes":""},"class_list":["post-3355","page","type-page","status-publish","has-post-thumbnail","hentry"],"acf":[],"_links":{"self":[{"href":"https:\/\/www.aaxe.be\/ro\/wp-json\/wp\/v2\/pages\/3355","targetHints":{"allow":["GET"]}}],"collection":[{"href":"https:\/\/www.aaxe.be\/ro\/wp-json\/wp\/v2\/pages"}],"about":[{"href":"https:\/\/www.aaxe.be\/ro\/wp-json\/wp\/v2\/types\/page"}],"author":[{"embeddable":true,"href":"https:\/\/www.aaxe.be\/ro\/wp-json\/wp\/v2\/users\/1"}],"replies":[{"embeddable":true,"href":"https:\/\/www.aaxe.be\/ro\/wp-json\/wp\/v2\/comments?post=3355"}],"version-history":[{"count":3,"href":"https:\/\/www.aaxe.be\/ro\/wp-json\/wp\/v2\/pages\/3355\/revisions"}],"predecessor-version":[{"id":5388,"href":"https:\/\/www.aaxe.be\/ro\/wp-json\/wp\/v2\/pages\/3355\/revisions\/5388"}],"up":[{"embeddable":true,"href":"https:\/\/www.aaxe.be\/ro\/wp-json\/wp\/v2\/pages\/3847"}],"wp:featuredmedia":[{"embeddable":true,"href":"https:\/\/www.aaxe.be\/ro\/wp-json\/wp\/v2\/media\/3152"}],"wp:attachment":[{"href":"https:\/\/www.aaxe.be\/ro\/wp-json\/wp\/v2\/media?parent=3355"}],"curies":[{"name":"wp","href":"https:\/\/api.w.org\/{rel}","templated":true}]}}