{"id":3394,"date":"2025-04-29T11:29:44","date_gmt":"2025-04-29T09:29:44","guid":{"rendered":"https:\/\/aaxetitresservices.kinsta.cloud\/serviciile-noastre\/ajutor-menajer\/"},"modified":"2026-04-24T09:49:58","modified_gmt":"2026-04-24T07:49:58","slug":"ajutor-menajer","status":"publish","type":"page","link":"https:\/\/www.aaxe.be\/ro\/de-ce-sa-alegeti-aaxe\/serviciile-noastre\/ajutor-menajer\/","title":{"rendered":"Ajutor menajer"},"content":{"rendered":"<section class=\"l-section wpb_row height_auto\"><div class=\"l-section-h i-cf\"><div class=\"g-cols vc_row via_flex valign_top type_default stacking_default\"><div class=\"vc_col-sm-12 wpb_column vc_column_container\"><div class=\"vc_column-inner\"><div class=\"wpb_wrapper\"><\/div><\/div><\/div><\/div><\/div><\/section><section class=\"l-section wpb_row us_custom_fb36e361 imgheader height_medium with_img\"><div class=\"l-section-img\" role=\"img\" aria-label=\"Imagine\" data-img-width=\"2560\" data-img-height=\"806\" style=\"background-image: url(https:\/\/www.aaxe.be\/wp-content\/uploads\/2025\/08\/services_nettoyage_-scaled.jpg);background-repeat: no-repeat;\"><\/div><div class=\"l-section-overlay\" style=\"background:linear-gradient(270deg, transparent 0%,rgba(54,54,54,0.3) 100%)\"><\/div><div class=\"l-section-h i-cf\"><div class=\"g-cols vc_row via_flex valign_bottom type_default stacking_default\"><div class=\"vc_col-sm-12 wpb_column vc_column_container\"><div class=\"vc_column-inner\"><div class=\"wpb_wrapper\"><div class=\"wpb_text_column us_custom_dcb699e1 has_text_color\"><div class=\"wpb_wrapper\"><h1><span lang=\"FR-BE\">Ajutor menajer<\/span><\/h1>\n<\/div><\/div><\/div><\/div><\/div><\/div><\/div><\/section><section class=\"l-section wpb_row us_custom_ac8bede8 height_auto\"><div class=\"l-section-h i-cf\"><div class=\"g-cols vc_row via_flex valign_top type_default stacking_default\"><div class=\"vc_col-sm-12 wpb_column vc_column_container\"><div class=\"vc_column-inner\"><div class=\"wpb_wrapper\"><nav class=\"g-breadcrumbs separator_icon align_none\" itemscope itemtype=\"http:\/\/schema.org\/BreadcrumbList\"><div class=\"g-breadcrumbs-item\" itemscope itemprop=\"itemListElement\" itemtype=\"http:\/\/schema.org\/ListItem\"><a itemprop=\"item\" href=\"https:\/\/www.aaxe.be\/ro\/\"><span itemprop=\"name\">Acas\u0103<\/span><\/a><meta itemprop=\"position\" content=\"1\"\/><\/div><div class=\"g-breadcrumbs-separator\"><i class=\"fas fa-circle\"><\/i><\/div><div class=\"g-breadcrumbs-item\">Pagini<\/div><\/nav><\/div><\/div><\/div><\/div><\/div><\/section><section class=\"l-section wpb_row height_medium\"><div class=\"l-section-h i-cf\"><div class=\"g-cols vc_row via_flex valign_top type_default stacking_default\"><div class=\"vc_col-sm-7 wpb_column vc_column_container\"><div class=\"vc_column-inner\"><div class=\"wpb_wrapper\"><div class=\"wpb_text_column tagtext left\"><div class=\"wpb_wrapper\"><p style=\"text-align: left;\">Ce facem<\/p>\n<\/div><\/div><div class=\"w-separator size_small\"><\/div><div class=\"wpb_text_column us_custom_9eee4631\"><div class=\"wpb_wrapper\"><h2><strong>Simplifica\u021bi-v\u0103 rutina zilnic\u0103 cu ajutorul menajerilor no\u0219tri califica\u021bi!<\/strong><\/h2>\n<p><span>La Aaxe Titres-Services, v\u0103 oferim servicii domestice de calitate \u00een Bruxelles \u0219i \u00een zona \u00eenconjur\u0103toare. \u200b <\/span><\/p>\n<\/div><\/div><div class=\"w-separator size_small\"><\/div><div class=\"w-btn-wrapper align_none\"><a class=\"w-btn us-btn-style_1\" href=\"https:\/\/www.aaxe.be\/ro\/aveti-nevoie-de-o-menajera\/\"><span class=\"w-btn-label\">Deveni\u021bi clientul nostru<\/span><\/a><\/div><div class=\"w-btn-wrapper align_none\"><a class=\"w-btn us-btn-style_2\" href=\"https:\/\/www.aaxe.be\/ro\/de-ce-sa-alegeti-aaxe\/serviciile-noastre\/\"><span class=\"w-btn-label\">Serviciile noastre<\/span><\/a><\/div><div class=\"w-separator size_medium\"><\/div><div class=\"wpb_text_column\"><div class=\"wpb_wrapper\"><h3>Serviciile noastre includ :<\/h3>\n<ul>\n<li><strong><span>Cur\u0103\u021benie complet\u0103<\/span><\/strong><span> \u00centre\u021binerea casei dvs. sau a celei de-a doua case. <\/span><\/li>\n<li><strong><span>Cur\u0103\u021benie pentru ferestre<\/span><\/strong><span> Pentru o claritate optim\u0103 \u00een casa dvs. <\/span><\/li>\n<li><strong><span>Sp\u0103l\u0103torie \u0219i c\u0103lcat<\/span><\/strong><span> Ne ocup\u0103m de rufele dvs. pentru rezultate impecabile. <\/span><\/li>\n<li><strong><span>Repararea hainelor dvs.<\/span><\/strong><span> Mici lucr\u0103ri de cusut pentru a prelungi durata de via\u021b\u0103 a hainelor dumneavoastr\u0103. <\/span><\/li>\n<li><strong><span>Preg\u0103tirea meselor<\/span><\/strong><span> Preg\u0103tirea de m\u00e2nc\u0103ruri simple pentru nevoile dumneavoastr\u0103 zilnice. <\/span><\/li>\n<li><strong><span>Cump\u0103r\u0103turi casnice<\/span><\/strong><span> Cump\u0103r\u0103turi locale pentru a v\u0103 satisface nevoile zilnice. <\/span><\/li>\n<\/ul>\n<\/div><\/div><div class=\"w-separator size_medium\"><\/div><div class=\"wpb_text_column\"><div class=\"wpb_wrapper\"><h3>De ce s\u0103 alege\u021bi un ajutor casnic de la Aaxe Titres-Services?<\/h3>\n<ul>\n<li><strong><span>Profesionalism<\/span><\/strong><span> Ajutoarele noastre casnice sunt instruite \u0219i motivate s\u0103 v\u0103 ofere servicii de calitate. <\/span><\/li>\n<li><strong><span>Flexibilitate<\/span><\/strong><span> Ne adapt\u0103m la nevoile \u0219i programul dumneavoastr\u0103. <\/span><\/li>\n<li><strong><span>Proximitate<\/span><\/strong><span> Cu cinci Birouri ale noastre \u00een Bruxelles, suntem \u00eentotdeauna aproape de dumneavoastr\u0103. <\/span><\/li>\n<\/ul>\n<\/div><\/div><\/div><\/div><\/div><div class=\"vc_col-sm-2 wpb_column vc_column_container\"><div class=\"vc_column-inner\"><div class=\"wpb_wrapper\"><\/div><\/div><\/div><div class=\"vc_col-sm-3 wpb_column vc_column_container\"><div class=\"vc_column-inner type_sticky\"><div class=\"wpb_wrapper\"><div class=\"w-vwrapper align_none valign_top us_custom_608ccab3\" style=\"--vwrapper-gap:0.7rem\"><div class=\"wpb_text_column us_custom_f2746f9a has_text_color\"><div class=\"wpb_wrapper\"><h5>Alte servicii ale noastre<\/h5>\n<\/div><\/div><div class=\"w-btn-wrapper align_none\"><a class=\"w-btn us-btn-style_5\" href=\"https:\/\/www.aaxe.be\/ro\/de-ce-sa-alegeti-aaxe\/serviciile-noastre\/curatenie\/\"><span class=\"w-btn-label\">Cur\u0103\u021benie<\/span><\/a><\/div><div class=\"w-btn-wrapper align_none\"><a class=\"w-btn us-btn-style_5\" href=\"https:\/\/www.aaxe.be\/ro\/de-ce-sa-alegeti-aaxe\/serviciile-noastre\/pregatirea-meselor\/\"><span class=\"w-btn-label\">Preg\u0103tirea meselor<\/span><\/a><\/div><div class=\"w-btn-wrapper align_none\"><a class=\"w-btn us-btn-style_5\" href=\"https:\/\/www.aaxe.be\/ro\/de-ce-sa-alegeti-aaxe\/serviciile-noastre\/centre-de-calcat\/\"><span class=\"w-btn-label\">Centre de c\u0103lcat<\/span><\/a><\/div><div class=\"w-btn-wrapper align_none\"><a class=\"w-btn us-btn-style_5\" href=\"https:\/\/www.aaxe.be\/ro\/de-ce-sa-alegeti-aaxe\/serviciile-noastre\/lenjerie-cusut-calcat\/\"><span class=\"w-btn-label\">Lenjerie , cusut, c\u0103lcat<\/span><\/a><\/div><\/div><\/div><\/div><\/div><\/div><\/div><\/section><section class=\"l-section wpb_row height_large\"><div class=\"l-section-h i-cf\"><div class=\"g-cols vc_row via_flex valign_top type_default stacking_default\"><div class=\"vc_col-sm-12 wpb_column vc_column_container\"><div class=\"vc_column-inner\"><div class=\"wpb_wrapper\"><div class=\"w-grid us_post_carousel temoincarou apply_url_params type_carousel layout_1428 preload_style_spinner items_3\" id=\"us_post_list_j293\" style=\"--items:3;--gap:10px;\"><style>.layout_1428 .w-grid-item-h{}.layout_1428 .usg_post_image_1{border-radius:10px!important}<\/style><div class=\"w-grid-list owl-carousel valign_stretch dotstyle_circle navstyle_circle arrows-ver-pos_middle arrows-hor-pos_on_sides_outside arrows-disabled_hide owl-responsive-2000 with_dots\" style=\"--transition-duration:350ms;\">\t<article class=\"w-grid-item size_1x1 post-2737 attachment type-attachment status-inherit hentry\" data-id=\"2737\">\r\n\t\t<div class=\"w-grid-item-h\">\r\n\t\t\t\t\t\t<div class=\"w-post-elm post_image usg_post_image_1 has_ratio\"><a ref=\"magnificPopup\" href=\"https:\/\/www.aaxe.be\/wp-content\/uploads\/2025\/04\/IMGL8453.jpg\" aria-label=\"IMGL8453\"><img loading=\"lazy\" decoding=\"async\" width=\"1024\" height=\"801\" src=\"https:\/\/www.aaxe.be\/wp-content\/uploads\/2025\/04\/IMGL8453-1024x801.jpg\" class=\"attachment-large size-large\" alt=\"\" title=\"\"><\/a><div style=\"padding-bottom:100%\"><\/div><\/div>\t\t<\/div>\r\n\t\t\t<\/article>\r\n\t<article class=\"w-grid-item size_1x1 post-2470 attachment type-attachment status-inherit hentry\" data-id=\"2470\">\r\n\t\t<div class=\"w-grid-item-h\">\r\n\t\t\t\t\t\t<div class=\"w-post-elm post_image usg_post_image_1 has_ratio\"><a ref=\"magnificPopup\" href=\"https:\/\/www.aaxe.be\/wp-content\/uploads\/2025\/04\/IMGL8198.jpg\" aria-label=\"IMGL8198\"><img loading=\"lazy\" decoding=\"async\" width=\"682\" height=\"1024\" src=\"https:\/\/www.aaxe.be\/wp-content\/uploads\/2025\/04\/IMGL8198-682x1024.jpg\" class=\"attachment-large size-large\" alt=\"\" title=\"\"><\/a><div style=\"padding-bottom:100%\"><\/div><\/div>\t\t<\/div>\r\n\t\t\t<\/article>\r\n\t<article class=\"w-grid-item size_1x1 post-2446 attachment type-attachment status-inherit hentry\" data-id=\"2446\">\r\n\t\t<div class=\"w-grid-item-h\">\r\n\t\t\t\t\t\t<div class=\"w-post-elm post_image usg_post_image_1 has_ratio\"><a ref=\"magnificPopup\" href=\"https:\/\/www.aaxe.be\/wp-content\/uploads\/2025\/04\/IMGL8183.jpg\" aria-label=\"IMGL8183\"><img loading=\"lazy\" decoding=\"async\" width=\"682\" height=\"1024\" src=\"https:\/\/www.aaxe.be\/wp-content\/uploads\/2025\/04\/IMGL8183-682x1024.jpg\" class=\"attachment-large size-large\" alt=\"\" title=\"\"><\/a><div style=\"padding-bottom:100%\"><\/div><\/div>\t\t<\/div>\r\n\t\t\t<\/article>\r\n\t<article class=\"w-grid-item size_1x1 post-2320 attachment type-attachment status-inherit hentry\" data-id=\"2320\">\r\n\t\t<div class=\"w-grid-item-h\">\r\n\t\t\t\t\t\t<div class=\"w-post-elm post_image usg_post_image_1 has_ratio\"><a ref=\"magnificPopup\" href=\"https:\/\/www.aaxe.be\/wp-content\/uploads\/2025\/04\/IMGL8068-Modifier.jpg\" aria-label=\"IMGL8068-Modifier\"><img loading=\"lazy\" decoding=\"async\" width=\"1024\" height=\"711\" src=\"https:\/\/www.aaxe.be\/wp-content\/uploads\/2025\/04\/IMGL8068-Modifier-1024x711.jpg\" class=\"attachment-large size-large\" alt=\"\" title=\"\"><\/a><div style=\"padding-bottom:100%\"><\/div><\/div>\t\t<\/div>\r\n\t\t\t<\/article>\r\n\t<article class=\"w-grid-item size_1x1 post-2302 attachment type-attachment status-inherit hentry\" data-id=\"2302\">\r\n\t\t<div class=\"w-grid-item-h\">\r\n\t\t\t\t\t\t<div class=\"w-post-elm post_image usg_post_image_1 has_ratio\"><a ref=\"magnificPopup\" href=\"https:\/\/www.aaxe.be\/wp-content\/uploads\/2025\/04\/IMGL8034-Modifier.jpg\" aria-label=\"IMGL8034-Modifier\"><img loading=\"lazy\" decoding=\"async\" width=\"682\" height=\"1024\" src=\"https:\/\/www.aaxe.be\/wp-content\/uploads\/2025\/04\/IMGL8034-Modifier-682x1024.jpg\" class=\"attachment-large size-large\" alt=\"\" title=\"\"><\/a><div style=\"padding-bottom:100%\"><\/div><\/div>\t\t<\/div>\r\n\t\t\t<\/article>\r\n\t<article class=\"w-grid-item size_1x1 post-2215 attachment type-attachment status-inherit hentry\" data-id=\"2215\">\r\n\t\t<div class=\"w-grid-item-h\">\r\n\t\t\t\t\t\t<div class=\"w-post-elm post_image usg_post_image_1 has_ratio\"><a ref=\"magnificPopup\" href=\"https:\/\/www.aaxe.be\/wp-content\/uploads\/2025\/04\/IMGL7781.jpg\" aria-label=\"IMGL7781\"><img loading=\"lazy\" decoding=\"async\" width=\"1024\" height=\"677\" src=\"https:\/\/www.aaxe.be\/wp-content\/uploads\/2025\/04\/IMGL7781-1024x677.jpg\" class=\"attachment-large size-large\" alt=\"\" title=\"\"><\/a><div style=\"padding-bottom:100%\"><\/div><\/div>\t\t<\/div>\r\n\t\t\t<\/article>\r\n\t<article class=\"w-grid-item size_1x1 post-2188 attachment type-attachment status-inherit hentry\" data-id=\"2188\">\r\n\t\t<div class=\"w-grid-item-h\">\r\n\t\t\t\t\t\t<div class=\"w-post-elm post_image usg_post_image_1 has_ratio\"><a ref=\"magnificPopup\" href=\"https:\/\/www.aaxe.be\/wp-content\/uploads\/2025\/04\/IMGL7740.jpg\" aria-label=\"IMGL7740\"><img loading=\"lazy\" decoding=\"async\" width=\"661\" height=\"1024\" src=\"https:\/\/www.aaxe.be\/wp-content\/uploads\/2025\/04\/IMGL7740-661x1024.jpg\" class=\"attachment-large size-large\" alt=\"\" title=\"\"><\/a><div style=\"padding-bottom:100%\"><\/div><\/div>\t\t<\/div>\r\n\t\t\t<\/article>\r\n<\/div><div class=\"w-grid-carousel-json hidden\" onclick='return {&quot;carousel_settings&quot;:{&quot;aria_labels&quot;:{&quot;prev&quot;:&quot;Anterior&quot;,&quot;next&quot;:&quot;Urm\\u0103tor&quot;},&quot;autoplayContinual&quot;:false,&quot;autoplayContinualCss&quot;:false,&quot;autoplayHoverPause&quot;:false,&quot;autoplayTimeout&quot;:3000,&quot;autoWidth&quot;:false,&quot;smartSpeed&quot;:350,&quot;margin&quot;:0,&quot;mouseDrag&quot;:true,&quot;rtl&quot;:false,&quot;slideBy&quot;:&quot;1&quot;,&quot;touchDrag&quot;:true,&quot;slideTransition&quot;:&quot;&quot;,&quot;responsive&quot;:{&quot;0&quot;:{&quot;autoHeight&quot;:false,&quot;autoplay&quot;:false,&quot;autoplayContinualCss&quot;:false,&quot;autoWidth&quot;:false,&quot;center&quot;:false,&quot;dots&quot;:false,&quot;items&quot;:1,&quot;loop&quot;:false,&quot;nav&quot;:false,&quot;stagePadding&quot;:0,&quot;slideBy&quot;:&quot;1&quot;,&quot;touchDrag&quot;:true,&quot;mouseDrag&quot;:true},&quot;768&quot;:{&quot;items&quot;:3,&quot;autoplay&quot;:false,&quot;autoplayContinualCss&quot;:false,&quot;center&quot;:false,&quot;dots&quot;:true,&quot;nav&quot;:false,&quot;autoHeight&quot;:false,&quot;autoWidth&quot;:false,&quot;loop&quot;:true,&quot;stagePadding&quot;:0}}}}'><\/div><\/div><\/div><\/div><\/div><\/div><\/div><\/section><section class=\"l-section wpb_row height_small width_full\"><div class=\"l-section-h i-cf\"><div class=\"g-cols vc_row via_flex valign_top type_default stacking_default\"><div class=\"vc_col-sm-12 wpb_column vc_column_container\"><div class=\"vc_column-inner\"><div class=\"wpb_wrapper\"><div class=\"w-image us_custom_2d9ebfef align_none\"><div class=\"w-image-h\"><img decoding=\"async\" src=\"https:\/\/www.aaxe.be\/wp-content\/uploads\/2025\/04\/Aaxe-long-line.svg\" class=\"attachment-full size-full\" alt=\"\" loading=\"lazy\" title=\"\"><\/div><\/div><\/div><\/div><\/div><\/div><\/div><\/section>\n","protected":false},"excerpt":{"rendered":"","protected":false},"author":1,"featured_media":4264,"parent":3322,"menu_order":1,"comment_status":"closed","ping_status":"closed","template":"","meta":{"_acf_changed":false,"footnotes":""},"class_list":["post-3394","page","type-page","status-publish","has-post-thumbnail","hentry"],"acf":[],"_links":{"self":[{"href":"https:\/\/www.aaxe.be\/ro\/wp-json\/wp\/v2\/pages\/3394","targetHints":{"allow":["GET"]}}],"collection":[{"href":"https:\/\/www.aaxe.be\/ro\/wp-json\/wp\/v2\/pages"}],"about":[{"href":"https:\/\/www.aaxe.be\/ro\/wp-json\/wp\/v2\/types\/page"}],"author":[{"embeddable":true,"href":"https:\/\/www.aaxe.be\/ro\/wp-json\/wp\/v2\/users\/1"}],"replies":[{"embeddable":true,"href":"https:\/\/www.aaxe.be\/ro\/wp-json\/wp\/v2\/comments?post=3394"}],"version-history":[{"count":5,"href":"https:\/\/www.aaxe.be\/ro\/wp-json\/wp\/v2\/pages\/3394\/revisions"}],"predecessor-version":[{"id":5375,"href":"https:\/\/www.aaxe.be\/ro\/wp-json\/wp\/v2\/pages\/3394\/revisions\/5375"}],"up":[{"embeddable":true,"href":"https:\/\/www.aaxe.be\/ro\/wp-json\/wp\/v2\/pages\/3322"}],"wp:featuredmedia":[{"embeddable":true,"href":"https:\/\/www.aaxe.be\/ro\/wp-json\/wp\/v2\/media\/4264"}],"wp:attachment":[{"href":"https:\/\/www.aaxe.be\/ro\/wp-json\/wp\/v2\/media?parent=3394"}],"curies":[{"name":"wp","href":"https:\/\/api.w.org\/{rel}","templated":true}]}}