{"id":3447,"date":"2025-05-07T11:52:44","date_gmt":"2025-05-07T09:52:44","guid":{"rendered":"https:\/\/aaxetitresservices.kinsta.cloud\/aveti-nevoie-de-o-menajera\/"},"modified":"2025-08-26T08:52:10","modified_gmt":"2025-08-26T06:52:10","slug":"aveti-nevoie-de-o-menajera","status":"publish","type":"page","link":"https:\/\/www.aaxe.be\/ro\/aveti-nevoie-de-o-menajera\/","title":{"rendered":"Ave\u021bi nevoie de o menajer\u0103?"},"content":{"rendered":"<section class=\"l-section wpb_row height_auto\"><div class=\"l-section-h i-cf\"><div class=\"g-cols vc_row via_flex valign_top type_default stacking_default\"><div class=\"vc_col-sm-12 wpb_column vc_column_container\"><div class=\"vc_column-inner\"><div class=\"wpb_wrapper\"><div class=\"w-html\"><iframe loading=\"lazy\" id=\"frame\" src=\"https:\/\/app.aaxe.be\/ww_AAXE_web\/L35\/action.awp?type=formclient\" width=\"100%\" height=\"1200\"><\/iframe>\n<script>\nconst iframe = document.getElementById('frame');\niframe.src = iframe.src + window.location.search;\n<\/script>\n<\/div><\/div><\/div><\/div><\/div><\/div><\/section><section class=\"l-section wpb_row height_medium\"><div class=\"l-section-h i-cf\"><div class=\"g-cols vc_row via_flex valign_top type_default stacking_default\"><div class=\"vc_col-sm-12 wpb_column vc_column_container\"><div class=\"vc_column-inner\"><div class=\"wpb_wrapper\"><div class=\"wpb_text_column tagtext left\"><div class=\"wpb_wrapper\"><p style=\"text-align: left;\">Ave\u021bi \u00eentreb\u0103ri?<\/p>\n<\/div><\/div><div class=\"w-separator size_small\"><\/div><div class=\"wpb_text_column us_custom_9eee4631\"><div class=\"wpb_wrapper\"><h2 style=\"text-align: left;\"><strong>\u00ceNTREB\u0102RI FRECVENTE<\/strong><\/h2>\n<\/div><\/div><div class=\"w-separator size_medium\"><\/div><div class=\"w-tabs style_default switch_click accordion type_togglable has_scrolling remove_indents\" style=\"--sections-title-size:inherit\"><div class=\"w-tabs-sections titles-align_none icon_chevron cpos_right\"><div class=\"w-tabs-section\" id=\"pcf6\" itemscope itemprop=\"mainEntity\" itemtype=\"https:\/\/schema.org\/Question\"><button class=\"w-tabs-section-header\" aria-controls=\"content-pcf6\" aria-expanded=\"false\"><h3 class=\"w-tabs-section-title\" itemprop=\"name\">Orele de deschidere ale Birourilor noastre :<\/h3><div class=\"w-tabs-section-control\"><\/div><\/button><div  class=\"w-tabs-section-content\" id=\"content-pcf6\" itemscope itemprop=\"acceptedAnswer\" itemtype=\"https:\/\/schema.org\/Answer\"><div class=\"w-tabs-section-content-h i-cf\" itemprop=\"text\"><div class=\"wpb_text_column\"><div class=\"wpb_wrapper\"><ul>\n<li><strong>\u00cen fiecare zi<\/strong><span> <\/span>: 9am - 12.30pm \/ 1.30pm - 5.30pm<\/li>\n<li><strong>Sediul central (Avenue de Tervueren 124)<\/strong><span> <\/span>: 8.30-13.00 \/ 13.30-18.00.<\/li>\n<\/ul>\n<\/div><\/div><\/div><\/div><\/div><div class=\"w-tabs-section\" id=\"se0c\" itemscope itemprop=\"mainEntity\" itemtype=\"https:\/\/schema.org\/Question\"><button class=\"w-tabs-section-header\" aria-controls=\"content-se0c\" aria-expanded=\"false\"><h3 class=\"w-tabs-section-title\" itemprop=\"name\">Primul contact cu AAXE Serviciile noastre<\/h3><div class=\"w-tabs-section-control\"><\/div><\/button><div  class=\"w-tabs-section-content\" id=\"content-se0c\" itemscope itemprop=\"acceptedAnswer\" itemtype=\"https:\/\/schema.org\/Answer\"><div class=\"w-tabs-section-content-h i-cf\" itemprop=\"text\"><div class=\"wpb_text_column\"><div class=\"wpb_wrapper\"><p>C\u00e2nd apela\u021bi pentru prima dat\u0103 la AAXE Titres-Services, echipa noastr\u0103 v\u0103 va asculta. V\u0103 \u00een\u021belegem nevoile \u00een materie de menajer\u0103.<\/p>\n<p>Explic\u0103m \u00een detaliu sistemul de bonuri de serviciu, modul de plat\u0103 \u0219i modul de \u00eenregistrare la organismele relevante, ghid\u00e2ndu-ne viitorii clien\u021bi prin procesul de \u00eenregistrare la Sodexo.<\/p>\n<\/div><\/div><\/div><\/div><\/div><div class=\"w-tabs-section\" id=\"lf07\" itemscope itemprop=\"mainEntity\" itemtype=\"https:\/\/schema.org\/Question\"><button class=\"w-tabs-section-header\" aria-controls=\"content-lf07\" aria-expanded=\"false\"><h3 class=\"w-tabs-section-title\" itemprop=\"name\">C\u0103utare personalizat\u0103 pentru un ajutor menajer<\/h3><div class=\"w-tabs-section-control\"><\/div><\/button><div  class=\"w-tabs-section-content\" id=\"content-lf07\" itemscope itemprop=\"acceptedAnswer\" itemtype=\"https:\/\/schema.org\/Answer\"><div class=\"w-tabs-section-content-h i-cf\" itemprop=\"text\"><div class=\"wpb_text_column\"><div class=\"wpb_wrapper\"><p>Datorit\u0103 unei \u00een\u021belegeri aprofundate a nevoilor dumneavoastr\u0103, echipa noastr\u0103 dedicat\u0103 va g\u0103si ajutorul casnic cel mai potrivit pentru cerin\u021bele dumneavoastr\u0103.<\/p>\n<\/div><\/div><\/div><\/div><\/div><div class=\"w-tabs-section\" id=\"hfff\" itemscope itemprop=\"mainEntity\" itemtype=\"https:\/\/schema.org\/Question\"><button class=\"w-tabs-section-header\" aria-controls=\"content-hfff\" aria-expanded=\"false\"><h3 class=\"w-tabs-section-title\" itemprop=\"name\">Planificare \u0219i monitorizare riguroas\u0103<\/h3><div class=\"w-tabs-section-control\"><\/div><\/button><div  class=\"w-tabs-section-content\" id=\"content-hfff\" itemscope itemprop=\"acceptedAnswer\" itemtype=\"https:\/\/schema.org\/Answer\"><div class=\"w-tabs-section-content-h i-cf\" itemprop=\"text\"><div class=\"wpb_text_column\"><div class=\"wpb_wrapper\"><p>Planific\u0103m cu meticulozitate orele de lucru ale menajerei noastre la domiciliul dumneavoastr\u0103. Se efectueaz\u0103 o monitorizare precis\u0103: indicarea noilor servicii, datele de contact ale clientului pentru menajer\u0103 \u0219i furnizarea de h\u0103r\u021bi pentru a facilita deplasarea.<\/p>\n<\/div><\/div><\/div><\/div><\/div><div class=\"w-tabs-section\" id=\"u0f1\" itemscope itemprop=\"mainEntity\" itemtype=\"https:\/\/schema.org\/Question\"><button class=\"w-tabs-section-header\" aria-controls=\"content-u0f1\" aria-expanded=\"false\"><h3 class=\"w-tabs-section-title\" itemprop=\"name\">Instruc\u021biuni personalizate pentru servicii noastre de calitate<\/h3><div class=\"w-tabs-section-control\"><\/div><\/button><div  class=\"w-tabs-section-content\" id=\"content-u0f1\" itemscope itemprop=\"acceptedAnswer\" itemtype=\"https:\/\/schema.org\/Answer\"><div class=\"w-tabs-section-content-h i-cf\" itemprop=\"text\"><div class=\"wpb_text_column\"><div class=\"wpb_wrapper\"><p>Atunci c\u00e2nd menajera ajunge la dvs. acas\u0103, ne asigur\u0103m c\u0103 aceasta cunoa\u0219te preferin\u021bele dvs. \u00een ceea ce prive\u0219te produsele de cur\u0103\u021benie \u0219i instruc\u021biunile pe care i le da\u021bi.<\/p>\n<p>Pute\u021bi da instruc\u021biuni specifice cu privire la camerele care trebuie cur\u0103\u021bate, metoda care trebuie urmat\u0103 \u0219i produsele care trebuie utilizate.<\/p>\n<\/div><\/div><\/div><\/div><\/div><div class=\"w-tabs-section\" id=\"v1e6\" itemscope itemprop=\"mainEntity\" itemtype=\"https:\/\/schema.org\/Question\"><button class=\"w-tabs-section-header\" aria-controls=\"content-v1e6\" aria-expanded=\"false\"><h3 class=\"w-tabs-section-title\" itemprop=\"name\">Monitorizare \u0219i sprijin continuu<\/h3><div class=\"w-tabs-section-control\"><\/div><\/button><div  class=\"w-tabs-section-content\" id=\"content-v1e6\" itemscope itemprop=\"acceptedAnswer\" itemtype=\"https:\/\/schema.org\/Answer\"><div class=\"w-tabs-section-content-h i-cf\" itemprop=\"text\"><div class=\"wpb_text_column\"><div class=\"wpb_wrapper\"><p>Asigur\u0103m monitorizarea constant\u0103 a serviciilor furnizate la domiciliul dumneavoastr\u0103. Ajutorul casnic raporteaz\u0103 \u00een mod regulat AAXE cu privire la progresul muncii sale pentru monitorizarea calit\u0103\u021bii.<\/p>\n<p>\u00cen cazul \u00een care ajutorul casnic lipse\u0219te din cauza concediului sau a incapacit\u0103\u021bii, oferim un \u00eenlocuitor pentru a asigura continuitatea serviciului.<\/p>\n<\/div><\/div><\/div><\/div><\/div><div class=\"w-tabs-section\" id=\"k0da\" itemscope itemprop=\"mainEntity\" itemtype=\"https:\/\/schema.org\/Question\"><button class=\"w-tabs-section-header\" aria-controls=\"content-k0da\" aria-expanded=\"false\"><h3 class=\"w-tabs-section-title\" itemprop=\"name\">\u00cenregistrare u\u0219oar\u0103 cu AAXE Serviciile noastre<\/h3><div class=\"w-tabs-section-control\"><\/div><\/button><div  class=\"w-tabs-section-content\" id=\"content-k0da\" itemscope itemprop=\"acceptedAnswer\" itemtype=\"https:\/\/schema.org\/Answer\"><div class=\"w-tabs-section-content-h i-cf\" itemprop=\"text\"><div class=\"wpb_text_column\"><div class=\"wpb_wrapper\"><div class=\"wpb_column vc_column_container vc_col-sm-12 vc_col-lg-9\">\n<div class=\"vc_column-inner \">\n<div class=\"wpb_wrapper\">\n<div class=\"wpb_text_column wpb_content_element\">\n<div class=\"wpb_wrapper\">\n<p>Dac\u0103 sunte\u021bi convins de profesionalismul nostru \u0219i dori\u021bi s\u0103 v\u0103 \u00eenregistra\u021bi la agen\u021bia noastr\u0103, procedura este simpl\u0103 \u0219i direct\u0103.<\/p>\n<\/div>\n<\/div>\n<\/div>\n<\/div>\n<\/div>\n<div class=\"wpb_column vc_column_container vc_col-sm-12 vc_col-lg-3\">\n<div class=\"vc_column-inner \">\n<div class=\"wpb_wrapper\">\n<div class=\"stm_sidebar\">\n<div class=\"wpb-content-wrapper\">\n<div class=\"vc_row wpb_row vc_row-fluid\">\n<div class=\"wpb_column vc_column_container vc_col-sm-12\">\n<div class=\"vc_column-inner \">\n<div class=\"wpb_wrapper\">\n<div class=\"vc_wp_custommenu wpb_content_element\">\n<div class=\"widget widget_nav_menu\">\n<div class=\"menu-sidebar-menu-2-container\"><\/div>\n<\/div>\n<\/div>\n<\/div>\n<\/div>\n<\/div>\n<\/div>\n<\/div>\n<\/div>\n<\/div>\n<\/div>\n<\/div>\n<\/div><\/div><\/div><\/div><\/div><\/div><\/div><\/div><\/div><\/div><\/div><\/div><\/section>\n","protected":false},"excerpt":{"rendered":"Ave\u021bi \u00eentreb\u0103ri? \u00ceNTREB\u0102RI FRECVENTE Orele de deschidere ale Birourilor noastre : \u00cen fiecare zi : 9am - 12.30pm \/ 1.30pm - 5.30pm Sediul central (Avenue de Tervueren 124) : 8.30-13.00 \/ 13.30-18.00. Primul contact cu AAXE Serviciile noastreC\u00e2nd apela\u021bi pentru prima dat\u0103 la AAXE Titres-Services, echipa noastr\u0103 v\u0103 va asculta. V\u0103 \u00een\u021belegem nevoile \u00een materie...","protected":false},"author":1,"featured_media":0,"parent":0,"menu_order":0,"comment_status":"closed","ping_status":"closed","template":"","meta":{"_acf_changed":false,"footnotes":""},"class_list":["post-3447","page","type-page","status-publish","hentry"],"acf":[],"_links":{"self":[{"href":"https:\/\/www.aaxe.be\/ro\/wp-json\/wp\/v2\/pages\/3447","targetHints":{"allow":["GET"]}}],"collection":[{"href":"https:\/\/www.aaxe.be\/ro\/wp-json\/wp\/v2\/pages"}],"about":[{"href":"https:\/\/www.aaxe.be\/ro\/wp-json\/wp\/v2\/types\/page"}],"author":[{"embeddable":true,"href":"https:\/\/www.aaxe.be\/ro\/wp-json\/wp\/v2\/users\/1"}],"replies":[{"embeddable":true,"href":"https:\/\/www.aaxe.be\/ro\/wp-json\/wp\/v2\/comments?post=3447"}],"version-history":[{"count":23,"href":"https:\/\/www.aaxe.be\/ro\/wp-json\/wp\/v2\/pages\/3447\/revisions"}],"predecessor-version":[{"id":4655,"href":"https:\/\/www.aaxe.be\/ro\/wp-json\/wp\/v2\/pages\/3447\/revisions\/4655"}],"wp:attachment":[{"href":"https:\/\/www.aaxe.be\/ro\/wp-json\/wp\/v2\/media?parent=3447"}],"curies":[{"name":"wp","href":"https:\/\/api.w.org\/{rel}","templated":true}]}}