{"id":3806,"date":"2025-04-22T11:58:36","date_gmt":"2025-04-22T09:58:36","guid":{"rendered":"https:\/\/aaxetitresservices.kinsta.cloud\/incepe-ti-cu-tichetele-de-servicii\/"},"modified":"2026-02-25T16:40:57","modified_gmt":"2026-02-25T15:40:57","slug":"incepe-ti-cu-tichetele-de-servicii","status":"publish","type":"page","link":"https:\/\/www.aaxe.be\/ro\/de-ce-sa-alegeti-aaxe\/incepe-ti-cu-tichetele-de-servicii\/","title":{"rendered":"\u00cencepe-ti cu tichetele de servicii"},"content":{"rendered":"<section class=\"l-section wpb_row height_auto\"><div class=\"l-section-h i-cf\"><div class=\"g-cols vc_row via_flex valign_top type_default stacking_default\"><div class=\"vc_col-sm-12 wpb_column vc_column_container\"><div class=\"vc_column-inner\"><div class=\"wpb_wrapper\"><\/div><\/div><\/div><\/div><\/div><\/section><section class=\"l-section wpb_row us_custom_fb36e361 imgheader height_medium with_img\"><div class=\"l-section-img\" role=\"img\" aria-label=\"Imagine\" data-img-width=\"2560\" data-img-height=\"806\" style=\"background-image: url(https:\/\/www.aaxe.be\/wp-content\/uploads\/2025\/08\/large_IMGL8397-1-scaled.jpg);background-repeat: no-repeat;\"><\/div><div class=\"l-section-overlay\" style=\"background:linear-gradient(270deg, transparent 0%,rgba(54,54,54,0.3) 100%)\"><\/div><div class=\"l-section-h i-cf\"><div class=\"g-cols vc_row via_flex valign_bottom type_default stacking_default\"><div class=\"vc_col-sm-12 wpb_column vc_column_container\"><div class=\"vc_column-inner\"><div class=\"wpb_wrapper\"><div class=\"wpb_text_column us_custom_dcb699e1 has_text_color\"><div class=\"wpb_wrapper\"><h1>\u00cencepe-ti cu tichetele de servicii<\/h1>\n<\/div><\/div><\/div><\/div><\/div><\/div><\/div><\/section><section class=\"l-section wpb_row us_custom_ac8bede8 height_auto\"><div class=\"l-section-h i-cf\"><div class=\"g-cols vc_row via_flex valign_top type_default stacking_default\"><div class=\"vc_col-sm-12 wpb_column vc_column_container\"><div class=\"vc_column-inner\"><div class=\"wpb_wrapper\"><nav class=\"g-breadcrumbs separator_icon align_none\" itemscope itemtype=\"http:\/\/schema.org\/BreadcrumbList\"><div class=\"g-breadcrumbs-item\" itemscope itemprop=\"itemListElement\" itemtype=\"http:\/\/schema.org\/ListItem\"><a itemprop=\"item\" href=\"https:\/\/www.aaxe.be\/ro\/\"><span itemprop=\"name\">Acas\u0103<\/span><\/a><meta itemprop=\"position\" content=\"1\"\/><\/div><div class=\"g-breadcrumbs-separator\"><i class=\"fas fa-circle\"><\/i><\/div><div class=\"g-breadcrumbs-item\">Pagini<\/div><\/nav><\/div><\/div><\/div><\/div><\/div><\/section><section class=\"l-section wpb_row height_medium\" id=\"target\"><div class=\"l-section-h i-cf\"><div class=\"g-cols vc_row via_flex valign_top type_default stacking_default\"><div class=\"vc_col-sm-7 wpb_column vc_column_container\"><div class=\"vc_column-inner\"><div class=\"wpb_wrapper\"><div class=\"w-separator size_medium\"><\/div><div class=\"w-iconbox iconpos_left style_default color_primary align_left icontype_img\"><div class=\"w-iconbox-icon\" style=\"font-size:75px;\"><img loading=\"lazy\" decoding=\"async\" width=\"60\" height=\"59\" src=\"https:\/\/www.aaxe.be\/wp-content\/uploads\/2025\/05\/1-100x100-1-e1747299748782.png\" class=\"attachment-full size-full\" alt=\"\" title=\"\"><\/div><div class=\"w-iconbox-meta\"><h3 class=\"w-iconbox-title\">\u00cenregistra\u021bi-v\u0103 la Sodexo \u00een func\u021bie de regiunea dumneavoastr\u0103.<\/h3><div class=\"w-iconbox-text\"><p>Dac\u0103 locui\u021bi \u00een regiune &#8230; :<\/p>\n<ul>\n<li>Bruxelles:<span> <\/span><span style=\"text-decoration: underline;\"><a href=\"https:\/\/mes.titresservices.brussels\/register\" target=\"_blank\" rel=\"noopener\">www.titre-service.brussels<\/a><\/span><\/li>\n<li>Walloon :<span> <\/span><span style=\"text-decoration: underline;\"><a href=\"https:\/\/mes.titresservices.brussels\/register\" target=\"_blank\" rel=\"noopener\">www.titres-services.wallonie.be<\/a><\/span><\/li>\n<li>Flamand\u0103 :<span> <\/span><span style=\"text-decoration: underline;\"><a href=\"https:\/\/mes.titres-services.flandre.be\/register\" target=\"_blank\" rel=\"noopener\">www.titres-services.flandre.be<\/a><\/span><\/li>\n<\/ul>\n<p>Face\u021bi clic pe &#8216;<span> <\/span><strong>\u00cenregistrare<\/strong>&#8221; \u0219i urma\u021bi pa\u0219ii pentru \u00eenregistrare.<\/p>\n<p>&nbsp;<\/p>\n<p><strong>Mai multe informa\u021bii despre<span> <\/span><span style=\"text-decoration: underline;\"><a href=\"https:\/\/www.titre-service.brussels\/citoyen\/information\/inscription\/comment\" target=\"_blank\" rel=\"noopener\">Cum s\u0103 v\u0103 \u00eenregistra\u021bi pentru sistemul Service Cheques.<\/a><\/span><\/strong><\/p>\n<\/div><\/div><\/div><div class=\"w-hwrapper valign_middle us_custom_b0523e73 align_left\" style=\"--hwrapper-gap:1rem\"><div class=\"w-image align_none\"><div class=\"w-image-h\"><img decoding=\"async\" width=\"110\" height=\"75\" src=\"https:\/\/www.aaxe.be\/wp-content\/uploads\/2025\/05\/Be_Brussels_logo-110x75-1.jpg\" class=\"attachment-large size-large\" alt=\"\" loading=\"lazy\" title=\"\"><\/div><\/div><div class=\"w-image align_none\"><div class=\"w-image-h\"><img decoding=\"async\" width=\"110\" height=\"75\" src=\"https:\/\/www.aaxe.be\/wp-content\/uploads\/2025\/05\/vlaanderen-110x75-1.jpg\" class=\"attachment-large size-large\" alt=\"\" loading=\"lazy\" title=\"\"><\/div><\/div><div class=\"w-image align_none\"><div class=\"w-image-h\"><img decoding=\"async\" width=\"65\" height=\"105\" src=\"https:\/\/www.aaxe.be\/wp-content\/uploads\/2025\/05\/wallonie-65x105-1.png\" class=\"attachment-large size-large\" alt=\"\" loading=\"lazy\" title=\"\"><\/div><\/div><\/div><\/div><\/div><\/div><div class=\"vc_col-sm-2 wpb_column vc_column_container\"><div class=\"vc_column-inner\"><div class=\"wpb_wrapper\"><\/div><\/div><\/div><div class=\"vc_col-sm-3 wpb_column vc_column_container wilfixed\"><div class=\"vc_column-inner\"><div class=\"wpb_wrapper\"><div class=\"w-vwrapper align_none valign_top us_custom_608ccab3\" style=\"--vwrapper-gap:0.7rem\"><div class=\"wpb_text_column us_custom_f2746f9a has_text_color\"><div class=\"wpb_wrapper\"><h5>Serviciile noastre<\/h5>\n<\/div><\/div><div class=\"w-btn-wrapper align_none\"><a class=\"w-btn us-btn-style_5\" href=\"https:\/\/www.aaxe.be\/pourquoi-choisir-aaxe\/nos-services\/nettoyage\/\"><span class=\"w-btn-label\">Cur\u0103\u021benie<\/span><\/a><\/div><div class=\"w-btn-wrapper align_none\"><a class=\"w-btn us-btn-style_5\" href=\"https:\/\/www.aaxe.be\/pourquoi-choisir-aaxe\/nos-services\/aide-menagere\/\"><span class=\"w-btn-label\">Ajutor menajer<\/span><\/a><\/div><div class=\"w-btn-wrapper align_none\"><a class=\"w-btn us-btn-style_5\" href=\"https:\/\/www.aaxe.be\/pourquoi-choisir-aaxe\/nos-services\/preparation-de-repas\/\"><span class=\"w-btn-label\">Preg\u0103tirea meselor<\/span><\/a><\/div><div class=\"w-btn-wrapper align_none\"><a class=\"w-btn us-btn-style_5\" href=\"https:\/\/www.aaxe.be\/pourquoi-choisir-aaxe\/nos-services\/centrales-de-repassage\/\"><span class=\"w-btn-label\">Centre de c\u0103lcat<\/span><\/a><\/div><div class=\"w-btn-wrapper align_none\"><a class=\"w-btn us-btn-style_5\" href=\"https:\/\/www.aaxe.be\/pourquoi-choisir-aaxe\/nos-services\/linge-couture-repassage\/\"><span class=\"w-btn-label\">Lenjerie , cusut, c\u0103lcat<\/span><\/a><\/div><\/div><\/div><\/div><\/div><\/div><\/div><\/section><section class=\"l-section wpb_row us_custom_5ddd5430 steps height_medium\"><div class=\"l-section-h i-cf\"><div class=\"g-cols vc_row via_flex valign_top type_default stacking_default\"><div class=\"vc_col-sm-12 wpb_column vc_column_container\"><div class=\"vc_column-inner\"><div class=\"wpb_wrapper\"><div class=\"w-iconbox iconpos_left style_default color_primary align_left icontype_img\"><div class=\"w-iconbox-icon\" style=\"font-size:75px;\"><img loading=\"lazy\" decoding=\"async\" width=\"59\" height=\"57\" src=\"https:\/\/www.aaxe.be\/wp-content\/uploads\/2025\/05\/2-100x100-1-e1747299730907.png\" class=\"attachment-full size-full\" alt=\"\" title=\"\"><\/div><div class=\"w-iconbox-meta\"><h3 class=\"w-iconbox-title\">Comanda\u021bi bilete pe h\u00e2rtie sau electronice.<\/h3><div class=\"w-iconbox-text\"><p><span>\u00cen func\u021bie de preferin\u021bele dvs., pute\u021bi comanda primele servicii noastre fie \u00een <\/span><strong>versiune pe h\u00e2rtie<\/strong><span> sau <\/span><strong>versiune electronic\u0103<\/strong><span>.<\/span><br \/>\n<span>V\u0103 pute\u021bi schimba alegerea din profilul dvs.<\/span><\/p>\n<\/div><\/div><\/div><\/div><\/div><\/div><\/div><\/div><\/section><section class=\"l-section wpb_row steps height_medium\"><div class=\"l-section-h i-cf\"><div class=\"g-cols vc_row via_flex valign_top type_default stacking_default\"><div class=\"vc_col-sm-12 wpb_column vc_column_container\"><div class=\"vc_column-inner\"><div class=\"wpb_wrapper\"><div class=\"w-iconbox iconpos_left style_default color_primary align_left icontype_img\"><div class=\"w-iconbox-icon\" style=\"font-size:75px;\"><img loading=\"lazy\" decoding=\"async\" width=\"59\" height=\"59\" src=\"https:\/\/www.aaxe.be\/wp-content\/uploads\/2025\/05\/3-100x100-1-e1747299767753.png\" class=\"attachment-full size-full\" alt=\"\" title=\"\"><\/div><div class=\"w-iconbox-meta\"><h3 class=\"w-iconbox-title\">Cere\u021bi-ne un ajutor menajer.<\/h3><div class=\"w-iconbox-text\"><p><strong>V\u0103 rug\u0103m s\u0103 ne contacta\u021bi:<\/strong><\/p>\n<ul>\n<li>Prin intermediul<span> <\/span><span style=\"text-decoration: underline;\"><a href=\"https:\/\/www.aaxe.be\/ro\/de-ce-sa-alegeti-aaxe\/\">formular online.<\/a><\/span><\/li>\n<li>Prin e-mail (<span style=\"text-decoration: underline;\"><a href=\"mailto:titres-services@aaxe.be\">titres-services@aaxe.be<\/a><\/span>)<\/li>\n<li>Prin telefon (<a title=\"Birourile noastre\" href=\"https:\/\/www.aaxe.be\/ro\/birourile-noastre\/\"><span style=\"text-decoration: underline;\">vezi Birourile noastre diferite<\/span><\/a>)<\/li>\n<\/ul>\n<p>V\u0103 ascult\u0103m nevoile \u0219i v\u0103 adapt\u0103m cererea la cerin\u021bele dumneavoastr\u0103: ziua preferat\u0103, num\u0103rul de ore, etc.<\/p>\n<\/div><\/div><\/div><\/div><\/div><\/div><\/div><\/div><\/section><section class=\"l-section wpb_row us_custom_5ddd5430 steps height_medium\"><div class=\"l-section-h i-cf\"><div class=\"g-cols vc_row via_flex valign_top type_default stacking_default\"><div class=\"vc_col-sm-12 wpb_column vc_column_container\"><div class=\"vc_column-inner\"><div class=\"wpb_wrapper\"><div class=\"w-iconbox iconpos_left style_default color_primary align_left icontype_img\"><div class=\"w-iconbox-icon\" style=\"font-size:75px;\"><img loading=\"lazy\" decoding=\"async\" width=\"59\" height=\"61\" src=\"https:\/\/www.aaxe.be\/wp-content\/uploads\/2025\/05\/4-100x100-1-e1747299787414.png\" class=\"attachment-full size-full\" alt=\"\" title=\"\"><\/div><div class=\"w-iconbox-meta\"><h3 class=\"w-iconbox-title\">Pentru a pl\u0103ti pentru orele lucrate \u00een timpul serviciului :<\/h3><div class=\"w-iconbox-text\"><ul>\n<li><strong>Vouchere electronice:<\/strong>Mai simplu de at\u00e2t nu se poate: noi codific\u0103m serviciile pentru dumneavoastr\u0103.<br \/>\nTot ce trebuie s\u0103 face\u021bi este s\u0103 le valida\u021bi.<\/li>\n<\/ul>\n<ul>\n<li><strong>Vouchere pe suport de h\u00e2rtie:<\/strong>Oferi\u021bi Ajutorului menajer at\u00e2tea vouchere de serviciu c\u00e2te ore a lucrat. (Reamintim: 1 or\u0103 = 1 voucher)<\/li>\n<\/ul>\n<\/div><\/div><\/div><\/div><\/div><\/div><\/div><\/div><\/section><section class=\"l-section wpb_row height_medium\" id=\"stop\"><div class=\"l-section-h i-cf\"><div class=\"g-cols vc_row via_flex valign_top type_default stacking_default\"><div class=\"vc_col-sm-12 wpb_column vc_column_container\"><div class=\"vc_column-inner\"><div class=\"wpb_wrapper\"><div class=\"wpb_text_column\"><div class=\"wpb_wrapper\"><h3>A se vedea \u0219i :<\/h3>\n<ul>\n<li><span style=\"text-decoration: underline;\"><a title=\"Avantajele\" href=\"https:\/\/www.aaxe.be\/ro\/de-ce-sa-alegeti-aaxe\/avantajele\/\" target=\"_blank\" rel=\"noopener\">Pre\u021burile biletelor \u00een func\u021bie de regiune.<\/a><\/span><\/li>\n<li><span style=\"text-decoration: underline;\"><a title=\"Ave\u021bi nevoie de o menajer\u0103?\" href=\"https:\/\/www.aaxe.be\/ro\/aveti-nevoie-de-o-menajera\/\" target=\"_blank\" rel=\"noopener\">Cerere de ajutor menajer (formular)<\/a><\/span><\/li>\n<\/ul>\n<\/div><\/div><\/div><\/div><\/div><\/div><\/div><\/section>\n","protected":false},"excerpt":{"rendered":"\u00cencepe-ti cu tichetele de servicii Acas\u0103Pagini\u00cenregistra\u021bi-v\u0103 la Sodexo \u00een func\u021bie de regiunea dumneavoastr\u0103.Dac\u0103 locui\u021bi \u00een regiune ... : Bruxelles: www.titre-service.brussels Walloon : www.titres-services.wallonie.be Flamand\u0103 : www.titres-services.flandre.be Face\u021bi clic pe ' \u00cenregistrare\" \u0219i urma\u021bi pa\u0219ii pentru \u00eenregistrare. &nbsp; Mai multe informa\u021bii despre Cum s\u0103 v\u0103 \u00eenregistra\u021bi pentru sistemul Service Cheques. Serviciile noastre Cur\u0103\u021benieAjutor menajerPreg\u0103tirea meselorCentre de...","protected":false},"author":1,"featured_media":4228,"parent":3921,"menu_order":2,"comment_status":"closed","ping_status":"closed","template":"","meta":{"_acf_changed":false,"footnotes":""},"class_list":["post-3806","page","type-page","status-publish","has-post-thumbnail","hentry"],"acf":[],"_links":{"self":[{"href":"https:\/\/www.aaxe.be\/ro\/wp-json\/wp\/v2\/pages\/3806","targetHints":{"allow":["GET"]}}],"collection":[{"href":"https:\/\/www.aaxe.be\/ro\/wp-json\/wp\/v2\/pages"}],"about":[{"href":"https:\/\/www.aaxe.be\/ro\/wp-json\/wp\/v2\/types\/page"}],"author":[{"embeddable":true,"href":"https:\/\/www.aaxe.be\/ro\/wp-json\/wp\/v2\/users\/1"}],"replies":[{"embeddable":true,"href":"https:\/\/www.aaxe.be\/ro\/wp-json\/wp\/v2\/comments?post=3806"}],"version-history":[{"count":9,"href":"https:\/\/www.aaxe.be\/ro\/wp-json\/wp\/v2\/pages\/3806\/revisions"}],"predecessor-version":[{"id":5331,"href":"https:\/\/www.aaxe.be\/ro\/wp-json\/wp\/v2\/pages\/3806\/revisions\/5331"}],"up":[{"embeddable":true,"href":"https:\/\/www.aaxe.be\/ro\/wp-json\/wp\/v2\/pages\/3921"}],"wp:featuredmedia":[{"embeddable":true,"href":"https:\/\/www.aaxe.be\/ro\/wp-json\/wp\/v2\/media\/4228"}],"wp:attachment":[{"href":"https:\/\/www.aaxe.be\/ro\/wp-json\/wp\/v2\/media?parent=3806"}],"curies":[{"name":"wp","href":"https:\/\/api.w.org\/{rel}","templated":true}]}}