{"id":3815,"date":"2025-04-22T11:58:35","date_gmt":"2025-04-22T09:58:35","guid":{"rendered":"https:\/\/aaxetitresservices.kinsta.cloud\/avantajele\/"},"modified":"2026-01-08T11:02:16","modified_gmt":"2026-01-08T10:02:16","slug":"avantajele","status":"publish","type":"page","link":"https:\/\/www.aaxe.be\/ro\/de-ce-sa-alegeti-aaxe\/avantajele\/","title":{"rendered":"Avantajele"},"content":{"rendered":"<section class=\"l-section wpb_row height_auto\"><div class=\"l-section-h i-cf\"><div class=\"g-cols vc_row via_flex valign_top type_default stacking_default\"><div class=\"vc_col-sm-12 wpb_column vc_column_container\"><div class=\"vc_column-inner\"><div class=\"wpb_wrapper\"><\/div><\/div><\/div><\/div><\/div><\/section><section class=\"l-section wpb_row us_custom_fb36e361 imgheader height_medium with_img\"><div class=\"l-section-img\" role=\"img\" aria-label=\"Imagine\" data-img-width=\"2560\" data-img-height=\"806\" style=\"background-image: url(https:\/\/www.aaxe.be\/wp-content\/uploads\/2025\/08\/advend-1-scaled.jpg);background-repeat: no-repeat;\"><\/div><div class=\"l-section-overlay\" style=\"background:linear-gradient(270deg, transparent 0%,rgba(54,54,54,0.3) 100%)\"><\/div><div class=\"l-section-h i-cf\"><div class=\"g-cols vc_row via_flex valign_bottom type_default stacking_default\"><div class=\"vc_col-sm-12 wpb_column vc_column_container\"><div class=\"vc_column-inner\"><div class=\"wpb_wrapper\"><div class=\"wpb_text_column us_custom_dcb699e1 has_text_color\"><div class=\"wpb_wrapper\"><h1>Care sunt avantajele<br \/>\nsistemului de tichete de servicii?<\/h1>\n<\/div><\/div><\/div><\/div><\/div><\/div><\/div><\/section><section class=\"l-section wpb_row us_custom_ac8bede8 height_auto\"><div class=\"l-section-h i-cf\"><div class=\"g-cols vc_row via_flex valign_top type_default stacking_default\"><div class=\"vc_col-sm-12 wpb_column vc_column_container\"><div class=\"vc_column-inner\"><div class=\"wpb_wrapper\"><nav class=\"g-breadcrumbs separator_icon align_none\" itemscope itemtype=\"http:\/\/schema.org\/BreadcrumbList\"><div class=\"g-breadcrumbs-item\" itemscope itemprop=\"itemListElement\" itemtype=\"http:\/\/schema.org\/ListItem\"><a itemprop=\"item\" href=\"https:\/\/www.aaxe.be\/ro\/\"><span itemprop=\"name\">Acas\u0103<\/span><\/a><meta itemprop=\"position\" content=\"1\"\/><\/div><div class=\"g-breadcrumbs-separator\"><i class=\"fas fa-circle\"><\/i><\/div><div class=\"g-breadcrumbs-item\">Pagini<\/div><\/nav><\/div><\/div><\/div><\/div><\/div><\/section><section class=\"l-section wpb_row us_custom_e11ab399 height_medium\"><div class=\"l-section-h i-cf\"><div class=\"g-cols vc_row via_flex valign_top type_default stacking_default\"><div class=\"vc_col-sm-6 vc_col-lg-5 vc_col-md-5 vc_col-xs-12 wpb_column vc_column_container\"><div class=\"vc_column-inner\"><div class=\"wpb_wrapper\"><div class=\"wpb_text_column tagtext left\"><div class=\"wpb_wrapper\"><p style=\"text-align: left;\">Avantajele<\/p>\n<\/div><\/div><div class=\"w-separator size_small\"><\/div><div class=\"wpb_text_column us_custom_9eee4631\"><div class=\"wpb_wrapper\"><h2 style=\"text-align: left;\">Care sunt <strong>avantajele?<\/strong><\/h2>\n<\/div><\/div><div class=\"w-separator size_small\"><\/div><div class=\"wpb_text_column\"><div class=\"wpb_wrapper\"><p>Pentru fiecare or\u0103 lucrat\u0103, pl\u0103ti\u021bi un tichet de serviciu. Legea prevede un minim de 3 ore pentru fiecare interven\u021bie de ajutor menajer.<\/p>\n<p>Mamele care desf\u0103\u0219oar\u0103 o activitate independent\u0103 beneficiaz\u0103 de urm\u0103toarele presta\u021bii de maternitate<span> <\/span><strong><span>105 Servicii noastre<\/span><\/strong><span> <\/span>gratuit de la fondul lor de asigur\u0103ri sociale.<\/p>\n<p><strong>Avantajul fiscal variaz\u0103 de la regiune la regiune.<\/strong><\/p>\n<\/div><\/div><div class=\"w-separator size_small\"><\/div><div class=\"w-btn-wrapper align_none\"><a class=\"w-btn us-btn-style_2\" href=\"https:\/\/www.aaxe.be\/ro\/aveti-nevoie-de-o-menajera\/\"><span class=\"w-btn-label\">Deveni\u021bi clientul nostru<\/span><\/a><\/div><\/div><\/div><\/div><div class=\"vc_col-sm-1 vc_hidden-sm vc_hidden-xs wpb_column vc_column_container\"><div class=\"vc_column-inner\"><div class=\"wpb_wrapper\"><\/div><\/div><\/div><div class=\"vc_col-sm-6 vc_col-lg-6 vc_col-md-6 vc_col-xs-12 wpb_column vc_column_container imagesliderheight\"><div class=\"vc_column-inner us_custom_976292b0\"><div class=\"wpb_wrapper\"><div class=\"w-slider style_none fit_cover nav_dots count_4\"><div class=\"w-slider-h\" aria-hidden=\"true\"><div class=\"royalSlider\"><div class=\"rsContent\"><a class=\"rsImg\" data-rsw=\"2000\" data-rsh=\"1387\" href=\"https:\/\/www.aaxe.be\/wp-content\/uploads\/2025\/04\/IMGL8388.jpg\"><span data-alt=\"\"><\/span><\/a><\/div><div class=\"rsContent\"><a class=\"rsImg\" data-rsw=\"2000\" data-rsh=\"1701\" href=\"https:\/\/www.aaxe.be\/wp-content\/uploads\/2025\/04\/IMGL8334.jpg\"><span data-alt=\"\"><\/span><\/a><\/div><div class=\"rsContent\"><a class=\"rsImg\" data-rsw=\"2000\" data-rsh=\"1389\" href=\"https:\/\/www.aaxe.be\/wp-content\/uploads\/2025\/04\/IMGL8068-Modifier.jpg\"><span data-alt=\"\"><\/span><\/a><\/div><div class=\"rsContent\"><a class=\"rsImg\" data-rsw=\"2000\" data-rsh=\"1479\" href=\"https:\/\/www.aaxe.be\/wp-content\/uploads\/2025\/04\/IMGL8490.jpg\"><span data-alt=\"\"><\/span><\/a><\/div><\/div><img decoding=\"async\" src=\"https:\/\/www.aaxe.be\/wp-content\/uploads\/2025\/04\/IMGL8388.jpg\" width=\"2000\" height=\"1387\" loading=\"lazy\" alt=\"\" title=\"\"><\/div><div class=\"w-slider-json\" onclick='return {&quot;autoScaleSlider&quot;:true,&quot;addActiveClass&quot;:true,&quot;loop&quot;:true,&quot;fadeInLoadedSlide&quot;:false,&quot;slidesSpacing&quot;:0,&quot;imageScalePadding&quot;:0,&quot;numImagesToPreload&quot;:2,&quot;arrowsNav&quot;:false,&quot;arrowsNavAutoHide&quot;:false,&quot;transitionType&quot;:&quot;move&quot;,&quot;transitionSpeed&quot;:250,&quot;block&quot;:{&quot;moveEffect&quot;:&quot;none&quot;,&quot;speed&quot;:300},&quot;thumbs&quot;:{&quot;fitInViewport&quot;:false,&quot;firstMargin&quot;:false,&quot;spacing&quot;:4},&quot;controlNavigation&quot;:&quot;bullets&quot;,&quot;autoplay&quot;:{&quot;enabled&quot;:true,&quot;pauseOnHover&quot;:true,&quot;delay&quot;:3000},&quot;autoScaleSliderWidth&quot;:2000,&quot;autoScaleSliderHeight&quot;:1387}'><\/div><\/div><\/div><\/div><\/div><\/div><\/div><\/section><section class=\"l-section wpb_row height_medium\"><div class=\"l-section-h i-cf\"><div class=\"g-cols vc_row via_flex valign_top type_default stacking_default\"><div class=\"vc_col-sm-9 wpb_column vc_column_container\"><div class=\"vc_column-inner\"><div class=\"wpb_wrapper\"><div class=\"wpb_text_column tagtext left\"><div class=\"wpb_wrapper\"><p style=\"text-align: left;\">Ave\u021bi \u00eentreb\u0103ri?<\/p>\n<\/div><\/div><div class=\"w-separator size_small\"><\/div><div class=\"wpb_text_column us_custom_9eee4631\"><div class=\"wpb_wrapper\"><h2 style=\"text-align: left;\">C\u00e2t <strong>cost\u0103 un voucher de serviciu?<\/strong><\/h2>\n<\/div><\/div><div class=\"w-separator size_small\"><\/div><div class=\"w-btn-wrapper align_none\"><a class=\"w-btn us-btn-style_2\" href=\"https:\/\/www.aaxe.be\/ro\/de-ce-sa-alegeti-aaxe\/serviciile-noastre\/\"><span class=\"w-btn-label\">Serviciile noastre<\/span><\/a><\/div><div class=\"w-separator size_medium\"><\/div><div class=\"w-tabs us_custom_b5598487 style_default switch_click accordion type_togglable has_scrolling remove_indents\" style=\"--sections-title-size:inherit\"><div class=\"w-tabs-sections titles-align_none icon_chevron cpos_right\"><div class=\"w-tabs-section active\" id=\"yf6c\" itemscope itemprop=\"mainEntity\" itemtype=\"https:\/\/schema.org\/Question\"><button class=\"w-tabs-section-header active\" aria-controls=\"content-yf6c\" aria-expanded=\"true\"><h3 class=\"w-tabs-section-title\" itemprop=\"name\">\u00cen Bruxelles<\/h3><div class=\"w-tabs-section-control\"><\/div><\/button><div  class=\"w-tabs-section-content\" id=\"content-yf6c\" itemscope itemprop=\"acceptedAnswer\" itemtype=\"https:\/\/schema.org\/Answer\"><div class=\"w-tabs-section-content-h i-cf\" itemprop=\"text\"><div class=\"wpb_text_column\"><div class=\"wpb_wrapper\"><h3>Serviciile noastre \u00een Bruxelles<\/h3>\n<h5 class=\"no_stripe\"><span><strong>Ca utilizator<\/strong><\/span><\/h5>\n<p>Pute\u021bi comanda <strong>un num\u0103r maxim de 500 de Servicii noastre<\/strong> pe an calendaristic, la pre\u021bul de :<\/p>\n<ul>\n<li>11,40\u20ac pentru primele 300 de ac\u021biuni achizi\u021bionate \u00een 2025<\/li>\n<li>14,00\u20ac pentru urm\u0103toarele 200<\/li>\n<\/ul>\n<h5 class=\"no_stripe\"><span>Ca o gospod\u0103rie<\/span><\/h5>\n<p>Gospod\u0103ria include toate persoanele \u00eenregistrate la adresa dumneavoastr\u0103.<br \/>\nPute\u021bi comanda <strong>maximum 1000 de servicii noastre<\/strong> pe an:<\/p>\n<ul>\n<li>11.40\u20ac pentru primele 600 de titluri<\/li>\n<li>14,00\u20ac pentru urm\u0103toarele 400<\/li>\n<\/ul>\n<p>Aceste pre\u021buri se aplic\u0103 indiferent de membrul familiei care efectueaz\u0103 comanda.<\/p>\n<\/div><\/div><div class=\"w-separator size_medium\"><\/div><div class=\"wpb_text_column us_custom_25b9763b\"><div class=\"wpb_wrapper\"><h5><strong>Despre deducerea fiscal\u0103<\/strong><\/h5>\n<p><strong data-start=\"58\" data-end=\"79\">Deducere fiscal\u0103:<\/strong> <strong data-start=\"80\" data-end=\"116\" data-is-last-node=\"\" data-is-only-node=\"\">eliminat\u0103 \u00eencep\u00e2nd cu anul 2026.<\/strong><\/p>\n<p>2025 : Dac\u0103 adresa dvs. principal\u0103 este \u00eenregistrat\u0103 \u00een Bruxelles, beneficia\u021bi (ca utilizator sau gospod\u0103rie) de o <strong>reducere fiscal\u0103 de 15%<\/strong><strong>pentru primele 172 de tichete de servicii<\/strong> pe persoan\u0103. Aceasta \u00eenseamn\u0103 o economie de 1,53 EUR per tichet: \u00een loc de 10,20 EUR, ve\u021bi pl\u0103ti<strong>8<\/strong> <strong>,67<\/strong><strong>EUR<\/strong> pentru aceste tichete.<\/p>\n<\/div><\/div><\/div><\/div><\/div><div class=\"w-tabs-section active\" id=\"b241\" itemscope itemprop=\"mainEntity\" itemtype=\"https:\/\/schema.org\/Question\"><button class=\"w-tabs-section-header active\" aria-controls=\"content-b241\" aria-expanded=\"true\"><h3 class=\"w-tabs-section-title\" itemprop=\"name\">\u00cen Flandra<\/h3><div class=\"w-tabs-section-control\"><\/div><\/button><div  class=\"w-tabs-section-content\" id=\"content-b241\" itemscope itemprop=\"acceptedAnswer\" itemtype=\"https:\/\/schema.org\/Answer\"><div class=\"w-tabs-section-content-h i-cf\" itemprop=\"text\"><div class=\"wpb_text_column\"><div class=\"wpb_wrapper\"><h3>Cupoane de servicii \u00een Flandra<\/h3>\n<h5><strong>Ca utilizator<\/strong><\/h5>\n<p>Pute\u021bi comanda <strong>un num\u0103r maxim de 500 de Servicii noastre<\/strong> pe an calendaristic, la pre\u021bul de :<\/p>\n<ul>\n<li>10.00\u20ac pentru primele 400 de titluri<\/li>\n<li>11.00\u20ac pentru urm\u0103toarele 100<\/li>\n<\/ul>\n<h5><strong>Ca o gospod\u0103rie<\/strong><\/h5>\n<p>Gospod\u0103ria include toate persoanele \u00eenregistrate la adresa dumneavoastr\u0103. Pute\u021bi comanda <strong>un num\u0103r maxim de 1<\/strong><strong>000 de Servicii noastre<\/strong> pe an:<\/p>\n<ul>\n<li>10.00\u20ac pentru primele 800 de titluri<\/li>\n<li>11.00\u20ac pentru urm\u0103toarele 200<\/li>\n<\/ul>\n<p>Aceste pre\u021buri se aplic\u0103 indiferent de membrul familiei care efectueaz\u0103 comanda.<\/p>\n<\/div><\/div><div class=\"w-separator size_medium\"><\/div><div class=\"wpb_text_column us_custom_25b9763b\"><div class=\"wpb_wrapper\"><h5><strong>Despre deducerea fiscal\u0103<\/strong><\/h5>\n<p>Adresa dumneavoastr\u0103 principal\u0103 (\u00eenregistrat\u0103 \u00een registrul popula\u021biei) se afl\u0103 \u00een Regiunea Flamand\u0103?<\/p>\n<ul>\n<li>Pentru Serviciile noastre achizi\u021bionate p\u00e2n\u0103 la 31 decembrie 2024, beneficia\u021bi \u00een continuare de o <strong>reducere a impozitului de <\/strong><strong>1<\/strong><strong>,80<\/strong><strong>EUR<\/strong> per bon de servicii, valabil\u0103 pentru <strong>primele 198 de bonuri<\/strong> de persoan\u0103, adic\u0103 un cost net de<strong> 7<\/strong><strong>,20<\/strong><strong>EUR<\/strong>.<\/li>\n<li>\u00cencep\u00e2nd <strong>cu 1\u1d49\u02b3<\/strong><strong>ianuarie 2025<\/strong>, avantajul fiscal este <strong>eliminat<\/strong>, astfel \u00eenc\u00e2t, de atunci \u00eencolo, <strong>tichetul de serviciu cost\u0103 <\/strong><strong>10 EUR<\/strong>.<\/li>\n<\/ul>\n<\/div><\/div><\/div><\/div><\/div><div class=\"w-tabs-section active\" id=\"f509\" itemscope itemprop=\"mainEntity\" itemtype=\"https:\/\/schema.org\/Question\"><button class=\"w-tabs-section-header active\" aria-controls=\"content-f509\" aria-expanded=\"true\"><h3 class=\"w-tabs-section-title\" itemprop=\"name\">\u00cen Valonia<\/h3><div class=\"w-tabs-section-control\"><\/div><\/button><div  class=\"w-tabs-section-content\" id=\"content-f509\" itemscope itemprop=\"acceptedAnswer\" itemtype=\"https:\/\/schema.org\/Answer\"><div class=\"w-tabs-section-content-h i-cf\" itemprop=\"text\"><div class=\"wpb_text_column\"><div class=\"wpb_wrapper\"><h3>Serviciile noastre \u00een Valonia<\/h3>\n<h5><strong>Ca utilizator<\/strong><\/h5>\n<p>Pute\u021bi comanda <strong>un num\u0103r maxim de 500 de Servicii noastre<\/strong> pe an calendaristic, la pre\u021bul de :<\/p>\n<ul>\n<li>10.40\u20ac pentru primele 175 de titluri<\/li>\n<li>11.40\u20ac pentru 176\u1d49 p\u00e2n\u0103 la 400\u1d49 titluri<\/li>\n<li>12,40\u20ac pentru titlurile 401\u1d49 p\u00e2n\u0103 la 500\u1d49<\/li>\n<\/ul>\n<h5><strong>Ca o gospod\u0103rie<\/strong><\/h5>\n<p>Gospod\u0103ria include toate persoanele \u00eenregistrate la adresa dumneavoastr\u0103. Pute\u021bi comanda <strong>un num\u0103r maxim de 1<\/strong><strong>000 de Servicii noastre<\/strong> pe an:<\/p>\n<ul>\n<li>10.20\u20ac pentru primele 350 de titluri<\/li>\n<li>11,20\u20ac pentru 351\u1d49 p\u00e2n\u0103 la 800\u1d49 ac\u021biuni<\/li>\n<li>12,20\u20ac pentru 801\u1d49 p\u00e2n\u0103 la 1.000\u1d49 ac\u021biuni<\/li>\n<\/ul>\n<p>Aceste pre\u021buri se aplic\u0103 indiferent de membrul familiei care efectueaz\u0103 comanda.<\/p>\n<h5><strong>Cotele specifice<\/strong><\/h5>\n<p>Urm\u0103toarele categorii (familii monoparentale, persoane \u00een v\u00e2rst\u0103 sau cu handicap) pot comanda <strong>p\u00e2n\u0103 la 2<\/strong><strong>000 de tichete de servicii pe an<\/strong>, toate la pre\u021bul de <strong>10<\/strong><strong>,40<\/strong><strong>EUR<\/strong>.<\/p>\n<\/div><\/div><div class=\"w-separator size_medium\"><\/div><div class=\"wpb_text_column us_custom_25b9763b\"><div class=\"wpb_wrapper\"><h5><strong>Despre deducerea fiscal\u0103<\/strong><\/h5>\n<p>Adresa dvs. principal\u0103 se afl\u0103 \u00een Regiunea Valon\u0103? Dumneavoastr\u0103 (ca utilizator sau gospod\u0103rie) beneficia\u021bi de o <strong>reducere fiscal\u0103 de <\/strong><strong>9%<\/strong> pentru <strong>primele 150 de tichete de servicii<\/strong> pe persoan\u0103, adic\u0103 <strong>0,90 \u20ac<\/strong> pe tichet.<br \/>\n=&gt; Pentru un tichet anun\u021bat la 10,40 \u20ac, ve\u021bi pl\u0103ti doar<strong> 9,50<\/strong><strong>\u20ac<\/strong> dup\u0103 deducerea fiscal\u0103.<\/p>\n<\/div><\/div><\/div><\/div><\/div><\/div><\/div><\/div><\/div><\/div><div class=\"vc_col-sm-3 wpb_column vc_column_container\"><div class=\"vc_column-inner\"><div class=\"wpb_wrapper\"><\/div><\/div><\/div><\/div><\/div><\/section>\n","protected":false},"excerpt":{"rendered":"Care sunt avantajele sistemului de tichete de servicii? Acas\u0103PaginiAvantajele Care sunt avantajele? Pentru fiecare or\u0103 lucrat\u0103, pl\u0103ti\u021bi un tichet de serviciu. Legea prevede un minim de 3 ore pentru fiecare interven\u021bie de ajutor menajer. Mamele care desf\u0103\u0219oar\u0103 o activitate independent\u0103 beneficiaz\u0103 de urm\u0103toarele presta\u021bii de maternitate 105 Servicii noastre gratuit de la fondul lor de...","protected":false},"author":1,"featured_media":4246,"parent":3921,"menu_order":1,"comment_status":"closed","ping_status":"closed","template":"","meta":{"_acf_changed":false,"footnotes":""},"class_list":["post-3815","page","type-page","status-publish","has-post-thumbnail","hentry"],"acf":[],"_links":{"self":[{"href":"https:\/\/www.aaxe.be\/ro\/wp-json\/wp\/v2\/pages\/3815","targetHints":{"allow":["GET"]}}],"collection":[{"href":"https:\/\/www.aaxe.be\/ro\/wp-json\/wp\/v2\/pages"}],"about":[{"href":"https:\/\/www.aaxe.be\/ro\/wp-json\/wp\/v2\/types\/page"}],"author":[{"embeddable":true,"href":"https:\/\/www.aaxe.be\/ro\/wp-json\/wp\/v2\/users\/1"}],"replies":[{"embeddable":true,"href":"https:\/\/www.aaxe.be\/ro\/wp-json\/wp\/v2\/comments?post=3815"}],"version-history":[{"count":4,"href":"https:\/\/www.aaxe.be\/ro\/wp-json\/wp\/v2\/pages\/3815\/revisions"}],"predecessor-version":[{"id":5307,"href":"https:\/\/www.aaxe.be\/ro\/wp-json\/wp\/v2\/pages\/3815\/revisions\/5307"}],"up":[{"embeddable":true,"href":"https:\/\/www.aaxe.be\/ro\/wp-json\/wp\/v2\/pages\/3921"}],"wp:featuredmedia":[{"embeddable":true,"href":"https:\/\/www.aaxe.be\/ro\/wp-json\/wp\/v2\/media\/4246"}],"wp:attachment":[{"href":"https:\/\/www.aaxe.be\/ro\/wp-json\/wp\/v2\/media?parent=3815"}],"curies":[{"name":"wp","href":"https:\/\/api.w.org\/{rel}","templated":true}]}}