{"id":3921,"date":"2025-04-22T11:58:00","date_gmt":"2025-04-22T09:58:00","guid":{"rendered":"https:\/\/aaxetitresservices.kinsta.cloud\/de-ce-sa-alegeti-aaxe\/"},"modified":"2025-08-04T13:11:58","modified_gmt":"2025-08-04T11:11:58","slug":"de-ce-sa-alegeti-aaxe","status":"publish","type":"page","link":"https:\/\/www.aaxe.be\/ro\/de-ce-sa-alegeti-aaxe\/","title":{"rendered":"De ce s\u0103 alege\u021bi Aaxe?"},"content":{"rendered":"<section class=\"l-section wpb_row height_auto\"><div class=\"l-section-h i-cf\"><div class=\"g-cols vc_row via_flex valign_top type_default stacking_default\"><div class=\"vc_col-sm-12 wpb_column vc_column_container\"><div class=\"vc_column-inner\"><div class=\"wpb_wrapper\"><\/div><\/div><\/div><\/div><\/div><\/section><section class=\"l-section wpb_row us_custom_fb36e361 imgheader height_medium with_img\"><div class=\"l-section-img\" role=\"img\" aria-label=\"Imagine\" data-img-width=\"2560\" data-img-height=\"1016\" style=\"background-image: url(https:\/\/www.aaxe.be\/wp-content\/uploads\/2025\/04\/large_IMGL7798-scaled.jpg);background-repeat: no-repeat;\"><\/div><div class=\"l-section-overlay\" style=\"background:linear-gradient(270deg, transparent 0%,rgba(54,54,54,0.3) 100%)\"><\/div><div class=\"l-section-h i-cf\"><div class=\"g-cols vc_row via_flex valign_bottom type_default stacking_default\"><div class=\"vc_col-sm-12 wpb_column vc_column_container\"><div class=\"vc_column-inner\"><div class=\"wpb_wrapper\"><div class=\"wpb_text_column us_custom_dcb699e1 has_text_color\"><div class=\"wpb_wrapper\"><h1>Bine a\u021bi venit la<br \/>\nAaxe Titres-Services<\/h1>\n<\/div><\/div><\/div><\/div><\/div><\/div><\/div><\/section><section class=\"l-section wpb_row us_custom_ac8bede8 height_auto\"><div class=\"l-section-h i-cf\"><div class=\"g-cols vc_row via_flex valign_top type_default stacking_default\"><div class=\"vc_col-sm-12 wpb_column vc_column_container\"><div class=\"vc_column-inner\"><div class=\"wpb_wrapper\"><nav class=\"g-breadcrumbs separator_icon align_none\" itemscope itemtype=\"http:\/\/schema.org\/BreadcrumbList\"><div class=\"g-breadcrumbs-item\" itemscope itemprop=\"itemListElement\" itemtype=\"http:\/\/schema.org\/ListItem\"><a itemprop=\"item\" href=\"https:\/\/www.aaxe.be\/ro\/\"><span itemprop=\"name\">Acas\u0103<\/span><\/a><meta itemprop=\"position\" content=\"1\"\/><\/div><div class=\"g-breadcrumbs-separator\"><i class=\"fas fa-circle\"><\/i><\/div><div class=\"g-breadcrumbs-item\">Pagini<\/div><\/nav><\/div><\/div><\/div><\/div><\/div><\/section><section class=\"l-section wpb_row us_custom_e11ab399 height_medium\"><div class=\"l-section-h i-cf\"><div class=\"g-cols vc_row via_flex valign_top type_default stacking_default\"><div class=\"vc_col-sm-6 vc_col-lg-5 vc_col-md-5 vc_col-xs-12 wpb_column vc_column_container\"><div class=\"vc_column-inner\"><div class=\"wpb_wrapper\"><div class=\"wpb_text_column tagtext left\"><div class=\"wpb_wrapper\"><p style=\"text-align: left;\">De ce s\u0103 utiliza\u021bi Aaxe Titres-Services?<\/p>\n<\/div><\/div><div class=\"w-separator size_small\"><\/div><div class=\"wpb_text_column us_custom_9eee4631\"><div class=\"wpb_wrapper\"><h2 style=\"text-align: left;\">6 motive s\u0103<strong> v\u0103 \u00eencredin\u021ba\u021bi treburile casnice lui Aaxe Titres-Services<\/strong>.<\/h2>\n<\/div><\/div><div class=\"w-separator size_small\"><\/div><div class=\"wpb_text_column\"><div class=\"wpb_wrapper\"><p style=\"text-align: left;\">A alege Aaxe \u00eenseamn\u0103 a opta pentru un serviciu de cur\u0103\u021benie \u0219i c\u0103lcat de \u00eencredere, eficient \u0219i adaptat nevoilor dumneavoastr\u0103. Afla\u021bi de ce mii de clien\u021bi au \u00eencredere \u00een noi \u00een fiecare zi.<\/p>\n<\/div><\/div><div class=\"w-separator size_small\"><\/div><div class=\"w-btn-wrapper align_none\"><a class=\"w-btn us-btn-style_2\" href=\"https:\/\/www.aaxe.be\/ro\/de-ce-sa-alegeti-aaxe\/serviciile-noastre\/\"><span class=\"w-btn-label\">Serviciile noastre<\/span><\/a><\/div><div class=\"w-btn-wrapper align_none\"><a class=\"w-btn us-btn-style_1\" href=\"https:\/\/www.aaxe.be\/ro\/de-ce-sa-alegeti-aaxe\/\"><span class=\"w-btn-label\">Deveni\u021bi clientul nostru<\/span><\/a><\/div><\/div><\/div><\/div><div class=\"vc_col-sm-1 vc_hidden-sm vc_hidden-xs wpb_column vc_column_container\"><div class=\"vc_column-inner\"><div class=\"wpb_wrapper\"><\/div><\/div><\/div><div class=\"vc_col-sm-6 vc_col-lg-6 vc_col-md-6 vc_col-xs-12 wpb_column vc_column_container imagesliderheight\"><div class=\"vc_column-inner us_custom_976292b0\"><div class=\"wpb_wrapper\"><div class=\"w-slider style_none fit_cover nav_dots count_3\"><div class=\"w-slider-h\" aria-hidden=\"true\"><div class=\"royalSlider\"><div class=\"rsContent\"><a class=\"rsImg\" data-rsw=\"2560\" data-rsh=\"1707\" href=\"https:\/\/www.aaxe.be\/wp-content\/uploads\/2025\/04\/IMGL7798-2-scaled.jpg\"><span data-alt=\"\"><\/span><\/a><\/div><div class=\"rsContent\"><a class=\"rsImg\" data-rsw=\"2560\" data-rsh=\"1707\" href=\"https:\/\/www.aaxe.be\/wp-content\/uploads\/2025\/04\/IMGL7568-2-scaled.jpg\"><span data-alt=\"\"><\/span><\/a><\/div><div class=\"rsContent\"><a class=\"rsImg\" data-rsw=\"2560\" data-rsh=\"1707\" href=\"https:\/\/www.aaxe.be\/wp-content\/uploads\/2025\/04\/IMGL7926-2-scaled.jpg\"><span data-alt=\"\"><\/span><\/a><\/div><\/div><img decoding=\"async\" src=\"https:\/\/www.aaxe.be\/wp-content\/uploads\/2025\/04\/IMGL7798-2-scaled.jpg\" width=\"2560\" height=\"1707\" loading=\"lazy\" alt=\"\" title=\"\"><\/div><div class=\"w-slider-json\" onclick='return {&quot;autoScaleSlider&quot;:true,&quot;addActiveClass&quot;:true,&quot;loop&quot;:true,&quot;fadeInLoadedSlide&quot;:false,&quot;slidesSpacing&quot;:0,&quot;imageScalePadding&quot;:0,&quot;numImagesToPreload&quot;:2,&quot;arrowsNav&quot;:false,&quot;arrowsNavAutoHide&quot;:false,&quot;transitionType&quot;:&quot;move&quot;,&quot;transitionSpeed&quot;:250,&quot;block&quot;:{&quot;moveEffect&quot;:&quot;none&quot;,&quot;speed&quot;:300},&quot;thumbs&quot;:{&quot;fitInViewport&quot;:false,&quot;firstMargin&quot;:false,&quot;spacing&quot;:4},&quot;controlNavigation&quot;:&quot;bullets&quot;,&quot;autoplay&quot;:{&quot;enabled&quot;:true,&quot;pauseOnHover&quot;:true,&quot;delay&quot;:3000},&quot;autoScaleSliderWidth&quot;:2560,&quot;autoScaleSliderHeight&quot;:1707}'><\/div><\/div><\/div><\/div><\/div><\/div><\/div><\/section><section class=\"l-section wpb_row greyiconboxes height_large\"><div class=\"l-section-h i-cf\"><div class=\"g-cols vc_row via_flex valign_top type_default stacking_default\" style=\"--additional-gap:5px;\"><div class=\"vc_col-sm-6 vc_col-lg-4 vc_col-md-4 vc_col-xs-12 wpb_column vc_column_container\"><div class=\"vc_column-inner\"><div class=\"wpb_wrapper\"><div class=\"w-iconbox iconpos_top style_circle color_custom align_left\"><div class=\"w-iconbox-icon\" style=\"font-size:40px;--icon-color:#6A2383;--icon-bg-color:var(--color-lavender-custom);\"><i class=\"fal fa-star\"><\/i><\/div><div class=\"w-iconbox-meta\"><h5 class=\"w-iconbox-title\"><span>1<\/span> Ajutor casnicexperimentat \u0219i de \u00eencredere<\/h5><div class=\"w-iconbox-text\"><p>Ajutoarele noastre menajere sunt selectate pentru expertiza lor \u0219i beneficiaz\u0103 de formare continu\u0103. Profesionalismul lor este confirmat de satisfac\u021bia clien\u021bilor no\u0219tri.<\/p>\n<\/div><\/div><\/div><\/div><\/div><\/div><div class=\"vc_col-sm-6 vc_col-lg-4 vc_col-md-4 vc_col-xs-12 wpb_column vc_column_container\"><div class=\"vc_column-inner\"><div class=\"wpb_wrapper\"><div class=\"w-iconbox iconpos_top style_circle color_custom align_left\"><div class=\"w-iconbox-icon\" style=\"font-size:40px;--icon-color:#6A2383;--icon-bg-color:var(--color-lavender-custom);\"><i class=\"fal fa-users-class\"><\/i><\/div><div class=\"w-iconbox-meta\"><h5 class=\"w-iconbox-title\"><span>2<\/span> Formare continu\u0103 \u0219i perfec\u021bionare<\/h5><div class=\"w-iconbox-text\"><p>Fiec\u0103rui ajutor casnic i se ofer\u0103 un program complet de formare (tehnici de Cur\u0103\u021benie, ergonomie \u0219i c\u0103lcat) atunci c\u00e2nd \u00eencepe s\u0103 lucreze. De asemenea, organiz\u0103m periodic cursuri de perfec\u021bionare.<\/p>\n<\/div><\/div><\/div><\/div><\/div><\/div><div class=\"vc_col-sm-6 vc_col-lg-4 vc_col-md-4 vc_col-xs-12 wpb_column vc_column_container\"><div class=\"vc_column-inner\"><div class=\"wpb_wrapper\"><div class=\"w-iconbox iconpos_top style_circle color_custom align_left\"><div class=\"w-iconbox-icon\" style=\"font-size:40px;--icon-color:#6A2383;--icon-bg-color:var(--color-lavender-custom);\"><i class=\"fal fa-shield-check\"><\/i><\/div><div class=\"w-iconbox-meta\"><h5 class=\"w-iconbox-title\"><span>3<\/span> Siguran\u021b\u0103 \u0219i asigurare garantate<\/h5><div class=\"w-iconbox-text\"><p>Pentru lini\u0219tea dumneavoastr\u0103, ajutoarele noastre menajere sunt asigurate \u00eempotriva accidentelor de munc\u0103 \u0219i a oric\u0103ror daune.<\/p>\n<\/div><\/div><\/div><\/div><\/div><\/div><div class=\"vc_col-sm-6 vc_col-lg-4 vc_col-md-4 vc_col-xs-12 wpb_column vc_column_container\"><div class=\"vc_column-inner\"><div class=\"wpb_wrapper\"><div class=\"w-iconbox iconpos_top style_circle color_custom align_left\"><div class=\"w-iconbox-icon\" style=\"font-size:40px;--icon-color:#6A2383;--icon-bg-color:var(--color-lavender-custom);\"><i class=\"fal fa-ear\"><\/i><\/div><div class=\"w-iconbox-meta\"><h5 class=\"w-iconbox-title\"><span>4<\/span> Un serviciu personalizat, atent<\/h5><div class=\"w-iconbox-text\"><p>Ne adapt\u0103m Serviciile noastre la nevoile dvs. specifice. Pute\u021bi conta pe noi pentru a v\u0103 oferi sprijin uman \u0219i receptiv pe tot parcursul colabor\u0103rii noastre.<\/p>\n<\/div><\/div><\/div><\/div><\/div><\/div><div class=\"vc_col-sm-6 vc_col-lg-4 vc_col-md-4 vc_col-xs-12 wpb_column vc_column_container\"><div class=\"vc_column-inner\"><div class=\"wpb_wrapper\"><div class=\"w-iconbox iconpos_top style_circle color_custom align_left\"><div class=\"w-iconbox-icon\" style=\"font-size:40px;--icon-color:#6A2383;--icon-bg-color:var(--color-lavender-custom);\"><i class=\"fal fa-sitemap\"><\/i><\/div><div class=\"w-iconbox-meta\"><h5 class=\"w-iconbox-title\"><span>5<\/span> Organizare riguroas\u0103 \u0219i asisten\u021b\u0103 personalizat\u0103<\/h5><div class=\"w-iconbox-text\"><p>Vi se va repartiza un ajutor casnic. \u00cen caz de absen\u021b\u0103, se ofer\u0103 un \u00eenlocuitor calificat pentru a asigura continuitatea serviciului.<\/p>\n<\/div><\/div><\/div><\/div><\/div><\/div><div class=\"vc_col-sm-6 vc_col-lg-4 vc_col-md-4 vc_col-xs-12 wpb_column vc_column_container\"><div class=\"vc_column-inner\"><div class=\"wpb_wrapper\"><div class=\"w-iconbox iconpos_top style_circle color_custom align_left\"><div class=\"w-iconbox-icon\" style=\"font-size:40px;--icon-color:#6A2383;--icon-bg-color:var(--color-lavender-custom);\"><i class=\"fal fa-lightbulb-on\"><\/i><\/div><div class=\"w-iconbox-meta\"><h5 class=\"w-iconbox-title\"><span>6<\/span> Motivarea \u0219i angajamentul echipelor noastre<\/h5><div class=\"w-iconbox-text\"><p>Remunera\u021bia echitabil\u0103 \u0219i monitorizarea regulat\u0103 \u00eencurajeaz\u0103 angajamentul ajutoarelor noastre menajere, care sunt \u00eentotdeauna punctuale \u0219i motivate.<\/p>\n<\/div><\/div><\/div><\/div><\/div><\/div><\/div><\/div><\/section>\n<section class=\"l-section wpb_row height_auto width_full\"><div class=\"l-section-h i-cf\"><div class=\"g-cols vc_row via_flex valign_top type_default stacking_default\"><div class=\"vc_col-sm-12 wpb_column vc_column_container\"><div class=\"vc_column-inner\"><div class=\"wpb_wrapper\"><div class=\"w-image us_custom_2d9ebfef align_none\"><div class=\"w-image-h\"><img decoding=\"async\" src=\"https:\/\/www.aaxe.be\/wp-content\/uploads\/2025\/04\/Aaxe-long-line.svg\" class=\"attachment-full size-full\" alt=\"\" loading=\"lazy\" title=\"\"><\/div><\/div><\/div><\/div><\/div><\/div><\/div><\/section><section class=\"l-section wpb_row height_auto\"><div class=\"l-section-h i-cf\"><div class=\"g-cols vc_row via_flex valign_top type_default stacking_default\"><div class=\"vc_col-sm-12 wpb_column vc_column_container\"><div class=\"vc_column-inner\"><div class=\"wpb_wrapper\"><\/div><\/div><\/div><\/div><\/div><\/section><section class=\"l-section wpb_row height_large\"><div class=\"l-section-h i-cf\"><div class=\"g-cols vc_row via_flex valign_top type_default stacking_default\"><div class=\"vc_col-sm-12 wpb_column vc_column_container\"><div class=\"vc_column-inner\"><div class=\"wpb_wrapper\"><div class=\"wpb_text_column tagtext left\"><div class=\"wpb_wrapper\"><p style=\"text-align: left;\">LUCRUL LA AAXE TITRES-SERVICES<\/p>\n<\/div><\/div><div class=\"w-separator size_small\"><\/div><div class=\"wpb_text_column us_custom_9eee4631\"><div class=\"wpb_wrapper\"><h2 style=\"text-align: left;\">Dori\u021bi s\u0103 v\u0103 al\u0103tura\u021bi unei echipe<strong>dinamice, multilingve<\/strong><br \/>\n<strong>?<\/strong><\/h2>\n<\/div><\/div><div class=\"w-separator size_small\"><\/div><div class=\"g-cols wpb_row via_flex valign_top type_default stacking_default\"><div class=\"vc_col-sm-6 wpb_column vc_column_container\"><div class=\"vc_column-inner\"><div class=\"wpb_wrapper\"><div class=\"wpb_text_column us_custom_f2746f9a has_text_color\"><div class=\"wpb_wrapper\"><h3>Angajat la Aaxe<\/h3>\n<\/div><\/div><div class=\"w-separator size_small\"><\/div><div class=\"wpb_text_column\"><div class=\"wpb_wrapper\"><p>Al\u0103tura\u021bi-v\u0103 echipei noastre multilingve, oferim un mediu de lucru stabil, oportunit\u0103\u021bi de dezvoltare \u0219i un mediu dinamic.<\/p>\n<ul>\n<li><span> <\/span>Un loc de munc\u0103 stabil, structurat.<\/li>\n<li><span> <\/span>Asisten\u021b\u0103 \u0219i formare.<\/li>\n<li><span> <\/span>O echip\u0103 profesionist\u0103 \u0219i dedicat\u0103.<\/li>\n<\/ul>\n<\/div><\/div><div class=\"w-separator size_small\"><\/div><div class=\"w-btn-wrapper align_none\"><a class=\"w-btn us-btn-style_1\" href=\"https:\/\/www.aaxe.be\/ro\/angajat\/\"><span class=\"w-btn-label\">Afla\u021bi mai multe<\/span><\/a><\/div><\/div><\/div><\/div><div class=\"vc_col-sm-6 wpb_column vc_column_container\"><div class=\"vc_column-inner\"><div class=\"wpb_wrapper\"><div class=\"wpb_text_column us_custom_f2746f9a has_text_color\"><div class=\"wpb_wrapper\"><h3>Ajutor menajer la Aaxe<\/h3>\n<\/div><\/div><div class=\"w-separator size_small\"><\/div><div class=\"wpb_text_column\"><div class=\"wpb_wrapper\"><p>Al\u0103tura\u021bi-v\u0103 unei echipe care v\u0103 apreciaz\u0103 munca. Garant\u0103m locuri de munc\u0103 sigure, asisten\u021b\u0103 personalizat\u0103 \u0219i condi\u021bii adaptate ritmului dumneavoastr\u0103.<\/p>\n<ul>\n<li><span> <\/span>Planificare organizat\u0103, flexibil\u0103.<\/li>\n<li><span> <\/span>Agen\u021bii multilingve.<\/li>\n<li><span> <\/span>Un cadru juridic clar \u0219i sigur<\/li>\n<li>Avantaje: tichete de mas\u0103, bonus de sf\u00e2r\u0219it de an, eco-vouchere etc.<\/li>\n<\/ul>\n<\/div><\/div><div class=\"w-separator size_small\"><\/div><div class=\"w-btn-wrapper align_none\"><a class=\"w-btn us-btn-style_1\" href=\"https:\/\/www.aaxe.be\/ro\/angajat\/angajat\/\"><span class=\"w-btn-label\">Afla\u021bi mai multe<\/span><\/a><\/div><\/div><\/div><\/div><\/div><\/div><\/div><\/div><\/div><\/div><\/section>\n","protected":false},"excerpt":{"rendered":"Bine a\u021bi venit la Aaxe Titres-Services Acas\u0103PaginiDe ce s\u0103 utiliza\u021bi Aaxe Titres-Services? 6 motive s\u0103 v\u0103 \u00eencredin\u021ba\u021bi treburile casnice lui Aaxe Titres-Services. A alege Aaxe \u00eenseamn\u0103 a opta pentru un serviciu de cur\u0103\u021benie \u0219i c\u0103lcat de \u00eencredere, eficient \u0219i adaptat nevoilor dumneavoastr\u0103. Afla\u021bi de ce mii de clien\u021bi au \u00eencredere \u00een noi \u00een fiecare zi....","protected":false},"author":1,"featured_media":3146,"parent":0,"menu_order":3,"comment_status":"closed","ping_status":"closed","template":"","meta":{"_acf_changed":false,"footnotes":""},"class_list":["post-3921","page","type-page","status-publish","has-post-thumbnail","hentry"],"acf":[],"_links":{"self":[{"href":"https:\/\/www.aaxe.be\/ro\/wp-json\/wp\/v2\/pages\/3921","targetHints":{"allow":["GET"]}}],"collection":[{"href":"https:\/\/www.aaxe.be\/ro\/wp-json\/wp\/v2\/pages"}],"about":[{"href":"https:\/\/www.aaxe.be\/ro\/wp-json\/wp\/v2\/types\/page"}],"author":[{"embeddable":true,"href":"https:\/\/www.aaxe.be\/ro\/wp-json\/wp\/v2\/users\/1"}],"replies":[{"embeddable":true,"href":"https:\/\/www.aaxe.be\/ro\/wp-json\/wp\/v2\/comments?post=3921"}],"version-history":[{"count":2,"href":"https:\/\/www.aaxe.be\/ro\/wp-json\/wp\/v2\/pages\/3921\/revisions"}],"predecessor-version":[{"id":4078,"href":"https:\/\/www.aaxe.be\/ro\/wp-json\/wp\/v2\/pages\/3921\/revisions\/4078"}],"wp:featuredmedia":[{"embeddable":true,"href":"https:\/\/www.aaxe.be\/ro\/wp-json\/wp\/v2\/media\/3146"}],"wp:attachment":[{"href":"https:\/\/www.aaxe.be\/ro\/wp-json\/wp\/v2\/media?parent=3921"}],"curies":[{"name":"wp","href":"https:\/\/api.w.org\/{rel}","templated":true}]}}